{"id":20178,"date":"2025-12-24T11:28:14","date_gmt":"2025-12-24T10:28:14","guid":{"rendered":"https:\/\/www.valaz.es\/?post_type=product&#038;p=20178"},"modified":"2026-03-05T00:23:09","modified_gmt":"2026-03-04T23:23:09","slug":"barra-de-ducha-monomando-redonda-ajustable-hasta-120cm-oro-mate-serie-valdivia","status":"publish","type":"product","link":"https:\/\/www.valaz.es\/en\/product\/barra-de-ducha-monomando-redonda-ajustable-hasta-120cm-oro-mate-serie-valdivia\/","title":{"rendered":"Barra de ducha monomando redonda ajustable hasta 120CM oro mate- Serie Valdivia"},"content":{"rendered":"<p class=\"\" data-start=\"77\" data-end=\"398\">La barra de ducha monomando de la Serie Valdivia oro mate ofrece un dise\u00f1o redondo y funcional, ideal para quienes buscan una instalaci\u00f3n sencilla y elegante. Su acabado en cromado proporciona un toque moderno y duradero, combinado con el control monomando para una experiencia de ducha c\u00f3moda y eficiente.<\/p>\n<p class=\"\" data-start=\"400\" data-end=\"422\"><strong data-start=\"400\" data-end=\"420\">Especificaciones<\/strong><\/p>\n<ul data-start=\"423\" data-end=\"656\">\n<li class=\"\" data-start=\"459\" data-end=\"493\">\n<p class=\"\" data-start=\"461\" data-end=\"493\"><strong data-start=\"461\" data-end=\"485\">Material del cuerpo:<\/strong> Lat\u00f3n<\/p>\n<\/li>\n<li class=\"\" data-start=\"494\" data-end=\"536\">\n<p class=\"\" data-start=\"496\" data-end=\"536\"><strong data-start=\"496\" data-end=\"517\">Rociador :<\/strong> Acero inoxidable<\/p>\n<\/li>\n<li><strong data-start=\"496\" data-end=\"517\">Flexo: <\/strong>Acero inoxidable<\/li>\n<li class=\"\" data-start=\"537\" data-end=\"567\">\n<p class=\"\" data-start=\"539\" data-end=\"567\"><strong data-start=\"539\" data-end=\"561\">Alcachofa de mano:<\/strong> PVC<\/p>\n<\/li>\n<li class=\"\" data-start=\"568\" data-end=\"623\">\n<p class=\"\" data-start=\"570\" data-end=\"623\"><strong data-start=\"570\" data-end=\"593\">Altura de la barra:<\/strong> Ajustable de 80 cm a 120cm<\/p>\n<\/li>\n<li class=\"\" data-start=\"568\" data-end=\"623\">\n<p class=\"\" data-start=\"570\" data-end=\"623\"><strong data-start=\"555\" data-end=\"567\">Acabado:<\/strong> Oro mate<\/p>\n<\/li>\n<li class=\"\" data-start=\"624\" data-end=\"656\">\n<p class=\"\" data-start=\"626\" data-end=\"656\"><strong>Instalaci\u00f3n:<\/strong> Distancia est\u00e1ndar de 15 cm entre tomas<\/p>\n<\/li>\n<\/ul>\n","protected":false},"excerpt":{"rendered":"<p>Serie Ebro es la cl\u00e1sica redonda que nos aportan elegancia y bienestar, perfecta para todo tipo de ba\u00f1os. \u00a0Disponemos de diferentes acabados cromados, acero cepillado, dorado cepillado, negro mate. Cuenta con barras de ducha\/ba\u00f1era, grifo de lavabo, grifo para pica , grifo de bid\u00e9, en la que encontraras grifos de ba\u00f1era exenta y t\u00f3tem.<\/p>\n<p>La garant\u00eda de todos nuestros productos es de 3 a\u00f1os, para funcionamiento, duraci\u00f3n del esmaltado y anticorrosi\u00f3n.<\/p>\n<p>Recomendamos para un correcto mantenimiento de la grifer\u00eda y evitar el deterioro por el uso. Secar las gotas de agua con un pa\u00f1o suave despu\u00e9s del uso, evitando que se posen en la superficie y deterioran el acabado, no utilizar esponjas que puedan rayar la grifer\u00eda, utilizar limpiadores como vinagre limpieza, agua caliente y jab\u00f3n con ph neutro.<\/p>\n<p>&nbsp;<\/p>\n<p><strong>Nuestro departamento\u00a0t\u00e9cnico\u00a0dispone de\u00a0gu\u00edas\u00a0de todos los\u00a0modelos\u00a0empotrados\u00a0que vendemos<\/strong><strong>,\u00a0si tiene alguna duda con la\u00a0instalaci\u00f3n\u00a0contacte con nosotros mediante\u00a0tel\u00e9fono,\u00a0WhatsApp\u00a0o email dentro del horario laboral indicado en la web.<\/strong><\/p>\n<p><strong>Recuerden que una vez instalado el cuerpo\u00a0empotrado\u00a0de la\u00a0grifer\u00eda\u00a0revisar de su correcto funcionamiento de paso de agua, comprobaci\u00f3n de cartuchos y corte de agua, si detecta alguna\u00a0anomal\u00eda\u00a0informe a nuestro\u00a0departamento\u00a0para darle una\u00a0soluci\u00f3n, no\u00a0contin\u00fae\u00a0con la\u00a0instalaci\u00f3n\u00a0de cerramiento de la pared.<\/strong><\/p>\n","protected":false},"featured_media":20155,"template":"","meta":[],"product_brand":[],"product_cat":[55,47],"product_tag":[],"serie":[409],"manual-de-instalacion":[],"color":[350],"class_list":{"0":"post-20178","1":"product","2":"type-product","3":"status-publish","4":"has-post-thumbnail","6":"product_cat-barras-de-ducha","7":"product_cat-duchas","8":"pa_tamano-rociador-20cm","9":"pa_tamano-rociador-25cm","10":"pa_tamano-rociador-30cm","11":"serie-valdivia","12":"color-oro-mate-cepillado","14":"first","15":"instock","16":"taxable","17":"shipping-taxable","18":"product-type-variable"},"_links":{"self":[{"href":"https:\/\/www.valaz.es\/en\/wp-json\/wp\/v2\/product\/20178","targetHints":{"allow":["GET"]}}],"collection":[{"href":"https:\/\/www.valaz.es\/en\/wp-json\/wp\/v2\/product"}],"about":[{"href":"https:\/\/www.valaz.es\/en\/wp-json\/wp\/v2\/types\/product"}],"wp:featuredmedia":[{"embeddable":true,"href":"https:\/\/www.valaz.es\/en\/wp-json\/wp\/v2\/media\/20155"}],"wp:attachment":[{"href":"https:\/\/www.valaz.es\/en\/wp-json\/wp\/v2\/media?parent=20178"}],"wp:term":[{"taxonomy":"product_brand","embeddable":true,"href":"https:\/\/www.valaz.es\/en\/wp-json\/wp\/v2\/product_brand?post=20178"},{"taxonomy":"product_cat","embeddable":true,"href":"https:\/\/www.valaz.es\/en\/wp-json\/wp\/v2\/product_cat?post=20178"},{"taxonomy":"product_tag","embeddable":true,"href":"https:\/\/www.valaz.es\/en\/wp-json\/wp\/v2\/product_tag?post=20178"},{"taxonomy":"serie","embeddable":true,"href":"https:\/\/www.valaz.es\/en\/wp-json\/wp\/v2\/serie?post=20178"},{"taxonomy":"manual-de-instalacion","embeddable":true,"href":"https:\/\/www.valaz.es\/en\/wp-json\/wp\/v2\/manual-de-instalacion?post=20178"},{"taxonomy":"color","embeddable":true,"href":"https:\/\/www.valaz.es\/en\/wp-json\/wp\/v2\/color?post=20178"}],"curies":[{"name":"wp","href":"https:\/\/api.w.org\/{rel}","templated":true}]}}