{"id":20117,"date":"2025-12-24T09:20:30","date_gmt":"2025-12-24T08:20:30","guid":{"rendered":"https:\/\/www.valaz.es\/?post_type=product&#038;p=20117"},"modified":"2025-12-24T09:24:47","modified_gmt":"2025-12-24T08:24:47","slug":"grifo-empotrado-de-lavabo-monomando-redondo-cromado-con-cano-de-20cm-serie-vaca","status":"publish","type":"product","link":"https:\/\/www.valaz.es\/en\/product\/grifo-empotrado-de-lavabo-monomando-redondo-cromado-con-cano-de-20cm-serie-vaca\/","title":{"rendered":"Grifo empotrado de lavabo monomando redondo cromado con ca\u00f1o de 20CM- Serie Vaca"},"content":{"rendered":"<p class=\"\" data-start=\"228\" data-end=\"701\">El grifo empotrado de lavabo de la Serie Vaca destaca por su dise\u00f1o redondo y su acabado cromado, ofreciendo una apariencia moderna y elegante. Con un ca\u00f1o de 21 cm, este grifo proporciona un flujo de agua c\u00f3modo y eficiente. Su sistema monomando permite un control preciso tanto del caudal como de la temperatura, brindando una experiencia de uso intuitiva y funcional. Ideal para quienes buscan una opci\u00f3n estilizada y de alto rendimiento para su ba\u00f1o.<\/p>\n<p class=\"\" data-start=\"703\" data-end=\"725\"><strong data-start=\"703\" data-end=\"723\">Especificaciones<\/strong><\/p>\n<ul data-start=\"726\" data-end=\"918\">\n<li class=\"\" data-start=\"726\" data-end=\"767\">\n<p class=\"\" data-start=\"728\" data-end=\"767\">Tipo de grifer\u00eda: empotrado monomando<\/p>\n<\/li>\n<li class=\"\" data-start=\"768\" data-end=\"788\">\n<p class=\"\" data-start=\"770\" data-end=\"788\">Dise\u00f1o: Redondo<\/p>\n<\/li>\n<li class=\"\" data-start=\"789\" data-end=\"809\">\n<p class=\"\" data-start=\"791\" data-end=\"809\">Acabado: cromado<\/p>\n<\/li>\n<li class=\"\" data-start=\"810\" data-end=\"825\">\n<p class=\"\" data-start=\"812\" data-end=\"825\">Ca\u00f1o: 20 cm<\/p>\n<\/li>\n<li class=\"\" data-start=\"826\" data-end=\"856\">\n<p class=\"\" data-start=\"828\" data-end=\"856\">Material del cuerpo: lat\u00f3n<\/p>\n<\/li>\n<li class=\"\" data-start=\"857\" data-end=\"918\">\n<p class=\"\" data-start=\"859\" data-end=\"918\">Funci\u00f3n: control de temperatura y flujo con un solo mando<\/p>\n<\/li>\n<\/ul>\n","protected":false},"excerpt":{"rendered":"<p>La serie Esla destaca por su acabado cuadrado con l\u00edneas ovaladas es cl\u00e1sica, sus acabados son dorado cepillado, cromado y negro mate. Disponemos de ducha empotrada monomando a techo o pared y a juego con su grifo de lavabo monomando empotrado<\/p>\n<p>&nbsp;<\/p>\n<p>La garant\u00eda de todos nuestros productos es de 3 a\u00f1os, para funcionamiento, duraci\u00f3n del esmaltado y anticorrosi\u00f3n.<\/p>\n<p>Recomendamos para un correcto mantenimiento de la grifer\u00eda y evitar el deterioro por el uso. Secar las gotas de agua con un pa\u00f1o suave despu\u00e9s del uso, evitando que se posen en la superficie y deterioran el acabado, no utilizar esponjas que puedan rayar la grifer\u00eda, utilizar limpiadores como vinagre limpieza, agua caliente y jab\u00f3n con ph neutro.<\/p>\n<p>&nbsp;<\/p>\n<p><strong>Nuestro departamento\u00a0t\u00e9cnico\u00a0dispone de\u00a0gu\u00edas\u00a0de todos los\u00a0modelos\u00a0empotrados\u00a0que vendemos<\/strong><strong>,\u00a0si tiene alguna duda con la\u00a0instalaci\u00f3n\u00a0contacte con nosotros mediante\u00a0tel\u00e9fono,\u00a0WhatsApp\u00a0o email dentro del horario laboral indicado en la web.<\/strong><\/p>\n<p><strong>Recuerden que una vez instalado el cuerpo\u00a0empotrado\u00a0de la\u00a0grifer\u00eda\u00a0revisar de su correcto funcionamiento de paso de agua, comprobaci\u00f3n de cartuchos y corte de agua, si detecta alguna\u00a0anomal\u00eda\u00a0informe a nuestro\u00a0departamento\u00a0para darle una\u00a0soluci\u00f3n, no\u00a0contin\u00fae\u00a0con la\u00a0instalaci\u00f3n\u00a0de cerramiento de la pared.<\/strong><\/p>\n<p>&nbsp;<\/p>\n","protected":false},"featured_media":20119,"template":"","meta":[],"product_brand":[],"product_cat":[48,58],"product_tag":[],"serie":[407],"manual-de-instalacion":[81],"color":[26],"class_list":{"0":"post-20117","1":"product","2":"type-product","3":"status-publish","4":"has-post-thumbnail","6":"product_cat-grifos-de-lavabo","7":"product_cat-grifos-de-lavabo-empotrados","8":"serie-vaca","9":"manual-de-instalacion-guia-instalacion-grifo-lavabo-empotrado-sin-caja","10":"color-cromo","12":"first","13":"instock","14":"taxable","15":"shipping-taxable","16":"product-type-simple"},"_links":{"self":[{"href":"https:\/\/www.valaz.es\/en\/wp-json\/wp\/v2\/product\/20117","targetHints":{"allow":["GET"]}}],"collection":[{"href":"https:\/\/www.valaz.es\/en\/wp-json\/wp\/v2\/product"}],"about":[{"href":"https:\/\/www.valaz.es\/en\/wp-json\/wp\/v2\/types\/product"}],"wp:featuredmedia":[{"embeddable":true,"href":"https:\/\/www.valaz.es\/en\/wp-json\/wp\/v2\/media\/20119"}],"wp:attachment":[{"href":"https:\/\/www.valaz.es\/en\/wp-json\/wp\/v2\/media?parent=20117"}],"wp:term":[{"taxonomy":"product_brand","embeddable":true,"href":"https:\/\/www.valaz.es\/en\/wp-json\/wp\/v2\/product_brand?post=20117"},{"taxonomy":"product_cat","embeddable":true,"href":"https:\/\/www.valaz.es\/en\/wp-json\/wp\/v2\/product_cat?post=20117"},{"taxonomy":"product_tag","embeddable":true,"href":"https:\/\/www.valaz.es\/en\/wp-json\/wp\/v2\/product_tag?post=20117"},{"taxonomy":"serie","embeddable":true,"href":"https:\/\/www.valaz.es\/en\/wp-json\/wp\/v2\/serie?post=20117"},{"taxonomy":"manual-de-instalacion","embeddable":true,"href":"https:\/\/www.valaz.es\/en\/wp-json\/wp\/v2\/manual-de-instalacion?post=20117"},{"taxonomy":"color","embeddable":true,"href":"https:\/\/www.valaz.es\/en\/wp-json\/wp\/v2\/color?post=20117"}],"curies":[{"name":"wp","href":"https:\/\/api.w.org\/{rel}","templated":true}]}}