{"id":19633,"date":"2025-10-30T17:18:16","date_gmt":"2025-10-30T16:18:16","guid":{"rendered":"https:\/\/www.valaz.es\/?post_type=product&#038;p=19633"},"modified":"2026-02-19T10:23:10","modified_gmt":"2026-02-19T09:23:10","slug":"ducha-empotrada-monomando-redonda-a-pared-oro-mate-serie-guadiana","status":"publish","type":"product","link":"https:\/\/www.valaz.es\/en\/product\/ducha-empotrada-monomando-redonda-a-pared-oro-mate-serie-guadiana\/","title":{"rendered":"Ducha empotrada monomando redonda a pared oro mate &#8211; Serie Guadiana"},"content":{"rendered":"<p class=\"\" data-start=\"143\" data-end=\"473\">Ducha empotrada redonda con instalaci\u00f3n a pared y elegante acabado oro mate. Dise\u00f1ada para ofrecer funcionalidad y estilo en un solo conjunto, cuenta con dos v\u00edas de salida que permiten elegir entre el rociador efecto lluvia y la alcachofa de mano, ideal para una experiencia de ducha vers\u00e1til y moderna.<\/p>\n<p class=\"\" data-start=\"475\" data-end=\"497\"><strong data-start=\"475\" data-end=\"495\">Especificaciones<\/strong><\/p>\n<ul data-start=\"498\" data-end=\"707\">\n<li class=\"\" data-start=\"498\" data-end=\"532\">\n<p class=\"\" data-start=\"500\" data-end=\"532\">Cuerpo de la grifer\u00eda en lat\u00f3n<\/p>\n<\/li>\n<li class=\"\" data-start=\"533\" data-end=\"565\">\n<p class=\"\" data-start=\"535\" data-end=\"565\">Rociador de acero inoxidable<\/p>\n<\/li>\n<li class=\"\" data-start=\"566\" data-end=\"594\">\n<p class=\"\" data-start=\"568\" data-end=\"594\">Alcachofa de mano de PVC<\/p>\n<\/li>\n<li class=\"\" data-start=\"595\" data-end=\"611\">\n<p class=\"\" data-start=\"597\" data-end=\"611\">Flexo de PVC<\/p>\n<\/li>\n<li class=\"\" data-start=\"612\" data-end=\"641\">\n<p class=\"\" data-start=\"614\" data-end=\"641\">Acabado: oro mate<\/p>\n<\/li>\n<li class=\"\" data-start=\"642\" data-end=\"673\">\n<p class=\"\" data-start=\"644\" data-end=\"673\">Sistema monomando de 2 v\u00edas<\/p>\n<\/li>\n<li class=\"\" data-start=\"674\" data-end=\"707\">\n<p class=\"\" data-start=\"676\" data-end=\"707\">Instalaci\u00f3n empotrada a pared<\/p>\n<\/li>\n<li data-start=\"674\" data-end=\"707\">Incluye cuerpo empotrable<\/li>\n<\/ul>\n","protected":false},"excerpt":{"rendered":"<p>Serie Guadiana con l\u00edneas curvas y redondas, destacada por su sencillez y elegancia, una de nuestras series m\u00e1s minimalista y moderna. Disponemos de ducha empotrada tanto a pared como a techo, grifo de lavabo empotrado, grifo de bid\u00e9 empotrado. Es una de las series m\u00e1s completas en cuanto a productos con la mejor relaci\u00f3n calidad precio y unos acabados en cromado, dorado cepillado, negro mate, acero cepillado, Gun metal, dorado envejecido, blanco.<\/p>\n<p>La garant\u00eda de todos nuestros productos es de 3 a\u00f1os, para funcionamiento, duraci\u00f3n del esmaltado y anticorrosi\u00f3n.<\/p>\n<p>Recomendamos para un correcto mantenimiento de la grifer\u00eda y evitar el deterioro por el uso. Secar las gotas de agua con un pa\u00f1o suave despu\u00e9s del uso, evitando que se posen en la superficie y deterioran el acabado, no utilizar esponjas que puedan rayar la grifer\u00eda, utilizar limpiadores como vinagre limpieza, agua caliente y jab\u00f3n con pH neutro.<\/p>\n<p>&nbsp;<\/p>\n<p><strong>Nuestro departamento\u00a0t\u00e9cnico\u00a0dispone de\u00a0gu\u00edas\u00a0de todos los\u00a0modelos\u00a0empotrados\u00a0que vendemos<\/strong><strong>,\u00a0si tiene alguna duda con la\u00a0instalaci\u00f3n\u00a0contacte con nosotros mediante\u00a0tel\u00e9fono,\u00a0WhatsApp\u00a0o email dentro del horario laboral indicado en la web.<\/strong><\/p>\n<p><strong>Recuerden que una vez instalado el cuerpo\u00a0empotrado\u00a0de la\u00a0grifer\u00eda\u00a0revisar de su correcto funcionamiento de paso de agua, comprobaci\u00f3n de cartuchos y corte de agua, si detecta alguna\u00a0anomal\u00eda\u00a0informe a nuestro\u00a0departamento\u00a0para darle una\u00a0soluci\u00f3n, no\u00a0contin\u00fae\u00a0con la\u00a0instalaci\u00f3n\u00a0de cerramiento de la pared.<\/strong><\/p>\n","protected":false},"featured_media":20106,"template":"","meta":[],"product_brand":[],"product_cat":[57,47],"product_tag":[],"serie":[63],"manual-de-instalacion":[404],"color":[350],"class_list":{"0":"post-19633","1":"product","2":"type-product","3":"status-publish","4":"has-post-thumbnail","6":"product_cat-duchas-empotradas","7":"product_cat-duchas","8":"pa_tamano-rociador-20cm","9":"pa_tamano-rociador-25cm","10":"pa_tamano-rociador-30cm","11":"serie-guadiana","12":"manual-de-instalacion-manual-gd004-2-vias","13":"color-oro-mate-cepillado","15":"first","16":"outofstock","17":"taxable","18":"shipping-taxable","19":"product-type-variable"},"_links":{"self":[{"href":"https:\/\/www.valaz.es\/en\/wp-json\/wp\/v2\/product\/19633","targetHints":{"allow":["GET"]}}],"collection":[{"href":"https:\/\/www.valaz.es\/en\/wp-json\/wp\/v2\/product"}],"about":[{"href":"https:\/\/www.valaz.es\/en\/wp-json\/wp\/v2\/types\/product"}],"wp:featuredmedia":[{"embeddable":true,"href":"https:\/\/www.valaz.es\/en\/wp-json\/wp\/v2\/media\/20106"}],"wp:attachment":[{"href":"https:\/\/www.valaz.es\/en\/wp-json\/wp\/v2\/media?parent=19633"}],"wp:term":[{"taxonomy":"product_brand","embeddable":true,"href":"https:\/\/www.valaz.es\/en\/wp-json\/wp\/v2\/product_brand?post=19633"},{"taxonomy":"product_cat","embeddable":true,"href":"https:\/\/www.valaz.es\/en\/wp-json\/wp\/v2\/product_cat?post=19633"},{"taxonomy":"product_tag","embeddable":true,"href":"https:\/\/www.valaz.es\/en\/wp-json\/wp\/v2\/product_tag?post=19633"},{"taxonomy":"serie","embeddable":true,"href":"https:\/\/www.valaz.es\/en\/wp-json\/wp\/v2\/serie?post=19633"},{"taxonomy":"manual-de-instalacion","embeddable":true,"href":"https:\/\/www.valaz.es\/en\/wp-json\/wp\/v2\/manual-de-instalacion?post=19633"},{"taxonomy":"color","embeddable":true,"href":"https:\/\/www.valaz.es\/en\/wp-json\/wp\/v2\/color?post=19633"}],"curies":[{"name":"wp","href":"https:\/\/api.w.org\/{rel}","templated":true}]}}