{"id":19423,"date":"2025-09-29T09:02:54","date_gmt":"2025-09-29T07:02:54","guid":{"rendered":"https:\/\/www.valaz.es\/?post_type=product&#038;p=19423"},"modified":"2025-12-22T13:41:56","modified_gmt":"2025-12-22T12:41:56","slug":"ducha-empotrada-a-ras-techo-cromado-con-rociador-extraplano-serie-limia","status":"publish","type":"product","link":"https:\/\/www.valaz.es\/en\/product\/ducha-empotrada-a-ras-techo-cromado-con-rociador-extraplano-serie-limia\/","title":{"rendered":"Ducha empotrada a ras techo cromado con rociador extraplano &#8211; Serie Limia"},"content":{"rendered":"<p data-start=\"370\" data-end=\"666\">La ducha empotrada a ras de techo de la <strong data-start=\"410\" data-end=\"425\">Serie Limia<\/strong> en acabado <strong data-start=\"437\" data-end=\"451\">cromado<\/strong>\u00a0redefine el concepto de elegancia y funcionalidad en el ba\u00f1o. Su dise\u00f1o ultrafino y totalmente integrado en el techo ofrece una est\u00e9tica limpia y minimalista, ideal para espacios de inspiraci\u00f3n contempor\u00e1nea o spa.<\/p>\n<p data-start=\"668\" data-end=\"917\">El <strong data-start=\"671\" data-end=\"694\">rociador extraplano<\/strong> proporciona una ca\u00edda de agua envolvente tipo lluvia, para una experiencia de ducha relajante y uniforme. Fabricado con materiales de alta calidad y un recubrimiento negro mate resistente, es tan duradero como sofisticado.<\/p>\n<ul>\n<li data-start=\"962\" data-end=\"1369\"><strong data-start=\"964\" data-end=\"994\">Instalaci\u00f3n a ras de techo<\/strong>, sin elementos visibles<\/li>\n<li data-start=\"962\" data-end=\"1369\"><strong data-start=\"1023\" data-end=\"1046\">Rociador extraplano<\/strong>, estilo lluvia, para una sensaci\u00f3n de spa en casa<\/li>\n<li data-start=\"962\" data-end=\"1369\"><strong data-start=\"1101\" data-end=\"1123\">Acabado cromado<\/strong>, elegante, antihuellas y resistente a la corrosi\u00f3n<\/li>\n<li data-start=\"962\" data-end=\"1369\"><strong data-start=\"1179\" data-end=\"1201\">Dise\u00f1o minimalista<\/strong>, perfecto para ba\u00f1os modernos<\/li>\n<li data-start=\"962\" data-end=\"1369\"><strong data-start=\"1236\" data-end=\"1259\">Fabricaci\u00f3n robusta<\/strong>, materiales de alta calidad y larga duraci\u00f3n<\/li>\n<li data-start=\"962\" data-end=\"1369\"><strong data-start=\"1309\" data-end=\"1324\">Serie Limia<\/strong>, combinable con grifer\u00edas empotradas a juego<\/li>\n<\/ul>\n","protected":false},"excerpt":{"rendered":"<p>La ducha empotrada a ras de techo de la Serie  [&#8230;]<\/p>\n","protected":false},"featured_media":19419,"template":"","meta":[],"product_brand":[],"product_cat":[57],"product_tag":[],"serie":[408],"manual-de-instalacion":[],"color":[],"class_list":{"0":"post-19423","1":"product","2":"type-product","3":"status-publish","4":"has-post-thumbnail","6":"product_cat-duchas-empotradas","7":"serie-limia","9":"first","10":"instock","11":"taxable","12":"shipping-taxable","13":"product-type-variable"},"_links":{"self":[{"href":"https:\/\/www.valaz.es\/en\/wp-json\/wp\/v2\/product\/19423","targetHints":{"allow":["GET"]}}],"collection":[{"href":"https:\/\/www.valaz.es\/en\/wp-json\/wp\/v2\/product"}],"about":[{"href":"https:\/\/www.valaz.es\/en\/wp-json\/wp\/v2\/types\/product"}],"wp:featuredmedia":[{"embeddable":true,"href":"https:\/\/www.valaz.es\/en\/wp-json\/wp\/v2\/media\/19419"}],"wp:attachment":[{"href":"https:\/\/www.valaz.es\/en\/wp-json\/wp\/v2\/media?parent=19423"}],"wp:term":[{"taxonomy":"product_brand","embeddable":true,"href":"https:\/\/www.valaz.es\/en\/wp-json\/wp\/v2\/product_brand?post=19423"},{"taxonomy":"product_cat","embeddable":true,"href":"https:\/\/www.valaz.es\/en\/wp-json\/wp\/v2\/product_cat?post=19423"},{"taxonomy":"product_tag","embeddable":true,"href":"https:\/\/www.valaz.es\/en\/wp-json\/wp\/v2\/product_tag?post=19423"},{"taxonomy":"serie","embeddable":true,"href":"https:\/\/www.valaz.es\/en\/wp-json\/wp\/v2\/serie?post=19423"},{"taxonomy":"manual-de-instalacion","embeddable":true,"href":"https:\/\/www.valaz.es\/en\/wp-json\/wp\/v2\/manual-de-instalacion?post=19423"},{"taxonomy":"color","embeddable":true,"href":"https:\/\/www.valaz.es\/en\/wp-json\/wp\/v2\/color?post=19423"}],"curies":[{"name":"wp","href":"https:\/\/api.w.org\/{rel}","templated":true}]}}