{"id":18942,"date":"2025-08-07T09:43:32","date_gmt":"2025-08-07T07:43:32","guid":{"rendered":"https:\/\/www.valaz.es\/?post_type=product&#038;p=18942"},"modified":"2025-10-01T09:15:54","modified_gmt":"2025-10-01T07:15:54","slug":"ducha-empotrada-redonda-a-pared-en-oro-mate-con-proteccion-pvd-serie-vaca","status":"publish","type":"product","link":"https:\/\/www.valaz.es\/en\/product\/ducha-empotrada-redonda-a-pared-en-oro-mate-con-proteccion-pvd-serie-vaca\/","title":{"rendered":"Ducha empotrada redonda a pared en oro mate con protecci\u00f3n PVD &#8211; Serie Vaca"},"content":{"rendered":"<p class=\"\" data-start=\"224\" data-end=\"659\">La ducha empotrada redonda a pared de la serie Vaca en oro mate con protecci\u00f3n PVD ofrece un dise\u00f1o moderno y elegante para tu ba\u00f1o. Con un rociador de efecto lluvia, un monomando de 2 v\u00edas para alternar entre el rociador y la alcachofa de mano, y un flexo de 150 cm, garantiza una experiencia de ducha lujosa y funcional. El acabado oro mate con protecci\u00f3n PVD asegura durabilidad y resistencia al paso del tiempo.<\/p>\n<p class=\"\" data-start=\"661\" data-end=\"684\"><strong data-start=\"661\" data-end=\"682\">Especificaciones:<\/strong><\/p>\n<ul data-start=\"685\" data-end=\"1131\">\n<li class=\"\" data-start=\"685\" data-end=\"785\">\n<p class=\"\" data-start=\"687\" data-end=\"785\"><strong data-start=\"687\" data-end=\"696\">Tipo:<\/strong> Ducha empotrada monomando a pared, 2 v\u00edas (rociador efecto lluvia y alcachofa de mano)<\/p>\n<\/li>\n<li class=\"\" data-start=\"786\" data-end=\"928\">\n<p class=\"\" data-start=\"788\" data-end=\"805\"><strong data-start=\"788\" data-end=\"803\">Materiales:<\/strong><\/p>\n<ul data-start=\"808\" data-end=\"928\">\n<li class=\"\" data-start=\"808\" data-end=\"840\">\n<p class=\"\" data-start=\"810\" data-end=\"840\">Rociador de acero inoxidable<\/p>\n<\/li>\n<li class=\"\" data-start=\"843\" data-end=\"865\">\n<p class=\"\" data-start=\"845\" data-end=\"865\">Monomando de lat\u00f3n<\/p>\n<\/li>\n<li class=\"\" data-start=\"868\" data-end=\"896\">\n<p class=\"\" data-start=\"870\" data-end=\"896\">Alcachofa de mano de PVC<\/p>\n<\/li>\n<li class=\"\" data-start=\"899\" data-end=\"928\">\n<p class=\"\" data-start=\"901\" data-end=\"928\">Flexo de acero inoxidable<\/p>\n<\/li>\n<\/ul>\n<\/li>\n<li class=\"\" data-start=\"929\" data-end=\"973\">\n<p class=\"\" data-start=\"931\" data-end=\"973\"><strong data-start=\"931\" data-end=\"943\">Acabado:<\/strong> Oro mate con protecci\u00f3n PVD<\/p>\n<\/li>\n<li class=\"\" data-start=\"974\" data-end=\"1068\">\n<p class=\"\" data-start=\"976\" data-end=\"992\"><strong data-start=\"976\" data-end=\"990\">Funciones:<\/strong><\/p>\n<ul data-start=\"995\" data-end=\"1068\">\n<li class=\"\" data-start=\"995\" data-end=\"1025\">\n<p class=\"\" data-start=\"997\" data-end=\"1025\">Efecto lluvia del rociador<\/p>\n<\/li>\n<li class=\"\" data-start=\"1028\" data-end=\"1068\">\n<p class=\"\" data-start=\"1030\" data-end=\"1068\">Salida de agua por alcachofa de mano<\/p>\n<\/li>\n<\/ul>\n<\/li>\n<li class=\"\" data-start=\"1069\" data-end=\"1131\">\n<p class=\"\" data-start=\"1071\" data-end=\"1131\"><strong data-start=\"1071\" data-end=\"1108\">Tama\u00f1os del rociador disponibles:<\/strong> 20 cm, 25 cm y 30 cm<\/p>\n<\/li>\n<\/ul>\n","protected":false},"excerpt":{"rendered":"<p>La ducha empotrada redonda a pared de la serie Vaca  [&#8230;]<\/p>\n","protected":false},"featured_media":19259,"template":"","meta":[],"product_brand":[],"product_cat":[57,47],"product_tag":[],"serie":[407],"manual-de-instalacion":[],"color":[350],"class_list":{"0":"post-18942","1":"product","2":"type-product","3":"status-publish","4":"has-post-thumbnail","6":"product_cat-duchas-empotradas","7":"product_cat-duchas","8":"pa_tamano-rociador-20cm","9":"pa_tamano-rociador-25cm","10":"pa_tamano-rociador-30cm","11":"serie-vaca","12":"color-oro-mate-cepillado","14":"first","15":"instock","16":"taxable","17":"shipping-taxable","18":"product-type-variable"},"_links":{"self":[{"href":"https:\/\/www.valaz.es\/en\/wp-json\/wp\/v2\/product\/18942","targetHints":{"allow":["GET"]}}],"collection":[{"href":"https:\/\/www.valaz.es\/en\/wp-json\/wp\/v2\/product"}],"about":[{"href":"https:\/\/www.valaz.es\/en\/wp-json\/wp\/v2\/types\/product"}],"wp:featuredmedia":[{"embeddable":true,"href":"https:\/\/www.valaz.es\/en\/wp-json\/wp\/v2\/media\/19259"}],"wp:attachment":[{"href":"https:\/\/www.valaz.es\/en\/wp-json\/wp\/v2\/media?parent=18942"}],"wp:term":[{"taxonomy":"product_brand","embeddable":true,"href":"https:\/\/www.valaz.es\/en\/wp-json\/wp\/v2\/product_brand?post=18942"},{"taxonomy":"product_cat","embeddable":true,"href":"https:\/\/www.valaz.es\/en\/wp-json\/wp\/v2\/product_cat?post=18942"},{"taxonomy":"product_tag","embeddable":true,"href":"https:\/\/www.valaz.es\/en\/wp-json\/wp\/v2\/product_tag?post=18942"},{"taxonomy":"serie","embeddable":true,"href":"https:\/\/www.valaz.es\/en\/wp-json\/wp\/v2\/serie?post=18942"},{"taxonomy":"manual-de-instalacion","embeddable":true,"href":"https:\/\/www.valaz.es\/en\/wp-json\/wp\/v2\/manual-de-instalacion?post=18942"},{"taxonomy":"color","embeddable":true,"href":"https:\/\/www.valaz.es\/en\/wp-json\/wp\/v2\/color?post=18942"}],"curies":[{"name":"wp","href":"https:\/\/api.w.org\/{rel}","templated":true}]}}