{"id":18907,"date":"2025-08-07T09:26:33","date_gmt":"2025-08-07T07:26:33","guid":{"rendered":"https:\/\/www.valaz.es\/?post_type=product&#038;p=18907"},"modified":"2025-09-25T16:00:37","modified_gmt":"2025-09-25T14:00:37","slug":"ducha-empotrada-monomando-a-techo-cuadrada-negro-mate-serie-limia","status":"publish","type":"product","link":"https:\/\/www.valaz.es\/en\/product\/ducha-empotrada-monomando-a-techo-cuadrada-negro-mate-serie-limia\/","title":{"rendered":"Ducha empotrada monomando a techo cuadrada negro mate &#8211; Serie Limia"},"content":{"rendered":"<p class=\"\" data-start=\"72\" data-end=\"456\">Esta ducha empotrada de techo de la Serie Limia destaca por su dise\u00f1o moderno y elegante en negro mate. Su instalaci\u00f3n a techo permite una ca\u00edda de agua tipo lluvia directa y envolvente, ideal para quienes buscan una experiencia de ducha envolvente sin elementos a la vista. El monomando de 2 v\u00edas permite alternar entre el rociador y la alcachofa de mano f\u00e1cilmente.<\/p>\n<p class=\"\" data-start=\"458\" data-end=\"480\"><strong data-start=\"458\" data-end=\"478\">Especificaciones<\/strong><\/p>\n<ul data-start=\"481\" data-end=\"871\">\n<li class=\"\" data-start=\"481\" data-end=\"521\">\n<p class=\"\" data-start=\"483\" data-end=\"521\"><strong data-start=\"483\" data-end=\"501\">Tipo de ducha:<\/strong> Empotrada a techo<\/p>\n<\/li>\n<li class=\"\" data-start=\"522\" data-end=\"546\">\n<p class=\"\" data-start=\"524\" data-end=\"546\"><strong data-start=\"524\" data-end=\"535\">Dise\u00f1o:<\/strong> Cuadrado<\/p>\n<\/li>\n<li class=\"\" data-start=\"547\" data-end=\"574\">\n<p class=\"\" data-start=\"549\" data-end=\"574\"><strong data-start=\"549\" data-end=\"561\">Acabado:<\/strong> Negro mate<\/p>\n<\/li>\n<li class=\"\" data-start=\"575\" data-end=\"659\">\n<p class=\"\" data-start=\"577\" data-end=\"659\"><strong data-start=\"577\" data-end=\"590\">Rociador:<\/strong> Disponible en tama\u00f1os 20&#215;20, 25&#215;25 y 30&#215;30 cm, con soporte a techo<\/p>\n<\/li>\n<li class=\"\" data-start=\"660\" data-end=\"730\">\n<p class=\"\" data-start=\"662\" data-end=\"730\"><strong data-start=\"662\" data-end=\"676\">Monomando:<\/strong> 2 v\u00edas (rociador efecto lluvia y alcachofa de mano)<\/p>\n<\/li>\n<li class=\"\" data-start=\"731\" data-end=\"871\">\n<p class=\"\" data-start=\"733\" data-end=\"750\"><strong data-start=\"733\" data-end=\"748\">Materiales:<\/strong><\/p>\n<ul data-start=\"753\" data-end=\"871\">\n<li class=\"\" data-start=\"753\" data-end=\"785\">\n<p class=\"\" data-start=\"755\" data-end=\"785\">Rociador de acero inoxidable<\/p>\n<\/li>\n<li class=\"\" data-start=\"788\" data-end=\"810\">\n<p class=\"\" data-start=\"790\" data-end=\"810\">Monomando de lat\u00f3n<\/p>\n<\/li>\n<li class=\"\" data-start=\"813\" data-end=\"849\">\n<p class=\"\" data-start=\"815\" data-end=\"849\">Alcachofa de mano de lat\u00f3n<\/p>\n<\/li>\n<li class=\"\" data-start=\"813\" data-end=\"849\">\n<p class=\"\" data-start=\"815\" data-end=\"849\">Flexo de PVC (150 cm)<\/p>\n<\/li>\n<\/ul>\n<\/li>\n<\/ul>\n","protected":false},"excerpt":{"rendered":"<p>Serie Tajo l\u00edneas rectas y cuadradas que aportan estilo y dise\u00f1o a cualquier ba\u00f1o. Actualmente disponemos de diferentes acabados cromado, dorado cepillado, negro mate. Tenemos Ducha empotradas cuadrada a techo y pared, grifo empotrado a pared, grifo de bid\u00e9 empotrado.<\/p>\n<p>&nbsp;<\/p>\n<p>La garant\u00eda de todos nuestros productos es de 3 a\u00f1os, para funcionamiento, duraci\u00f3n del esmaltado y anticorrosi\u00f3n.<\/p>\n<p>Recomendamos para un correcto mantenimiento de la grifer\u00eda y evitar el deterioro por el uso. Secar las gotas de agua con un pa\u00f1o suave despu\u00e9s del uso, evitando que se posen en la superficie y deterioran el acabado, no utilizar esponjas que puedan rayar la grifer\u00eda, utilizar limpiadores como vinagre limpieza, agua caliente y jab\u00f3n con ph neutro.<\/p>\n<p>&nbsp;<\/p>\n<p>Nuestro departamento t\u00e9cnico dispone de gu\u00edas de todos los modelos empotrados que vendemos, si tiene alguna duda con la instalaci\u00f3n contacte con nosotros mediante tel\u00e9fono, WhatsApp o email dentro del horario laboral indicado en la web.<\/p>\n<p>Recuerden que una vez instalado el cuerpo empotrado de la grifer\u00eda revisar de su correcto funcionamiento de paso de agua, comprobaci\u00f3n de cartuchos y corte de agua, si detecta alguna anomal\u00eda informe a nuestro departamento para darle una soluci\u00f3n, no contin\u00fae con la instalaci\u00f3n de cerramiento de la pared.<\/p>\n","protected":false},"featured_media":19253,"template":"","meta":[],"product_brand":[],"product_cat":[57],"product_tag":[],"serie":[408],"manual-de-instalacion":[],"color":[27],"class_list":{"0":"post-18907","1":"product","2":"type-product","3":"status-publish","4":"has-post-thumbnail","6":"product_cat-duchas-empotradas","7":"pa_tamano-rociador-20cm","8":"pa_tamano-rociador-25cm","9":"pa_tamano-rociador-30cm","10":"pa_tamano-rociador-40cm","11":"serie-limia","12":"color-negro-mate","14":"first","15":"instock","16":"taxable","17":"shipping-taxable","18":"product-type-variable"},"_links":{"self":[{"href":"https:\/\/www.valaz.es\/en\/wp-json\/wp\/v2\/product\/18907","targetHints":{"allow":["GET"]}}],"collection":[{"href":"https:\/\/www.valaz.es\/en\/wp-json\/wp\/v2\/product"}],"about":[{"href":"https:\/\/www.valaz.es\/en\/wp-json\/wp\/v2\/types\/product"}],"wp:featuredmedia":[{"embeddable":true,"href":"https:\/\/www.valaz.es\/en\/wp-json\/wp\/v2\/media\/19253"}],"wp:attachment":[{"href":"https:\/\/www.valaz.es\/en\/wp-json\/wp\/v2\/media?parent=18907"}],"wp:term":[{"taxonomy":"product_brand","embeddable":true,"href":"https:\/\/www.valaz.es\/en\/wp-json\/wp\/v2\/product_brand?post=18907"},{"taxonomy":"product_cat","embeddable":true,"href":"https:\/\/www.valaz.es\/en\/wp-json\/wp\/v2\/product_cat?post=18907"},{"taxonomy":"product_tag","embeddable":true,"href":"https:\/\/www.valaz.es\/en\/wp-json\/wp\/v2\/product_tag?post=18907"},{"taxonomy":"serie","embeddable":true,"href":"https:\/\/www.valaz.es\/en\/wp-json\/wp\/v2\/serie?post=18907"},{"taxonomy":"manual-de-instalacion","embeddable":true,"href":"https:\/\/www.valaz.es\/en\/wp-json\/wp\/v2\/manual-de-instalacion?post=18907"},{"taxonomy":"color","embeddable":true,"href":"https:\/\/www.valaz.es\/en\/wp-json\/wp\/v2\/color?post=18907"}],"curies":[{"name":"wp","href":"https:\/\/api.w.org\/{rel}","templated":true}]}}