{"id":18233,"date":"2025-06-24T13:28:30","date_gmt":"2025-06-24T11:28:30","guid":{"rendered":"https:\/\/www.valaz.es\/?post_type=product&#038;p=18233"},"modified":"2025-09-22T09:54:19","modified_gmt":"2025-09-22T07:54:19","slug":"grifo-de-lavabo-encastrado-monomando-alto-para-pica-acero-cepillado-serie-guadalope","status":"publish","type":"product","link":"https:\/\/www.valaz.es\/en\/product\/grifo-de-lavabo-encastrado-monomando-alto-para-pica-acero-cepillado-serie-guadalope\/","title":{"rendered":"Grifo de lavabo encastrado monomando alto para pica acero cepillado &#8211; Serie Guadalope"},"content":{"rendered":"<p class=\"\" data-start=\"1355\" data-end=\"1792\">El grifo de lavabo encastrado monomando alto para pica de la Serie Guadalope en acabado acero cepillado es una opci\u00f3n perfecta para quienes buscan un estilo brillante y moderno. Su dise\u00f1o alto y su ca\u00f1o giratorio de 360\u00ba proporcionan comodidad y accesibilidad, mientras que el acabado cromado garantiza una apariencia impecable y f\u00e1cil de mantener. Ideal para quienes buscan un toque de sofisticaci\u00f3n con un acabado resistente.<\/p>\n<p class=\"\" data-start=\"1794\" data-end=\"1817\"><strong data-start=\"1794\" data-end=\"1814\">Especificaciones<\/strong>:<\/p>\n<ul data-start=\"1818\" data-end=\"2077\">\n<li class=\"\" data-start=\"1818\" data-end=\"1867\">\n<p class=\"\" data-start=\"1820\" data-end=\"1867\"><strong data-start=\"1820\" data-end=\"1828\">Tipo<\/strong>: Monomando encastrado alto para pica<\/p>\n<\/li>\n<li class=\"\" data-start=\"1868\" data-end=\"1900\">\n<p class=\"\" data-start=\"1870\" data-end=\"1900\"><strong data-start=\"1870\" data-end=\"1880\">Dise\u00f1o<\/strong>: Alto y giratorio<\/p>\n<\/li>\n<li class=\"\" data-start=\"1901\" data-end=\"1938\">\n<p class=\"\" data-start=\"1903\" data-end=\"1938\"><strong data-start=\"1903\" data-end=\"1915\">Rotaci\u00f3n<\/strong>: Ca\u00f1o giratorio 360\u00ba<\/p>\n<\/li>\n<li class=\"\" data-start=\"1939\" data-end=\"1981\">\n<p class=\"\" data-start=\"1941\" data-end=\"1981\"><strong data-start=\"1941\" data-end=\"1964\">Material del cuerpo<\/strong>: acero cepillado<\/p>\n<\/li>\n<li class=\"\" data-start=\"1982\" data-end=\"2017\">\n<p class=\"\" data-start=\"1984\" data-end=\"2017\"><strong data-start=\"1984\" data-end=\"1996\">Cartucho<\/strong>: Cer\u00e1mico de 35 mm<\/p>\n<\/li>\n<li class=\"\" data-start=\"2018\" data-end=\"2044\">\n<p class=\"\" data-start=\"2020\" data-end=\"2044\"><strong data-start=\"2020\" data-end=\"2035\">Latiguillos<\/strong>: 50 cm<\/p>\n<\/li>\n<li class=\"\" data-start=\"2045\" data-end=\"2077\">\n<p class=\"\" data-start=\"2047\" data-end=\"2077\"><strong data-start=\"2047\" data-end=\"2058\">Acabado<\/strong>: Cromado brillante<\/p>\n<\/li>\n<\/ul>\n","protected":false},"excerpt":{"rendered":"<p>Serie Guadalope con acabado redondos, destacada su dise\u00f1o con las partes del grifo por separado la hace diferente por su elegancia y su funcionalidad. Por un lado, est\u00e1 el ca\u00f1o con el cuerpo de la grifer\u00eda en lat\u00f3n y por otro lado el monomando con su cartucho de cer\u00e1mico de 35mm, latiguillos de 50 cm, sus acabados son dorado cepillado, negro y cromado.<\/p>\n<p>La garant\u00eda de todos nuestros productos es de 3 a\u00f1os, para funcionamiento, duraci\u00f3n del esmaltado y anticorrosi\u00f3n.<\/p>\n<p>Recomendamos para un correcto mantenimiento de la grifer\u00eda y evitar el deterioro por el uso. Secar las gotas de agua con un pa\u00f1o suave despu\u00e9s del uso, evitando que se posen en la superficie y deterioran el acabado, no utilizar esponjas que puedan rayar la grifer\u00eda, utilizar limpiadores como vinagre limpieza, agua caliente y jab\u00f3n con ph neutro.<\/p>\n<p>&nbsp;<\/p>\n<p><strong>Nuestro departamento\u00a0t\u00e9cnico\u00a0dispone de\u00a0gu\u00edas\u00a0de todos los\u00a0modelos\u00a0empotrados\u00a0que vendemos<\/strong><strong>,\u00a0si tiene alguna duda con la\u00a0instalaci\u00f3n\u00a0contacte con nosotros mediante\u00a0tel\u00e9fono,\u00a0WhatsApp\u00a0o email dentro del horario laboral indicado en la web.<\/strong><\/p>\n<p><strong>Recuerden que una vez instalado el cuerpo\u00a0empotrado\u00a0de la\u00a0grifer\u00eda\u00a0revisar de su correcto funcionamiento de paso de agua, comprobaci\u00f3n de cartuchos y corte de agua, si detecta alguna\u00a0anomal\u00eda\u00a0informe a nuestro\u00a0departamento\u00a0para darle una\u00a0soluci\u00f3n, no\u00a0contin\u00fae\u00a0con la\u00a0instalaci\u00f3n\u00a0de cerramiento de la pared.<\/strong><\/p>\n","protected":false},"featured_media":18365,"template":"","meta":[],"product_brand":[],"product_cat":[48],"product_tag":[],"serie":[72],"manual-de-instalacion":[],"color":[28],"class_list":{"0":"post-18233","1":"product","2":"type-product","3":"status-publish","4":"has-post-thumbnail","6":"product_cat-grifos-de-lavabo","7":"serie-aragon","8":"color-acero-cepillado","10":"first","11":"instock","12":"taxable","13":"shipping-taxable","14":"product-type-simple"},"_links":{"self":[{"href":"https:\/\/www.valaz.es\/en\/wp-json\/wp\/v2\/product\/18233","targetHints":{"allow":["GET"]}}],"collection":[{"href":"https:\/\/www.valaz.es\/en\/wp-json\/wp\/v2\/product"}],"about":[{"href":"https:\/\/www.valaz.es\/en\/wp-json\/wp\/v2\/types\/product"}],"wp:featuredmedia":[{"embeddable":true,"href":"https:\/\/www.valaz.es\/en\/wp-json\/wp\/v2\/media\/18365"}],"wp:attachment":[{"href":"https:\/\/www.valaz.es\/en\/wp-json\/wp\/v2\/media?parent=18233"}],"wp:term":[{"taxonomy":"product_brand","embeddable":true,"href":"https:\/\/www.valaz.es\/en\/wp-json\/wp\/v2\/product_brand?post=18233"},{"taxonomy":"product_cat","embeddable":true,"href":"https:\/\/www.valaz.es\/en\/wp-json\/wp\/v2\/product_cat?post=18233"},{"taxonomy":"product_tag","embeddable":true,"href":"https:\/\/www.valaz.es\/en\/wp-json\/wp\/v2\/product_tag?post=18233"},{"taxonomy":"serie","embeddable":true,"href":"https:\/\/www.valaz.es\/en\/wp-json\/wp\/v2\/serie?post=18233"},{"taxonomy":"manual-de-instalacion","embeddable":true,"href":"https:\/\/www.valaz.es\/en\/wp-json\/wp\/v2\/manual-de-instalacion?post=18233"},{"taxonomy":"color","embeddable":true,"href":"https:\/\/www.valaz.es\/en\/wp-json\/wp\/v2\/color?post=18233"}],"curies":[{"name":"wp","href":"https:\/\/api.w.org\/{rel}","templated":true}]}}