{"id":17996,"date":"2025-05-27T09:39:22","date_gmt":"2025-05-27T07:39:22","guid":{"rendered":"https:\/\/www.valaz.es\/?post_type=product&#038;p=17996"},"modified":"2025-09-28T22:54:33","modified_gmt":"2025-09-28T20:54:33","slug":"ducha-empotrada-monomando-a-techo-con-apertura-en-agua-fria-en-color-cromado-serie-selva","status":"publish","type":"product","link":"https:\/\/www.valaz.es\/en\/product\/ducha-empotrada-monomando-a-techo-con-apertura-en-agua-fria-en-color-cromado-serie-selva\/","title":{"rendered":"Ducha empotrada monomando a techo con apertura en agua fr\u00eda en color cromado &#8211; Serie Selva"},"content":{"rendered":"<p data-start=\"526\" data-end=\"807\">La ducha empotrada de la serie Selva ofrece una soluci\u00f3n funcional y est\u00e9tica para tu ba\u00f1o, combinando dise\u00f1o moderno y ahorro energ\u00e9tico. Su sistema de apertura en agua fr\u00eda ayuda a reducir el consumo innecesario de agua caliente, ideal para un uso m\u00e1s sostenible en el d\u00eda a d\u00eda.<\/p>\n<p data-start=\"809\" data-end=\"1093\">Con instalaci\u00f3n a techo, esta ducha proporciona una experiencia envolvente gracias al efecto lluvia del rociador superior. El cuerpo monomando empotrado de 2 v\u00edas permite alternar entre el rociador de techo y la alcachofa de mano con facilidad, garantizando un uso c\u00f3modo y eficiente.<\/p>\n<p data-start=\"1095\" data-end=\"1269\">El acabado cromado aporta brillo y resistencia, adapt\u00e1ndose a cualquier estilo de ba\u00f1o. Adem\u00e1s, los materiales seleccionados aseguran durabilidad y un mantenimiento sencillo.<\/p>\n<p data-start=\"1271\" data-end=\"1292\"><strong data-start=\"1271\" data-end=\"1291\">Especificaciones<\/strong>:<\/p>\n<ul data-start=\"1293\" data-end=\"1730\">\n<li data-start=\"1293\" data-end=\"1336\">\n<p data-start=\"1295\" data-end=\"1336\">Tipo: Ducha empotrada monomando a techo<\/p>\n<\/li>\n<li data-start=\"1337\" data-end=\"1371\">\n<p data-start=\"1339\" data-end=\"1371\">Sistema: Apertura en agua fr\u00eda<\/p>\n<\/li>\n<li data-start=\"1372\" data-end=\"1423\">\n<p data-start=\"1374\" data-end=\"1423\">V\u00edas: 2 (rociador de techo y alcachofa de mano)<\/p>\n<\/li>\n<li data-start=\"1424\" data-end=\"1444\">\n<p data-start=\"1426\" data-end=\"1444\">Acabado: Cromado<\/p>\n<\/li>\n<li data-start=\"1445\" data-end=\"1595\">\n<p data-start=\"1447\" data-end=\"1460\">Materiales:<\/p>\n<ul data-start=\"1463\" data-end=\"1595\">\n<li data-start=\"1463\" data-end=\"1497\">\n<p data-start=\"1465\" data-end=\"1497\">Cuerpo de la grifer\u00eda de lat\u00f3n<\/p>\n<\/li>\n<li data-start=\"1500\" data-end=\"1532\">\n<p data-start=\"1502\" data-end=\"1532\">Rociador de acero inoxidable<\/p>\n<\/li>\n<li data-start=\"1535\" data-end=\"1563\">\n<p data-start=\"1537\" data-end=\"1563\">Alcachofa de mano de PVC<\/p>\n<\/li>\n<li data-start=\"1566\" data-end=\"1595\">\n<p data-start=\"1568\" data-end=\"1595\">Flexo de acero inoxidable<\/p>\n<\/li>\n<\/ul>\n<\/li>\n<li data-start=\"1596\" data-end=\"1730\">\n<p data-start=\"1598\" data-end=\"1608\">Incluye:<\/p>\n<ul data-start=\"1611\" data-end=\"1730\">\n<li data-start=\"1611\" data-end=\"1641\">\n<p data-start=\"1613\" data-end=\"1641\">Cuerpo monomando empotrado<\/p>\n<\/li>\n<li data-start=\"1644\" data-end=\"1665\">\n<p data-start=\"1646\" data-end=\"1665\">Rociador de techo<\/p>\n<\/li>\n<li data-start=\"1668\" data-end=\"1694\">\n<p data-start=\"1670\" data-end=\"1694\">Soporte para alcachofa<\/p>\n<\/li>\n<li data-start=\"1697\" data-end=\"1718\">\n<p data-start=\"1699\" data-end=\"1718\">Alcachofa de mano<\/p>\n<\/li>\n<li data-start=\"1721\" data-end=\"1730\">\n<p data-start=\"1723\" data-end=\"1730\">Flexo<\/p>\n<\/li>\n<\/ul>\n<\/li>\n<\/ul>\n","protected":false},"excerpt":{"rendered":"<p>La ducha empotrada de la serie Selva ofrece una soluci\u00f3n  [&#8230;]<\/p>\n","protected":false},"featured_media":18020,"template":"","meta":[],"product_brand":[],"product_cat":[57],"product_tag":[],"serie":[],"manual-de-instalacion":[],"color":[],"class_list":{"0":"post-17996","1":"product","2":"type-product","3":"status-publish","4":"has-post-thumbnail","6":"product_cat-duchas-empotradas","7":"pa_tamano-rociador-20cm","8":"pa_tamano-rociador-25cm","9":"pa_tamano-rociador-30cm","11":"first","12":"instock","13":"taxable","14":"shipping-taxable","15":"product-type-variable"},"_links":{"self":[{"href":"https:\/\/www.valaz.es\/en\/wp-json\/wp\/v2\/product\/17996","targetHints":{"allow":["GET"]}}],"collection":[{"href":"https:\/\/www.valaz.es\/en\/wp-json\/wp\/v2\/product"}],"about":[{"href":"https:\/\/www.valaz.es\/en\/wp-json\/wp\/v2\/types\/product"}],"wp:featuredmedia":[{"embeddable":true,"href":"https:\/\/www.valaz.es\/en\/wp-json\/wp\/v2\/media\/18020"}],"wp:attachment":[{"href":"https:\/\/www.valaz.es\/en\/wp-json\/wp\/v2\/media?parent=17996"}],"wp:term":[{"taxonomy":"product_brand","embeddable":true,"href":"https:\/\/www.valaz.es\/en\/wp-json\/wp\/v2\/product_brand?post=17996"},{"taxonomy":"product_cat","embeddable":true,"href":"https:\/\/www.valaz.es\/en\/wp-json\/wp\/v2\/product_cat?post=17996"},{"taxonomy":"product_tag","embeddable":true,"href":"https:\/\/www.valaz.es\/en\/wp-json\/wp\/v2\/product_tag?post=17996"},{"taxonomy":"serie","embeddable":true,"href":"https:\/\/www.valaz.es\/en\/wp-json\/wp\/v2\/serie?post=17996"},{"taxonomy":"manual-de-instalacion","embeddable":true,"href":"https:\/\/www.valaz.es\/en\/wp-json\/wp\/v2\/manual-de-instalacion?post=17996"},{"taxonomy":"color","embeddable":true,"href":"https:\/\/www.valaz.es\/en\/wp-json\/wp\/v2\/color?post=17996"}],"curies":[{"name":"wp","href":"https:\/\/api.w.org\/{rel}","templated":true}]}}