{"id":16053,"date":"2025-04-01T16:33:13","date_gmt":"2025-04-01T14:33:13","guid":{"rendered":"https:\/\/www.valaz.es\/?post_type=product&#038;p=16053"},"modified":"2025-09-16T11:18:46","modified_gmt":"2025-09-16T09:18:46","slug":"distribuidor-barra-de-ducha-negro-mate","status":"publish","type":"product","link":"https:\/\/www.valaz.es\/en\/product\/distribuidor-barra-de-ducha-negro-mate\/","title":{"rendered":"Distribuidor barra de ducha negro mate"},"content":{"rendered":"<p class=\"\" data-start=\"51\" data-end=\"224\">Distribuidor dise\u00f1ado para instalar en barras de ducha, permitiendo la conexi\u00f3n de diferentes elementos. Su acabado negro mate aporta un estilo moderno y elegante al ba\u00f1o.<\/p>\n<h5 class=\"\" data-start=\"226\" data-end=\"251\">Especificaciones:<\/h5>\n<ul data-start=\"252\" data-end=\"382\" data-is-last-node=\"\" data-is-only-node=\"\">\n<li class=\"\" data-start=\"252\" data-end=\"275\">\n<p class=\"\" data-start=\"254\" data-end=\"275\"><strong data-start=\"254\" data-end=\"267\">Material:<\/strong> Metal<\/p>\n<\/li>\n<li class=\"\" data-start=\"276\" data-end=\"303\">\n<p class=\"\" data-start=\"278\" data-end=\"303\"><strong data-start=\"278\" data-end=\"290\">Acabado:<\/strong> Negro mate<\/p>\n<\/li>\n<li class=\"\" data-start=\"304\" data-end=\"332\">\n<p class=\"\" data-start=\"306\" data-end=\"332\"><strong data-start=\"306\" data-end=\"319\">Conexi\u00f3n:<\/strong> Rosca 1\/2\u201d<\/p>\n<\/li>\n<li class=\"\" data-start=\"333\" data-end=\"382\">\n<p class=\"\" data-start=\"335\" data-end=\"382\"><strong data-start=\"335\" data-end=\"351\">Instalaci\u00f3n:<\/strong> Compatible con barras de ducha<\/p>\n<\/li>\n<\/ul>\n","protected":false},"excerpt":{"rendered":"<p>Distribuidor dise\u00f1ado para instalar en barras de ducha, permitiendo la  [&#8230;]<\/p>\n","protected":false},"featured_media":16346,"template":"","meta":[],"product_brand":[],"product_cat":[70],"product_tag":[],"serie":[],"manual-de-instalacion":[],"color":[27],"class_list":{"0":"post-16053","1":"product","2":"type-product","3":"status-publish","4":"has-post-thumbnail","6":"product_cat-accesorios","7":"color-negro-mate","9":"first","10":"instock","11":"taxable","12":"shipping-taxable","13":"product-type-simple"},"_links":{"self":[{"href":"https:\/\/www.valaz.es\/en\/wp-json\/wp\/v2\/product\/16053","targetHints":{"allow":["GET"]}}],"collection":[{"href":"https:\/\/www.valaz.es\/en\/wp-json\/wp\/v2\/product"}],"about":[{"href":"https:\/\/www.valaz.es\/en\/wp-json\/wp\/v2\/types\/product"}],"wp:featuredmedia":[{"embeddable":true,"href":"https:\/\/www.valaz.es\/en\/wp-json\/wp\/v2\/media\/16346"}],"wp:attachment":[{"href":"https:\/\/www.valaz.es\/en\/wp-json\/wp\/v2\/media?parent=16053"}],"wp:term":[{"taxonomy":"product_brand","embeddable":true,"href":"https:\/\/www.valaz.es\/en\/wp-json\/wp\/v2\/product_brand?post=16053"},{"taxonomy":"product_cat","embeddable":true,"href":"https:\/\/www.valaz.es\/en\/wp-json\/wp\/v2\/product_cat?post=16053"},{"taxonomy":"product_tag","embeddable":true,"href":"https:\/\/www.valaz.es\/en\/wp-json\/wp\/v2\/product_tag?post=16053"},{"taxonomy":"serie","embeddable":true,"href":"https:\/\/www.valaz.es\/en\/wp-json\/wp\/v2\/serie?post=16053"},{"taxonomy":"manual-de-instalacion","embeddable":true,"href":"https:\/\/www.valaz.es\/en\/wp-json\/wp\/v2\/manual-de-instalacion?post=16053"},{"taxonomy":"color","embeddable":true,"href":"https:\/\/www.valaz.es\/en\/wp-json\/wp\/v2\/color?post=16053"}],"curies":[{"name":"wp","href":"https:\/\/api.w.org\/{rel}","templated":true}]}}