{"id":16022,"date":"2025-03-28T11:30:12","date_gmt":"2025-03-28T10:30:12","guid":{"rendered":"https:\/\/www.valaz.es\/?post_type=product&#038;p=16022"},"modified":"2026-01-12T19:23:15","modified_gmt":"2026-01-12T18:23:15","slug":"spray-grifo-de-cocina-redondo-cromado","status":"publish","type":"product","link":"https:\/\/www.valaz.es\/en\/product\/spray-grifo-de-cocina-redondo-cromado\/","title":{"rendered":"Spray grifo de cocina redondo cromado"},"content":{"rendered":"<p class=\"\" data-start=\"48\" data-end=\"156\">Spray funcional y duradero con acabado cromado brillante. Dise\u00f1o ergon\u00f3mico para un uso c\u00f3modo y pr\u00e1ctico.<\/p>\n<h5 data-start=\"158\" data-end=\"181\"><strong>Especificaciones:<\/strong><\/h5>\n<ul data-start=\"182\" data-end=\"308\" data-is-last-node=\"\" data-is-only-node=\"\">\n<li class=\"\" data-start=\"182\" data-end=\"203\">\n<p class=\"\" data-start=\"184\" data-end=\"203\"><strong data-start=\"184\" data-end=\"195\">Modelo:<\/strong> PR001<\/p>\n<\/li>\n<li class=\"\" data-start=\"204\" data-end=\"233\">\n<p class=\"\" data-start=\"206\" data-end=\"233\"><strong data-start=\"206\" data-end=\"219\">Material:<\/strong> PVC<\/p>\n<\/li>\n<li class=\"\" data-start=\"234\" data-end=\"256\">\n<p class=\"\" data-start=\"236\" data-end=\"256\"><strong data-start=\"236\" data-end=\"248\">Acabado:<\/strong> Cromo<\/p>\n<\/li>\n<li class=\"\" data-start=\"257\" data-end=\"276\">\n<p class=\"\" data-start=\"259\" data-end=\"276\"><strong data-start=\"259\" data-end=\"269\">Rosca:<\/strong> 1\/2\u201d<\/p>\n<\/li>\n<li class=\"\" data-start=\"277\" data-end=\"308\">\n<p class=\"\" data-start=\"279\" data-end=\"308\"><strong data-start=\"279\" data-end=\"293\">Funciones:<\/strong> Chorro y ducha<\/p>\n<\/li>\n<\/ul>\n","protected":false},"excerpt":{"rendered":"<p>Spray funcional y duradero con acabado cromado brillante. Dise\u00f1o ergon\u00f3mico  [&#8230;]<\/p>\n","protected":false},"featured_media":16027,"template":"","meta":[],"product_brand":[],"product_cat":[70],"product_tag":[],"serie":[],"manual-de-instalacion":[],"color":[26],"class_list":{"0":"post-16022","1":"product","2":"type-product","3":"status-publish","4":"has-post-thumbnail","6":"product_cat-accesorios","7":"color-cromo","9":"first","10":"instock","11":"taxable","12":"shipping-taxable","13":"product-type-simple"},"_links":{"self":[{"href":"https:\/\/www.valaz.es\/en\/wp-json\/wp\/v2\/product\/16022","targetHints":{"allow":["GET"]}}],"collection":[{"href":"https:\/\/www.valaz.es\/en\/wp-json\/wp\/v2\/product"}],"about":[{"href":"https:\/\/www.valaz.es\/en\/wp-json\/wp\/v2\/types\/product"}],"wp:featuredmedia":[{"embeddable":true,"href":"https:\/\/www.valaz.es\/en\/wp-json\/wp\/v2\/media\/16027"}],"wp:attachment":[{"href":"https:\/\/www.valaz.es\/en\/wp-json\/wp\/v2\/media?parent=16022"}],"wp:term":[{"taxonomy":"product_brand","embeddable":true,"href":"https:\/\/www.valaz.es\/en\/wp-json\/wp\/v2\/product_brand?post=16022"},{"taxonomy":"product_cat","embeddable":true,"href":"https:\/\/www.valaz.es\/en\/wp-json\/wp\/v2\/product_cat?post=16022"},{"taxonomy":"product_tag","embeddable":true,"href":"https:\/\/www.valaz.es\/en\/wp-json\/wp\/v2\/product_tag?post=16022"},{"taxonomy":"serie","embeddable":true,"href":"https:\/\/www.valaz.es\/en\/wp-json\/wp\/v2\/serie?post=16022"},{"taxonomy":"manual-de-instalacion","embeddable":true,"href":"https:\/\/www.valaz.es\/en\/wp-json\/wp\/v2\/manual-de-instalacion?post=16022"},{"taxonomy":"color","embeddable":true,"href":"https:\/\/www.valaz.es\/en\/wp-json\/wp\/v2\/color?post=16022"}],"curies":[{"name":"wp","href":"https:\/\/api.w.org\/{rel}","templated":true}]}}