{"id":15918,"date":"2025-03-28T11:34:08","date_gmt":"2025-03-28T10:34:08","guid":{"rendered":"https:\/\/www.valaz.es\/?post_type=product&#038;p=15918"},"modified":"2025-04-01T16:09:25","modified_gmt":"2025-04-01T14:09:25","slug":"alcachofa-de-mano-con-porcelana-en-dorado-envejecido","status":"publish","type":"product","link":"https:\/\/www.valaz.es\/en\/product\/alcachofa-de-mano-con-porcelana-en-dorado-envejecido\/","title":{"rendered":"Alcachofa de mano con porcelana en dorado envejecido"},"content":{"rendered":"<p class=\"\" data-start=\"60\" data-end=\"182\">Dise\u00f1o cl\u00e1sico y elegante con detalles en porcelana y acabado en dorado envejecido. Aporta un toque sofisticado al ba\u00f1o.<\/p>\n<h5 data-start=\"184\" data-end=\"207\"><strong>Especificaciones:<\/strong><\/h5>\n<ul data-start=\"208\" data-end=\"296\" data-is-last-node=\"\" data-is-only-node=\"\">\n<li class=\"\" data-start=\"208\" data-end=\"243\">\n<p class=\"\" data-start=\"210\" data-end=\"243\"><strong data-start=\"210\" data-end=\"223\">Material:<\/strong> Metal y porcelana<\/p>\n<\/li>\n<li class=\"\" data-start=\"244\" data-end=\"278\">\n<p class=\"\" data-start=\"246\" data-end=\"278\"><strong data-start=\"246\" data-end=\"258\">Acabado:<\/strong> Dorado envejecido<\/p>\n<\/li>\n<li class=\"\" data-start=\"279\" data-end=\"296\">\n<p class=\"\" data-start=\"281\" data-end=\"296\"><strong data-start=\"281\" data-end=\"291\">Rosca:<\/strong> 1\/2\u201d<\/p>\n<\/li>\n<\/ul>\n","protected":false},"excerpt":{"rendered":"<p>Dise\u00f1o cl\u00e1sico y elegante con detalles en porcelana y acabado  [&#8230;]<\/p>\n","protected":false},"featured_media":15895,"template":"","meta":[],"product_brand":[],"product_cat":[70],"product_tag":[],"serie":[],"manual-de-instalacion":[],"color":[],"class_list":{"0":"post-15918","1":"product","2":"type-product","3":"status-publish","4":"has-post-thumbnail","6":"product_cat-accesorios","8":"first","9":"instock","10":"taxable","11":"shipping-taxable","12":"product-type-simple"},"_links":{"self":[{"href":"https:\/\/www.valaz.es\/en\/wp-json\/wp\/v2\/product\/15918","targetHints":{"allow":["GET"]}}],"collection":[{"href":"https:\/\/www.valaz.es\/en\/wp-json\/wp\/v2\/product"}],"about":[{"href":"https:\/\/www.valaz.es\/en\/wp-json\/wp\/v2\/types\/product"}],"wp:featuredmedia":[{"embeddable":true,"href":"https:\/\/www.valaz.es\/en\/wp-json\/wp\/v2\/media\/15895"}],"wp:attachment":[{"href":"https:\/\/www.valaz.es\/en\/wp-json\/wp\/v2\/media?parent=15918"}],"wp:term":[{"taxonomy":"product_brand","embeddable":true,"href":"https:\/\/www.valaz.es\/en\/wp-json\/wp\/v2\/product_brand?post=15918"},{"taxonomy":"product_cat","embeddable":true,"href":"https:\/\/www.valaz.es\/en\/wp-json\/wp\/v2\/product_cat?post=15918"},{"taxonomy":"product_tag","embeddable":true,"href":"https:\/\/www.valaz.es\/en\/wp-json\/wp\/v2\/product_tag?post=15918"},{"taxonomy":"serie","embeddable":true,"href":"https:\/\/www.valaz.es\/en\/wp-json\/wp\/v2\/serie?post=15918"},{"taxonomy":"manual-de-instalacion","embeddable":true,"href":"https:\/\/www.valaz.es\/en\/wp-json\/wp\/v2\/manual-de-instalacion?post=15918"},{"taxonomy":"color","embeddable":true,"href":"https:\/\/www.valaz.es\/en\/wp-json\/wp\/v2\/color?post=15918"}],"curies":[{"name":"wp","href":"https:\/\/api.w.org\/{rel}","templated":true}]}}