{"id":15130,"date":"2025-01-22T17:24:31","date_gmt":"2025-01-22T16:24:31","guid":{"rendered":"https:\/\/www.valaz.es\/?post_type=product&#038;p=15130"},"modified":"2025-04-02T10:59:38","modified_gmt":"2025-04-02T08:59:38","slug":"toallero-adhesivo-pegado-sin-taladro-cuadrado-de-37-cm-cromado-para-bano","status":"publish","type":"product","link":"https:\/\/www.valaz.es\/en\/product\/toallero-adhesivo-pegado-sin-taladro-cuadrado-de-37-cm-cromado-para-bano\/","title":{"rendered":"Toallero adhesivo pegado sin taladro cuadrado de 37 cm cromado para ba\u00f1o"},"content":{"rendered":"<p class=\"\" data-start=\"80\" data-end=\"328\">Este toallero de dise\u00f1o cuadrado y acabado cromado ofrece un toque elegante y moderno a tu ba\u00f1o. Su sistema de instalaci\u00f3n adhesiva sin taladro permite una f\u00e1cil colocaci\u00f3n sin necesidad de perforar las paredes, garantizando comodidad y limpieza.<\/p>\n<h5 class=\"\" data-start=\"330\" data-end=\"355\">Especificaciones:<\/h5>\n<ul data-start=\"356\" data-end=\"528\" data-is-last-node=\"\" data-is-only-node=\"\">\n<li class=\"\" data-start=\"356\" data-end=\"390\">\n<p class=\"\" data-start=\"358\" data-end=\"390\"><strong data-start=\"358\" data-end=\"371\">Material:<\/strong> Acero inoxidable<\/p>\n<\/li>\n<li class=\"\" data-start=\"391\" data-end=\"415\">\n<p class=\"\" data-start=\"393\" data-end=\"415\"><strong data-start=\"393\" data-end=\"405\">Acabado:<\/strong> Cromado<\/p>\n<\/li>\n<li class=\"\" data-start=\"416\" data-end=\"458\">\n<p class=\"\" data-start=\"418\" data-end=\"458\"><strong data-start=\"418\" data-end=\"434\">Instalaci\u00f3n:<\/strong> Adhesiva, sin taladro<\/p>\n<\/li>\n<li class=\"\" data-start=\"459\" data-end=\"482\">\n<p class=\"\" data-start=\"461\" data-end=\"482\"><strong data-start=\"461\" data-end=\"474\">Longitud:<\/strong> 37 cm<\/p>\n<\/li>\n<li class=\"\" data-start=\"483\" data-end=\"507\">\n<p class=\"\" data-start=\"485\" data-end=\"507\"><strong data-start=\"485\" data-end=\"496\">Dise\u00f1o:<\/strong> Cuadrado<\/p>\n<\/li>\n<li class=\"\" data-start=\"508\" data-end=\"528\">\n<p class=\"\" data-start=\"510\" data-end=\"528\"><strong data-start=\"510\" data-end=\"518\">Uso:<\/strong> Para ba\u00f1o<\/p>\n<\/li>\n<\/ul>\n","protected":false},"excerpt":{"rendered":"<p>Este toallero de dise\u00f1o cuadrado y acabado cromado ofrece un  [&#8230;]<\/p>\n","protected":false},"featured_media":15116,"template":"","meta":[],"product_brand":[],"product_cat":[388],"product_tag":[],"serie":[],"manual-de-instalacion":[],"color":[26],"class_list":{"0":"post-15130","1":"product","2":"type-product","3":"status-publish","4":"has-post-thumbnail","6":"product_cat-accesorios-2","7":"color-cromo","9":"first","10":"instock","11":"taxable","12":"shipping-taxable","13":"product-type-simple"},"_links":{"self":[{"href":"https:\/\/www.valaz.es\/en\/wp-json\/wp\/v2\/product\/15130","targetHints":{"allow":["GET"]}}],"collection":[{"href":"https:\/\/www.valaz.es\/en\/wp-json\/wp\/v2\/product"}],"about":[{"href":"https:\/\/www.valaz.es\/en\/wp-json\/wp\/v2\/types\/product"}],"wp:featuredmedia":[{"embeddable":true,"href":"https:\/\/www.valaz.es\/en\/wp-json\/wp\/v2\/media\/15116"}],"wp:attachment":[{"href":"https:\/\/www.valaz.es\/en\/wp-json\/wp\/v2\/media?parent=15130"}],"wp:term":[{"taxonomy":"product_brand","embeddable":true,"href":"https:\/\/www.valaz.es\/en\/wp-json\/wp\/v2\/product_brand?post=15130"},{"taxonomy":"product_cat","embeddable":true,"href":"https:\/\/www.valaz.es\/en\/wp-json\/wp\/v2\/product_cat?post=15130"},{"taxonomy":"product_tag","embeddable":true,"href":"https:\/\/www.valaz.es\/en\/wp-json\/wp\/v2\/product_tag?post=15130"},{"taxonomy":"serie","embeddable":true,"href":"https:\/\/www.valaz.es\/en\/wp-json\/wp\/v2\/serie?post=15130"},{"taxonomy":"manual-de-instalacion","embeddable":true,"href":"https:\/\/www.valaz.es\/en\/wp-json\/wp\/v2\/manual-de-instalacion?post=15130"},{"taxonomy":"color","embeddable":true,"href":"https:\/\/www.valaz.es\/en\/wp-json\/wp\/v2\/color?post=15130"}],"curies":[{"name":"wp","href":"https:\/\/api.w.org\/{rel}","templated":true}]}}