{"id":1492,"date":"2022-12-14T17:17:07","date_gmt":"2022-12-14T16:17:07","guid":{"rendered":"https:\/\/www.valaz.es\/?post_type=product&#038;p=1492"},"modified":"2025-06-27T12:31:10","modified_gmt":"2025-06-27T10:31:10","slug":"ducha-empotrada-monomando-1-via-redonda-dorado-envejecido-a-pared-serie-guadiana","status":"publish","type":"product","link":"https:\/\/www.valaz.es\/en\/product\/ducha-empotrada-monomando-1-via-redonda-dorado-envejecido-a-pared-serie-guadiana\/","title":{"rendered":"Ducha empotrada monomando 1 v\u00eda redonda dorado envejecido a pared &#8211; Serie Guadiana"},"content":{"rendered":"<p class=\"\" data-start=\"228\" data-end=\"661\">Esta ducha empotrada monomando de 1 v\u00eda de la Serie Guadiana combina un dise\u00f1o elegante con funcionalidad. El rociador de 20 cm y el monomando de 1 salida proporcionan un flujo de agua controlado y eficiente. El cuerpo y grifo est\u00e1n fabricados en lat\u00f3n de alta calidad, y la v\u00e1lvula cer\u00e1mica asegura una durabilidad excepcional. Su acabado dorado envejecido le otorga un toque vintage que har\u00e1 que tu ba\u00f1o destaque.<\/p>\n<p class=\"\" data-start=\"663\" data-end=\"685\"><strong data-start=\"663\" data-end=\"683\">Especificaciones<\/strong><\/p>\n<ul data-start=\"686\" data-end=\"923\">\n<li class=\"\" data-start=\"686\" data-end=\"731\">\n<p class=\"\" data-start=\"688\" data-end=\"731\"><strong data-start=\"688\" data-end=\"697\">Tipo:<\/strong> Ducha empotrada monomando 1 v\u00eda<\/p>\n<\/li>\n<li class=\"\" data-start=\"732\" data-end=\"755\">\n<p class=\"\" data-start=\"734\" data-end=\"755\"><strong data-start=\"734\" data-end=\"745\">Dise\u00f1o:<\/strong> Redondo<\/p>\n<\/li>\n<li class=\"\" data-start=\"756\" data-end=\"779\">\n<p class=\"\" data-start=\"758\" data-end=\"779\"><strong data-start=\"758\" data-end=\"771\">Rociador:<\/strong> 20 cm<\/p>\n<\/li>\n<li class=\"\" data-start=\"780\" data-end=\"822\">\n<p class=\"\" data-start=\"782\" data-end=\"822\"><strong data-start=\"782\" data-end=\"814\">Material del cuerpo y grifo:<\/strong> Lat\u00f3n<\/p>\n<\/li>\n<li class=\"\" data-start=\"823\" data-end=\"848\">\n<p class=\"\" data-start=\"825\" data-end=\"848\"><strong data-start=\"825\" data-end=\"837\">V\u00e1lvula:<\/strong> Cer\u00e1mica<\/p>\n<\/li>\n<li class=\"\" data-start=\"849\" data-end=\"888\">\n<p class=\"\" data-start=\"851\" data-end=\"888\"><strong data-start=\"851\" data-end=\"865\">Funciones:<\/strong> Agua fr\u00eda y caliente<\/p>\n<\/li>\n<li class=\"\" data-start=\"889\" data-end=\"923\">\n<p class=\"\" data-start=\"891\" data-end=\"923\"><strong data-start=\"891\" data-end=\"903\">Acabado:<\/strong> Dorado envejecido<\/p>\n<\/li>\n<li><strong>Incluye cuerpo empotrable<\/strong><\/li>\n<\/ul>\n","protected":false},"excerpt":{"rendered":"<p>Serie Guadiana con l\u00edneas curvas y redondas, destacada por su sencillez y elegancia, una de nuestras series m\u00e1s minimalista y moderna. Disponemos de ducha empotrada tanto a pared como a techo, grifo de lavabo empotrado, grifo de bid\u00e9 empotrado. Es una de las series m\u00e1s completas en cuanto a productos con la mejor relaci\u00f3n calidad precio y unos acabados en cromado, dorado cepillado, negro mate, acero cepillado, Gun metal, dorado envejecido, blanco.<\/p>\n<p>La garant\u00eda de todos nuestros productos es de 3 a\u00f1os, para funcionamiento, duraci\u00f3n del esmaltado y anticorrosi\u00f3n.<\/p>\n<p>Recomendamos para un correcto mantenimiento de la grifer\u00eda y evitar el deterioro por el uso. Secar las gotas de agua con un pa\u00f1o suave despu\u00e9s del uso, evitando que se posen en la superficie y deterioran el acabado, no utilizar esponjas que puedan rayar la grifer\u00eda, utilizar limpiadores como vinagre limpieza, agua caliente y jab\u00f3n con pH neutro.<\/p>\n<p>&nbsp;<\/p>\n<p><strong>Nuestro departamento\u00a0t\u00e9cnico\u00a0dispone de\u00a0gu\u00edas\u00a0de todos los\u00a0modelos\u00a0empotrados\u00a0que vendemos<\/strong><strong>,\u00a0si tiene alguna duda con la\u00a0instalaci\u00f3n\u00a0contacte con nosotros mediante\u00a0tel\u00e9fono,\u00a0WhatsApp\u00a0o email dentro del horario laboral indicado en la web.<\/strong><\/p>\n<p><strong>Recuerden que una vez instalado el cuerpo\u00a0empotrado\u00a0de la\u00a0grifer\u00eda\u00a0revisar de su correcto funcionamiento de paso de agua, comprobaci\u00f3n de cartuchos y corte de agua, si detecta alguna\u00a0anomal\u00eda\u00a0informe a nuestro\u00a0departamento\u00a0para darle una\u00a0soluci\u00f3n, no\u00a0contin\u00fae\u00a0con la\u00a0instalaci\u00f3n\u00a0de cerramiento de la pared.<\/strong><\/p>\n","protected":false},"featured_media":10795,"template":"","meta":[],"product_brand":[],"product_cat":[57,47],"product_tag":[],"serie":[63],"manual-de-instalacion":[],"color":[29],"class_list":{"0":"post-1492","1":"product","2":"type-product","3":"status-publish","4":"has-post-thumbnail","6":"product_cat-duchas-empotradas","7":"product_cat-duchas","8":"pa_tamano-rociador-20cm","9":"pa_tamano-rociador-25cm","10":"serie-guadiana","11":"color-dorado-envejecido","13":"first","14":"instock","15":"taxable","16":"shipping-taxable","17":"product-type-simple"},"_links":{"self":[{"href":"https:\/\/www.valaz.es\/en\/wp-json\/wp\/v2\/product\/1492","targetHints":{"allow":["GET"]}}],"collection":[{"href":"https:\/\/www.valaz.es\/en\/wp-json\/wp\/v2\/product"}],"about":[{"href":"https:\/\/www.valaz.es\/en\/wp-json\/wp\/v2\/types\/product"}],"wp:featuredmedia":[{"embeddable":true,"href":"https:\/\/www.valaz.es\/en\/wp-json\/wp\/v2\/media\/10795"}],"wp:attachment":[{"href":"https:\/\/www.valaz.es\/en\/wp-json\/wp\/v2\/media?parent=1492"}],"wp:term":[{"taxonomy":"product_brand","embeddable":true,"href":"https:\/\/www.valaz.es\/en\/wp-json\/wp\/v2\/product_brand?post=1492"},{"taxonomy":"product_cat","embeddable":true,"href":"https:\/\/www.valaz.es\/en\/wp-json\/wp\/v2\/product_cat?post=1492"},{"taxonomy":"product_tag","embeddable":true,"href":"https:\/\/www.valaz.es\/en\/wp-json\/wp\/v2\/product_tag?post=1492"},{"taxonomy":"serie","embeddable":true,"href":"https:\/\/www.valaz.es\/en\/wp-json\/wp\/v2\/serie?post=1492"},{"taxonomy":"manual-de-instalacion","embeddable":true,"href":"https:\/\/www.valaz.es\/en\/wp-json\/wp\/v2\/manual-de-instalacion?post=1492"},{"taxonomy":"color","embeddable":true,"href":"https:\/\/www.valaz.es\/en\/wp-json\/wp\/v2\/color?post=1492"}],"curies":[{"name":"wp","href":"https:\/\/api.w.org\/{rel}","templated":true}]}}