{"id":14914,"date":"2024-12-24T13:53:06","date_gmt":"2024-12-24T12:53:06","guid":{"rendered":"https:\/\/www.valaz.es\/?post_type=product&#038;p=14914"},"modified":"2026-01-21T15:46:10","modified_gmt":"2026-01-21T14:46:10","slug":"grifo-lavabo-empotrado-redondo-monomando-acero-cepillado-cano-fino-de-26cm-y-fijo-serie-deva","status":"publish","type":"product","link":"https:\/\/www.valaz.es\/en\/product\/grifo-lavabo-empotrado-redondo-monomando-acero-cepillado-cano-fino-de-26cm-y-fijo-serie-deva\/","title":{"rendered":"Grifo lavabo empotrado redondo monomando acero cepillado ca\u00f1o fino de 26cm y fijo &#8211; Serie Deva"},"content":{"rendered":"<p class=\"\" data-start=\"80\" data-end=\"268\">Grifo de lavabo empotrado de dise\u00f1o moderno y minimalista con acabado en acero cepillado. Su ca\u00f1o fino de 26 cm y su instalaci\u00f3n empotrada aportan un estilo elegante y funcional al ba\u00f1o.<\/p>\n<h5 class=\"\" data-start=\"270\" data-end=\"295\">Especificaciones:<\/h5>\n<ul data-start=\"296\" data-end=\"522\" data-is-last-node=\"\" data-is-only-node=\"\">\n<li class=\"\" data-start=\"296\" data-end=\"344\">\n<p class=\"\" data-start=\"298\" data-end=\"344\"><strong data-start=\"298\" data-end=\"311\">Material:<\/strong> Cuerpo de la grifer\u00eda en lat\u00f3n<\/p>\n<\/li>\n<li class=\"\" data-start=\"345\" data-end=\"377\">\n<p class=\"\" data-start=\"347\" data-end=\"377\"><strong data-start=\"347\" data-end=\"359\">Acabado:<\/strong> Acero cepillado<\/p>\n<\/li>\n<li class=\"\" data-start=\"378\" data-end=\"411\">\n<p class=\"\" data-start=\"380\" data-end=\"411\"><strong data-start=\"380\" data-end=\"389\">Tipo:<\/strong> Monomando empotrado<\/p>\n<\/li>\n<li class=\"\" data-start=\"412\" data-end=\"437\">\n<p class=\"\" data-start=\"414\" data-end=\"437\"><strong data-start=\"414\" data-end=\"423\">Ca\u00f1o:<\/strong> 26 cm, fijo<\/p>\n<\/li>\n<li class=\"\" data-start=\"438\" data-end=\"464\">\n<p class=\"\" data-start=\"440\" data-end=\"464\"><strong data-start=\"440\" data-end=\"453\">Cartucho:<\/strong> Cer\u00e1mico<\/p>\n<\/li>\n<li class=\"\" data-start=\"465\" data-end=\"522\">\n<p class=\"\" data-start=\"467\" data-end=\"522\"><strong data-start=\"467\" data-end=\"486\">Funcionamiento:<\/strong> Mezclador de agua fr\u00eda y caliente<\/p>\n<\/li>\n<\/ul>\n","protected":false},"excerpt":{"rendered":"<p>Grifo de lavabo empotrado de dise\u00f1o moderno y minimalista con  [&#8230;]<\/p>\n","protected":false},"featured_media":20562,"template":"","meta":[],"product_brand":[],"product_cat":[58],"product_tag":[],"serie":[],"manual-de-instalacion":[],"color":[],"class_list":{"0":"post-14914","1":"product","2":"type-product","3":"status-publish","4":"has-post-thumbnail","6":"product_cat-grifos-de-lavabo-empotrados","8":"first","9":"instock","10":"taxable","11":"shipping-taxable","12":"product-type-simple"},"_links":{"self":[{"href":"https:\/\/www.valaz.es\/en\/wp-json\/wp\/v2\/product\/14914","targetHints":{"allow":["GET"]}}],"collection":[{"href":"https:\/\/www.valaz.es\/en\/wp-json\/wp\/v2\/product"}],"about":[{"href":"https:\/\/www.valaz.es\/en\/wp-json\/wp\/v2\/types\/product"}],"wp:featuredmedia":[{"embeddable":true,"href":"https:\/\/www.valaz.es\/en\/wp-json\/wp\/v2\/media\/20562"}],"wp:attachment":[{"href":"https:\/\/www.valaz.es\/en\/wp-json\/wp\/v2\/media?parent=14914"}],"wp:term":[{"taxonomy":"product_brand","embeddable":true,"href":"https:\/\/www.valaz.es\/en\/wp-json\/wp\/v2\/product_brand?post=14914"},{"taxonomy":"product_cat","embeddable":true,"href":"https:\/\/www.valaz.es\/en\/wp-json\/wp\/v2\/product_cat?post=14914"},{"taxonomy":"product_tag","embeddable":true,"href":"https:\/\/www.valaz.es\/en\/wp-json\/wp\/v2\/product_tag?post=14914"},{"taxonomy":"serie","embeddable":true,"href":"https:\/\/www.valaz.es\/en\/wp-json\/wp\/v2\/serie?post=14914"},{"taxonomy":"manual-de-instalacion","embeddable":true,"href":"https:\/\/www.valaz.es\/en\/wp-json\/wp\/v2\/manual-de-instalacion?post=14914"},{"taxonomy":"color","embeddable":true,"href":"https:\/\/www.valaz.es\/en\/wp-json\/wp\/v2\/color?post=14914"}],"curies":[{"name":"wp","href":"https:\/\/api.w.org\/{rel}","templated":true}]}}