{"id":14743,"date":"2024-12-10T13:17:10","date_gmt":"2024-12-10T12:17:10","guid":{"rendered":"https:\/\/www.valaz.es\/?post_type=product&#038;p=14743"},"modified":"2026-02-23T10:23:09","modified_gmt":"2026-02-23T09:23:09","slug":"ducha-empotrada-monomando-techo-redonda-acabado-maneta-luxury-negro-mate-serie-torina","status":"publish","type":"product","link":"https:\/\/www.valaz.es\/en\/product\/ducha-empotrada-monomando-techo-redonda-acabado-maneta-luxury-negro-mate-serie-torina\/","title":{"rendered":"Ducha empotrada monomando techo redonda acabado maneta luxury negro mate &#8211; Serie Torina"},"content":{"rendered":"<p class=\"\" data-start=\"93\" data-end=\"353\">Ducha empotrada de dise\u00f1o moderno y elegante con maneta luxury en acabado negro mate, ideal para un ba\u00f1o contempor\u00e1neo. Incluye un rociador de techo con opci\u00f3n de varios tama\u00f1os, monomando de 2 v\u00edas y alcachofa de mano para una experiencia de ducha completa.<\/p>\n<h5 class=\"\" data-start=\"355\" data-end=\"380\">Especificaciones:<\/h5>\n<ul data-start=\"381\" data-end=\"861\" data-is-last-node=\"\" data-is-only-node=\"\">\n<li class=\"\" data-start=\"381\" data-end=\"441\">\n<p class=\"\" data-start=\"383\" data-end=\"441\"><strong data-start=\"383\" data-end=\"418\">Rociador disponible en tama\u00f1os:<\/strong> 20 cm, 25 cm y 30 cm<\/p>\n<\/li>\n<li class=\"\" data-start=\"442\" data-end=\"625\">\n<p class=\"\" data-start=\"444\" data-end=\"458\"><strong data-start=\"444\" data-end=\"456\">Incluye:<\/strong><\/p>\n<ul data-start=\"461\" data-end=\"625\">\n<li class=\"\" data-start=\"461\" data-end=\"510\">\n<p class=\"\" data-start=\"463\" data-end=\"510\">Rociador de efecto lluvia con soporte a techo<\/p>\n<\/li>\n<li class=\"\" data-start=\"513\" data-end=\"567\">\n<p class=\"\" data-start=\"515\" data-end=\"567\">Monomando de 2 v\u00edas (rociador y alcachofa de mano)<\/p>\n<\/li>\n<li class=\"\" data-start=\"570\" data-end=\"589\">\n<p class=\"\" data-start=\"572\" data-end=\"589\">Flexo de 150 cm<\/p>\n<\/li>\n<li class=\"\" data-start=\"592\" data-end=\"625\">\n<p class=\"\" data-start=\"594\" data-end=\"625\">Alcachofa de mano con soporte<\/p>\n<\/li>\n<li data-start=\"592\" data-end=\"625\">Caja box empotrable<\/li>\n<\/ul>\n<\/li>\n<li class=\"\" data-start=\"626\" data-end=\"768\">\n<p class=\"\" data-start=\"628\" data-end=\"645\"><strong data-start=\"628\" data-end=\"643\">Materiales:<\/strong><\/p>\n<ul data-start=\"648\" data-end=\"768\">\n<li class=\"\" data-start=\"648\" data-end=\"680\">\n<p class=\"\" data-start=\"650\" data-end=\"680\">Rociador de acero inoxidable<\/p>\n<\/li>\n<li class=\"\" data-start=\"683\" data-end=\"705\">\n<p class=\"\" data-start=\"685\" data-end=\"705\">Monomando de lat\u00f3n<\/p>\n<\/li>\n<li class=\"\" data-start=\"708\" data-end=\"736\">\n<p class=\"\" data-start=\"710\" data-end=\"736\">Alcachofa de mano de PVC<\/p>\n<\/li>\n<li class=\"\" data-start=\"739\" data-end=\"768\">\n<p class=\"\" data-start=\"741\" data-end=\"768\">Flexo de PVC<\/p>\n<\/li>\n<\/ul>\n<\/li>\n<li class=\"\" data-start=\"769\" data-end=\"796\">\n<p class=\"\" data-start=\"771\" data-end=\"796\"><strong data-start=\"771\" data-end=\"783\">Acabado:<\/strong> Negro mate<\/p>\n<\/li>\n<li class=\"\" data-start=\"797\" data-end=\"861\">\n<p class=\"\" data-start=\"799\" data-end=\"861\"><strong data-start=\"799\" data-end=\"813\">Funciones:<\/strong> Efecto lluvia del rociador y alcachofa de mano.<\/p>\n<\/li>\n<\/ul>\n","protected":false},"excerpt":{"rendered":"<p>Ducha empotrada de dise\u00f1o moderno y elegante con maneta luxury  [&#8230;]<\/p>\n","protected":false},"featured_media":14735,"template":"","meta":[],"product_brand":[],"product_cat":[57],"product_tag":[],"serie":[397],"manual-de-instalacion":[80],"color":[27],"class_list":{"0":"post-14743","1":"product","2":"type-product","3":"status-publish","4":"has-post-thumbnail","6":"product_cat-duchas-empotradas","7":"pa_tamano-rociador-20cm","8":"pa_tamano-rociador-25cm","9":"pa_tamano-rociador-30cm","10":"serie-torina","11":"manual-de-instalacion-guia-instalacion-grifo-lavabo-empotrado-con-caja","12":"color-negro-mate","14":"first","15":"instock","16":"taxable","17":"shipping-taxable","18":"product-type-variable"},"_links":{"self":[{"href":"https:\/\/www.valaz.es\/en\/wp-json\/wp\/v2\/product\/14743","targetHints":{"allow":["GET"]}}],"collection":[{"href":"https:\/\/www.valaz.es\/en\/wp-json\/wp\/v2\/product"}],"about":[{"href":"https:\/\/www.valaz.es\/en\/wp-json\/wp\/v2\/types\/product"}],"wp:featuredmedia":[{"embeddable":true,"href":"https:\/\/www.valaz.es\/en\/wp-json\/wp\/v2\/media\/14735"}],"wp:attachment":[{"href":"https:\/\/www.valaz.es\/en\/wp-json\/wp\/v2\/media?parent=14743"}],"wp:term":[{"taxonomy":"product_brand","embeddable":true,"href":"https:\/\/www.valaz.es\/en\/wp-json\/wp\/v2\/product_brand?post=14743"},{"taxonomy":"product_cat","embeddable":true,"href":"https:\/\/www.valaz.es\/en\/wp-json\/wp\/v2\/product_cat?post=14743"},{"taxonomy":"product_tag","embeddable":true,"href":"https:\/\/www.valaz.es\/en\/wp-json\/wp\/v2\/product_tag?post=14743"},{"taxonomy":"serie","embeddable":true,"href":"https:\/\/www.valaz.es\/en\/wp-json\/wp\/v2\/serie?post=14743"},{"taxonomy":"manual-de-instalacion","embeddable":true,"href":"https:\/\/www.valaz.es\/en\/wp-json\/wp\/v2\/manual-de-instalacion?post=14743"},{"taxonomy":"color","embeddable":true,"href":"https:\/\/www.valaz.es\/en\/wp-json\/wp\/v2\/color?post=14743"}],"curies":[{"name":"wp","href":"https:\/\/api.w.org\/{rel}","templated":true}]}}