{"id":1469,"date":"2022-12-14T15:49:48","date_gmt":"2022-12-14T14:49:48","guid":{"rendered":"https:\/\/www.valaz.es\/?post_type=product&#038;p=1469"},"modified":"2026-04-24T12:04:24","modified_gmt":"2026-04-24T10:04:24","slug":"ducha-empotrada-monomando-cuadrada-a-techo-negro-mate-serie-mino","status":"publish","type":"product","link":"https:\/\/www.valaz.es\/en\/product\/ducha-empotrada-monomando-cuadrada-a-techo-negro-mate-serie-mino\/","title":{"rendered":"Ducha empotrada monomando cuadrada a techo negro mate &#8211; Serie Mi\u00f1o"},"content":{"rendered":"<p class=\"\" data-start=\"72\" data-end=\"235\">Ducha empotrada monomando con dise\u00f1o cuadrado, acabado en negro mate. Perfecta para quienes buscan una est\u00e9tica moderna y sofisticada en su ba\u00f1o.<\/p>\n<p class=\"\" data-start=\"237\" data-end=\"259\"><strong data-start=\"237\" data-end=\"257\">Especificaciones<\/strong><\/p>\n<ul data-start=\"260\" data-end=\"680\">\n<li class=\"\" data-start=\"260\" data-end=\"309\">\n<p class=\"\" data-start=\"262\" data-end=\"309\"><strong data-start=\"262\" data-end=\"300\">Material del cuerpo de la grifer\u00eda<\/strong>: Lat\u00f3n<\/p>\n<\/li>\n<li class=\"\" data-start=\"310\" data-end=\"357\">\n<p class=\"\" data-start=\"312\" data-end=\"357\"><strong data-start=\"312\" data-end=\"337\">Material del rociador<\/strong>: Acero inoxidable<\/p>\n<\/li>\n<li class=\"\" data-start=\"358\" data-end=\"403\">\n<p class=\"\" data-start=\"360\" data-end=\"403\"><strong data-start=\"360\" data-end=\"396\">Material de la alcachofa de mano<\/strong>: PVC<\/p>\n<\/li>\n<li class=\"\" data-start=\"404\" data-end=\"448\">\n<p class=\"\" data-start=\"406\" data-end=\"448\"><strong data-start=\"406\" data-end=\"428\">Material del flexo<\/strong>: PVC<\/p>\n<\/li>\n<li class=\"\" data-start=\"449\" data-end=\"654\">\n<p class=\"\" data-start=\"451\" data-end=\"465\"><strong data-start=\"451\" data-end=\"462\">Incluye<\/strong>:<\/p>\n<ul data-start=\"468\" data-end=\"654\">\n<li class=\"\" data-start=\"468\" data-end=\"501\">\n<p class=\"\" data-start=\"470\" data-end=\"501\">Caja box empotrado monomando de 2 v\u00edas<\/p>\n<\/li>\n<li class=\"\" data-start=\"504\" data-end=\"523\">\n<p class=\"\" data-start=\"506\" data-end=\"523\">Marco empotrado<\/p>\n<\/li>\n<li class=\"\" data-start=\"526\" data-end=\"538\">\n<p class=\"\" data-start=\"528\" data-end=\"538\">Rociador<\/p>\n<\/li>\n<li class=\"\" data-start=\"541\" data-end=\"559\">\n<p class=\"\" data-start=\"543\" data-end=\"559\">Salida de agua<\/p>\n<\/li>\n<li class=\"\" data-start=\"562\" data-end=\"596\">\n<p class=\"\" data-start=\"564\" data-end=\"596\">Soporte para alcachofa de mano<\/p>\n<\/li>\n<li class=\"\" data-start=\"599\" data-end=\"618\">\n<p class=\"\" data-start=\"601\" data-end=\"618\">Flexo de 150 cm de PVC<\/p>\n<\/li>\n<li class=\"\" data-start=\"621\" data-end=\"654\">\n<p class=\"\" data-start=\"623\" data-end=\"654\">Alcachofa de mano de PVC<\/p>\n<\/li>\n<\/ul>\n<\/li>\n<li class=\"\" data-start=\"655\" data-end=\"680\">\n<p class=\"\" data-start=\"657\" data-end=\"680\"><strong data-start=\"657\" data-end=\"668\">Acabado<\/strong>: Negro mate<\/p>\n<\/li>\n<\/ul>\n<p class=\"\" data-start=\"682\" data-end=\"697\"><strong data-start=\"682\" data-end=\"695\">Funciones<\/strong><\/p>\n<ul data-start=\"698\" data-end=\"792\">\n<li class=\"\" data-start=\"698\" data-end=\"792\">\n<p class=\"\" data-start=\"700\" data-end=\"792\">Monomando de 2 v\u00edas para controlar el flujo de agua entre el rociador y la alcachofa de mano<\/p>\n<\/li>\n<\/ul>\n","protected":false},"excerpt":{"rendered":"<p>&nbsp;<\/p>\n<p>Serie Mi\u00f1o con l\u00edneas redondas y acabados rectangulares se diferencia por tu empotrado de cuadrado y rectangular donde queda todo uniforme. Disponemos de acabados en cromado, dorado cepillado, negro mate tanto con soporte a pared como a ras del techo. Nuestro kit de ducha empotrado viene completo con caja box de 2 v\u00edas, marco o soporte a pared, rociador a elegir, salida de agua , soporte de alcachofa de mano y flexo.<\/p>\n<p>La garant\u00eda de todos nuestros productos es de 3 a\u00f1os, para funcionamiento, duraci\u00f3n del esmaltado y anticorrosi\u00f3n.<\/p>\n<p>Recomendamos para un correcto mantenimiento de la grifer\u00eda y evitar el deterioro por el uso. Secar las gotas de agua con un pa\u00f1o suave despu\u00e9s del uso, evitando que se posen en la superficie y deterioran el acabado, no utilizar esponjas que puedan rayar la grifer\u00eda, utilizar limpiadores como vinagre limpieza, agua caliente y jab\u00f3n con ph neutro.<\/p>\n<p>&nbsp;<\/p>\n<p><strong>Nuestro departamento\u00a0t\u00e9cnico\u00a0dispone de\u00a0gu\u00edas\u00a0de todos los\u00a0modelos\u00a0empotrados\u00a0que vendemos<\/strong><strong>,\u00a0si tiene alguna duda con la\u00a0instalaci\u00f3n\u00a0contacte con nosotros mediante\u00a0tel\u00e9fono,\u00a0WhatsApp\u00a0o email dentro del horario laboral indicado en la web.<\/strong><\/p>\n<p><strong>Recuerden que una vez instalado el cuerpo\u00a0empotrado\u00a0de la\u00a0grifer\u00eda\u00a0revisar de su correcto funcionamiento de paso de agua, comprobaci\u00f3n de cartuchos y corte de agua, si detecta alguna\u00a0anomal\u00eda\u00a0informe a nuestro\u00a0departamento\u00a0para darle una\u00a0soluci\u00f3n, no\u00a0contin\u00fae\u00a0con la\u00a0instalaci\u00f3n\u00a0de cerramiento de la pared.<\/strong><\/p>\n","protected":false},"featured_media":21177,"template":"","meta":[],"product_brand":[],"product_cat":[57,47],"product_tag":[],"serie":[67],"manual-de-instalacion":[85],"color":[27],"class_list":{"0":"post-1469","1":"product","2":"type-product","3":"status-publish","4":"has-post-thumbnail","6":"product_cat-duchas-empotradas","7":"product_cat-duchas","8":"pa_tamano-rociador-20cm","9":"pa_tamano-rociador-25cm","10":"pa_tamano-rociador-30cm","11":"pa_tamano-rociador-40cm","12":"serie-mino","13":"manual-de-instalacion-guia-instalacion-mino","14":"color-negro-mate","16":"first","17":"instock","18":"taxable","19":"shipping-taxable","20":"product-type-variable"},"_links":{"self":[{"href":"https:\/\/www.valaz.es\/en\/wp-json\/wp\/v2\/product\/1469","targetHints":{"allow":["GET"]}}],"collection":[{"href":"https:\/\/www.valaz.es\/en\/wp-json\/wp\/v2\/product"}],"about":[{"href":"https:\/\/www.valaz.es\/en\/wp-json\/wp\/v2\/types\/product"}],"wp:featuredmedia":[{"embeddable":true,"href":"https:\/\/www.valaz.es\/en\/wp-json\/wp\/v2\/media\/21177"}],"wp:attachment":[{"href":"https:\/\/www.valaz.es\/en\/wp-json\/wp\/v2\/media?parent=1469"}],"wp:term":[{"taxonomy":"product_brand","embeddable":true,"href":"https:\/\/www.valaz.es\/en\/wp-json\/wp\/v2\/product_brand?post=1469"},{"taxonomy":"product_cat","embeddable":true,"href":"https:\/\/www.valaz.es\/en\/wp-json\/wp\/v2\/product_cat?post=1469"},{"taxonomy":"product_tag","embeddable":true,"href":"https:\/\/www.valaz.es\/en\/wp-json\/wp\/v2\/product_tag?post=1469"},{"taxonomy":"serie","embeddable":true,"href":"https:\/\/www.valaz.es\/en\/wp-json\/wp\/v2\/serie?post=1469"},{"taxonomy":"manual-de-instalacion","embeddable":true,"href":"https:\/\/www.valaz.es\/en\/wp-json\/wp\/v2\/manual-de-instalacion?post=1469"},{"taxonomy":"color","embeddable":true,"href":"https:\/\/www.valaz.es\/en\/wp-json\/wp\/v2\/color?post=1469"}],"curies":[{"name":"wp","href":"https:\/\/api.w.org\/{rel}","templated":true}]}}