{"id":14576,"date":"2024-12-09T16:18:56","date_gmt":"2024-12-09T15:18:56","guid":{"rendered":"https:\/\/www.valaz.es\/?post_type=product&#038;p=14576"},"modified":"2025-06-27T09:44:00","modified_gmt":"2025-06-27T07:44:00","slug":"ducha-empotrada-termostatica-pared-redonda-cromada-serie-cabriel","status":"publish","type":"product","link":"https:\/\/www.valaz.es\/en\/product\/ducha-empotrada-termostatica-pared-redonda-cromada-serie-cabriel\/","title":{"rendered":"Ducha empotrada termost\u00e1tica pared redonda cromada &#8211; Serie Cabriel"},"content":{"rendered":"<p class=\"\" data-start=\"70\" data-end=\"276\">Esta ducha empotrada en pared con acabado cromado ofrece un dise\u00f1o elegante y funcional, proporcionando una experiencia de ba\u00f1o lujosa con dos funciones: el rociador de efecto lluvia y la alcachofa de mano.<\/p>\n<h5 class=\"\" data-start=\"278\" data-end=\"301\">Especificaciones:<\/h5>\n<ul data-start=\"302\" data-end=\"758\" data-is-last-node=\"\" data-is-only-node=\"\">\n<li class=\"\" data-start=\"302\" data-end=\"360\">\n<p class=\"\" data-start=\"304\" data-end=\"360\"><strong data-start=\"304\" data-end=\"339\">Rociador disponible en tama\u00f1os:<\/strong> 20 cm, 25 cm y 30 cm<\/p>\n<\/li>\n<li class=\"\" data-start=\"361\" data-end=\"537\">\n<p class=\"\" data-start=\"363\" data-end=\"375\"><strong data-start=\"363\" data-end=\"375\">Incluye:<\/strong><\/p>\n<ul data-start=\"378\" data-end=\"537\">\n<li class=\"\" data-start=\"378\" data-end=\"425\">\n<p class=\"\" data-start=\"380\" data-end=\"425\">Rociador de efecto lluvia con soporte a pared<\/p>\n<\/li>\n<li class=\"\" data-start=\"428\" data-end=\"483\">\n<p class=\"\" data-start=\"430\" data-end=\"483\">Termost\u00e1tica de 2 v\u00edas (rociador y alcachofa de mano)<\/p>\n<\/li>\n<li class=\"\" data-start=\"486\" data-end=\"503\">\n<p class=\"\" data-start=\"488\" data-end=\"503\">Flexo de 150 cm<\/p>\n<\/li>\n<li class=\"\" data-start=\"506\" data-end=\"537\">\n<p class=\"\" data-start=\"508\" data-end=\"537\">Alcachofa de mano con soporte<\/p>\n<\/li>\n<li data-start=\"506\" data-end=\"537\">Caja box empotrable<\/li>\n<\/ul>\n<\/li>\n<li class=\"\" data-start=\"538\" data-end=\"670\">\n<p class=\"\" data-start=\"540\" data-end=\"555\"><strong data-start=\"540\" data-end=\"555\">Materiales:<\/strong><\/p>\n<ul data-start=\"558\" data-end=\"670\">\n<li class=\"\" data-start=\"558\" data-end=\"588\">\n<p class=\"\" data-start=\"560\" data-end=\"588\">Rociador de acero inoxidable<\/p>\n<\/li>\n<li class=\"\" data-start=\"591\" data-end=\"611\">\n<p class=\"\" data-start=\"593\" data-end=\"611\">Monomando de lat\u00f3n<\/p>\n<\/li>\n<li class=\"\" data-start=\"614\" data-end=\"640\">\n<p class=\"\" data-start=\"616\" data-end=\"640\">Alcachofa de mano de PVC<\/p>\n<\/li>\n<li class=\"\" data-start=\"643\" data-end=\"670\">\n<p class=\"\" data-start=\"645\" data-end=\"670\">Flexo de acero inoxidable<\/p>\n<\/li>\n<\/ul>\n<\/li>\n<li class=\"\" data-start=\"671\" data-end=\"693\">\n<p class=\"\" data-start=\"673\" data-end=\"693\"><strong data-start=\"673\" data-end=\"685\">Acabado:<\/strong> Cromado<\/p>\n<\/li>\n<li class=\"\" data-start=\"694\" data-end=\"758\">\n<p class=\"\" data-start=\"696\" data-end=\"758\"><strong data-start=\"696\" data-end=\"710\">Funciones:<\/strong> Efecto lluvia del rociador y alcachofa de mano.<\/p>\n<\/li>\n<\/ul>\n","protected":false},"excerpt":{"rendered":"<p>Serie J\u00facar con l\u00ednea curvas y redondas aporta confort, elegancia y bienestar, perfecta para todo tipo de ba\u00f1os. Actualmente disponemos diferentes acabados cromados, acero cepillado, dorado cepilladlo, dorado envejecido, negro mate, blanco. Es una de nuestras series m\u00e1s completa, ya que tenemos una gran variedad Ducha empotrada donde puedes a\u00f1adir ca\u00f1o para el ba\u00f1o, grifo empotrado de lavabo, grifo de bid\u00e9, grifo t\u00f3tem empotrado de ba\u00f1era exenta. Todos nuestros modelos de grifer\u00eda empotrada incluyen la caja box con cartucho monomando y selector, soporte ducha, flexo y alcachofa de mano junto con el rociador.<br \/>\nLa garant\u00eda de todos nuestros productos es de 3 a\u00f1os, para funcionamiento, duraci\u00f3n del esmaltado y anticorrosi\u00f3n.<br \/>\nRecomendamos para un correcto mantenimiento de la grifer\u00eda y evitar el deterioro por el uso. Secar las gotas de agua con un pa\u00f1o suave despu\u00e9s del uso, evitando que se posen en la superficie y deterioran el acabado, no utilizar esponjas que puedan rayar la grifer\u00eda, utilizar limpiadores como vinagre limpieza, agua caliente y jab\u00f3n con ph neutro.<\/p>\n<p>Nuestro departamento t\u00e9cnico dispone de gu\u00edas de todos los modelos empotrados que vendemos, si tiene alguna duda con la instalaci\u00f3n contacte con nosotros mediante tel\u00e9fono, WhatsApp o email dentro del horario laboral indicado en la web.<br \/>\nRecuerden que una vez instalado el cuerpo empotrado de la grifer\u00eda revisar de su correcto funcionamiento de paso de agua, comprobaci\u00f3n de cartuchos y corte de agua, si detecta alguna anomal\u00eda informe a nuestro departamento para darle una soluci\u00f3n, no contin\u00fae con la instalaci\u00f3n de cerramiento de la pared.<\/p>\n","protected":false},"featured_media":14584,"template":"","meta":[],"product_brand":[],"product_cat":[57,47],"product_tag":[],"serie":[44],"manual-de-instalacion":[79],"color":[26],"class_list":{"0":"post-14576","1":"product","2":"type-product","3":"status-publish","4":"has-post-thumbnail","6":"product_cat-duchas-empotradas","7":"product_cat-duchas","8":"pa_tamano-rociador-20cm","9":"pa_tamano-rociador-25cm","10":"pa_tamano-rociador-30cm","11":"serie-cabriel","12":"manual-de-instalacion-guia-instalacion-duchas-empotradas-termostaticas","13":"color-cromo","15":"first","16":"instock","17":"taxable","18":"shipping-taxable","19":"product-type-variable"},"_links":{"self":[{"href":"https:\/\/www.valaz.es\/en\/wp-json\/wp\/v2\/product\/14576","targetHints":{"allow":["GET"]}}],"collection":[{"href":"https:\/\/www.valaz.es\/en\/wp-json\/wp\/v2\/product"}],"about":[{"href":"https:\/\/www.valaz.es\/en\/wp-json\/wp\/v2\/types\/product"}],"wp:featuredmedia":[{"embeddable":true,"href":"https:\/\/www.valaz.es\/en\/wp-json\/wp\/v2\/media\/14584"}],"wp:attachment":[{"href":"https:\/\/www.valaz.es\/en\/wp-json\/wp\/v2\/media?parent=14576"}],"wp:term":[{"taxonomy":"product_brand","embeddable":true,"href":"https:\/\/www.valaz.es\/en\/wp-json\/wp\/v2\/product_brand?post=14576"},{"taxonomy":"product_cat","embeddable":true,"href":"https:\/\/www.valaz.es\/en\/wp-json\/wp\/v2\/product_cat?post=14576"},{"taxonomy":"product_tag","embeddable":true,"href":"https:\/\/www.valaz.es\/en\/wp-json\/wp\/v2\/product_tag?post=14576"},{"taxonomy":"serie","embeddable":true,"href":"https:\/\/www.valaz.es\/en\/wp-json\/wp\/v2\/serie?post=14576"},{"taxonomy":"manual-de-instalacion","embeddable":true,"href":"https:\/\/www.valaz.es\/en\/wp-json\/wp\/v2\/manual-de-instalacion?post=14576"},{"taxonomy":"color","embeddable":true,"href":"https:\/\/www.valaz.es\/en\/wp-json\/wp\/v2\/color?post=14576"}],"curies":[{"name":"wp","href":"https:\/\/api.w.org\/{rel}","templated":true}]}}