{"id":14532,"date":"2024-12-04T13:21:38","date_gmt":"2024-12-04T12:21:38","guid":{"rendered":"https:\/\/www.valaz.es\/?post_type=product&#038;p=14532"},"modified":"2025-10-27T17:54:32","modified_gmt":"2025-10-27T16:54:32","slug":"ducha-empotrada-monomando-techo-cuadrada-con-maneta-hueca-cuadrada-dorado-cepillado-serie-tormes","status":"publish","type":"product","link":"https:\/\/www.valaz.es\/en\/product\/ducha-empotrada-monomando-techo-cuadrada-con-maneta-hueca-cuadrada-dorado-cepillado-serie-tormes\/","title":{"rendered":"Ducha empotrada monomando techo cuadrada con maneta hueca cuadrada dorado cepillado &#8211; Serie Tormes"},"content":{"rendered":"<p class=\"\" data-start=\"102\" data-end=\"432\">La ducha empotrada monomando techo cuadrada de la serie Tormes combina elegancia y funcionalidad, con un acabado dorado cepillado que a\u00f1ade un toque sofisticado a tu ba\u00f1o. Su dise\u00f1o cuadrado y maneta hueca cuadrada proporciona un estilo moderno y f\u00e1cil de usar. Adem\u00e1s, ofrece dos funciones para una experiencia de ducha completa.<\/p>\n<h5 class=\"\" data-start=\"434\" data-end=\"457\">Especificaciones:<\/h5>\n<ul data-start=\"459\" data-end=\"945\">\n<li class=\"\" data-start=\"459\" data-end=\"672\">\n<p class=\"\" data-start=\"461\" data-end=\"473\"><strong data-start=\"461\" data-end=\"473\">Incluye:<\/strong><\/p>\n<ul data-start=\"476\" data-end=\"672\">\n<li class=\"\" data-start=\"476\" data-end=\"549\">\n<p class=\"\" data-start=\"478\" data-end=\"549\">Rociador disponible en tama\u00f1os 20&#215;20, 25&#215;25 y 30&#215;30 con soporte a techo<\/p>\n<\/li>\n<li class=\"\" data-start=\"552\" data-end=\"618\">\n<p class=\"\" data-start=\"554\" data-end=\"618\">Monomando de 2 v\u00edas (rociador efecto lluvia y alcachofa de mano)<\/p>\n<\/li>\n<li class=\"\" data-start=\"621\" data-end=\"638\">\n<p class=\"\" data-start=\"623\" data-end=\"638\">Flexo de 150 cm<\/p>\n<\/li>\n<li class=\"\" data-start=\"641\" data-end=\"672\">\n<p class=\"\" data-start=\"643\" data-end=\"672\">Alcachofa de mano con soporte<\/p>\n<\/li>\n<li data-start=\"641\" data-end=\"672\">Caja box empotrable<\/li>\n<\/ul>\n<\/li>\n<li class=\"\" data-start=\"673\" data-end=\"809\">\n<p class=\"\" data-start=\"675\" data-end=\"690\"><strong data-start=\"675\" data-end=\"690\">Materiales:<\/strong><\/p>\n<ul data-start=\"693\" data-end=\"809\">\n<li class=\"\" data-start=\"693\" data-end=\"723\">\n<p class=\"\" data-start=\"695\" data-end=\"723\">Rociador de acero inoxidable<\/p>\n<\/li>\n<li class=\"\" data-start=\"726\" data-end=\"763\">\n<p class=\"\" data-start=\"728\" data-end=\"763\">Monomando de lat\u00f3n con maneta hueca<\/p>\n<\/li>\n<li class=\"\" data-start=\"766\" data-end=\"792\">\n<p class=\"\" data-start=\"768\" data-end=\"792\">Alcachofa de mano de lat\u00f3n<\/p>\n<\/li>\n<li class=\"\" data-start=\"795\" data-end=\"809\">\n<p class=\"\" data-start=\"797\" data-end=\"809\">Flexo de PVC<\/p>\n<\/li>\n<\/ul>\n<\/li>\n<li class=\"\" data-start=\"810\" data-end=\"841\">\n<p class=\"\" data-start=\"812\" data-end=\"841\"><strong data-start=\"812\" data-end=\"824\">Acabado:<\/strong> Dorado cepillado<\/p>\n<\/li>\n<li class=\"\" data-start=\"842\" data-end=\"945\">\n<p class=\"\" data-start=\"844\" data-end=\"945\"><strong data-start=\"844\" data-end=\"858\">Funciones:<\/strong> Efecto lluvia del rociador y alcachofa de mano para una experiencia de ducha completa.<\/p>\n<\/li>\n<\/ul>\n<p class=\"\" data-start=\"947\" data-end=\"1033\">Ideal para quienes buscan un dise\u00f1o moderno y elegante sin comprometer el rendimiento.<\/p>\n","protected":false},"excerpt":{"rendered":"<p>Serie con l\u00edneas rectas y cuadradas, destaca por su maneta hueca con acabados en cromado, dorado cepillado y negro mate, hacen de ella una serie minimalista y elegante. Disponemos de ducha empotrada a pared y grifo de lavabo.<\/p>\n<p>La garant\u00eda de todos nuestros productos es de 3 a\u00f1os, para funcionamiento, duraci\u00f3n del esmaltado y anticorrosi\u00f3n.<\/p>\n<p>Recomendamos para un correcto mantenimiento de la grifer\u00eda y evitar el deterioro por el uso. Secar las gotas de agua con un pa\u00f1o suave despu\u00e9s del uso, evitando que se posen en la superficie y deterioran el acabado, no utilizar esponjas que puedan rayar la grifer\u00eda, utilizar limpiadores como vinagre limpieza, agua caliente y jab\u00f3n con ph neutro.<\/p>\n<p>&nbsp;<\/p>\n<p><strong>Nuestro departamento\u00a0t\u00e9cnico\u00a0dispone de\u00a0gu\u00edas\u00a0de todos los\u00a0modelos\u00a0empotrados\u00a0que vendemos<\/strong><strong>,\u00a0si tiene alguna duda con la\u00a0instalaci\u00f3n\u00a0contacte con nosotros mediante\u00a0tel\u00e9fono,\u00a0WhatsApp\u00a0o email dentro del horario laboral indicado en la web.<\/strong><\/p>\n<p><strong>Recuerden que una vez instalado el cuerpo\u00a0empotrado\u00a0de la\u00a0grifer\u00eda\u00a0revisar de su correcto funcionamiento de paso de agua, comprobaci\u00f3n de cartuchos y corte de agua, si detecta alguna\u00a0anomal\u00eda\u00a0informe a nuestro\u00a0departamento\u00a0para darle una\u00a0soluci\u00f3n, no\u00a0contin\u00fae\u00a0con la\u00a0instalaci\u00f3n\u00a0de cerramiento de la pared.<\/strong><\/p>\n","protected":false},"featured_media":14502,"template":"","meta":[],"product_brand":[],"product_cat":[57,47],"product_tag":[],"serie":[65],"manual-de-instalacion":[],"color":[],"class_list":{"0":"post-14532","1":"product","2":"type-product","3":"status-publish","4":"has-post-thumbnail","6":"product_cat-duchas-empotradas","7":"product_cat-duchas","8":"pa_tamano-rociador-20cm","9":"pa_tamano-rociador-25cm","10":"pa_tamano-rociador-30cm","11":"pa_tamano-rociador-40cm","12":"serie-tormes","14":"first","15":"instock","16":"taxable","17":"shipping-taxable","18":"product-type-variable"},"_links":{"self":[{"href":"https:\/\/www.valaz.es\/en\/wp-json\/wp\/v2\/product\/14532","targetHints":{"allow":["GET"]}}],"collection":[{"href":"https:\/\/www.valaz.es\/en\/wp-json\/wp\/v2\/product"}],"about":[{"href":"https:\/\/www.valaz.es\/en\/wp-json\/wp\/v2\/types\/product"}],"wp:featuredmedia":[{"embeddable":true,"href":"https:\/\/www.valaz.es\/en\/wp-json\/wp\/v2\/media\/14502"}],"wp:attachment":[{"href":"https:\/\/www.valaz.es\/en\/wp-json\/wp\/v2\/media?parent=14532"}],"wp:term":[{"taxonomy":"product_brand","embeddable":true,"href":"https:\/\/www.valaz.es\/en\/wp-json\/wp\/v2\/product_brand?post=14532"},{"taxonomy":"product_cat","embeddable":true,"href":"https:\/\/www.valaz.es\/en\/wp-json\/wp\/v2\/product_cat?post=14532"},{"taxonomy":"product_tag","embeddable":true,"href":"https:\/\/www.valaz.es\/en\/wp-json\/wp\/v2\/product_tag?post=14532"},{"taxonomy":"serie","embeddable":true,"href":"https:\/\/www.valaz.es\/en\/wp-json\/wp\/v2\/serie?post=14532"},{"taxonomy":"manual-de-instalacion","embeddable":true,"href":"https:\/\/www.valaz.es\/en\/wp-json\/wp\/v2\/manual-de-instalacion?post=14532"},{"taxonomy":"color","embeddable":true,"href":"https:\/\/www.valaz.es\/en\/wp-json\/wp\/v2\/color?post=14532"}],"curies":[{"name":"wp","href":"https:\/\/api.w.org\/{rel}","templated":true}]}}