{"id":14488,"date":"2024-12-04T13:14:55","date_gmt":"2024-12-04T12:14:55","guid":{"rendered":"https:\/\/www.valaz.es\/?post_type=product&#038;p=14488"},"modified":"2025-06-27T08:32:33","modified_gmt":"2025-06-27T06:32:33","slug":"ducha-empotrada-monomando-techo-cuadrada-con-maneta-hueca-cuadrada-cromada-serie-tormes","status":"publish","type":"product","link":"https:\/\/www.valaz.es\/en\/product\/ducha-empotrada-monomando-techo-cuadrada-con-maneta-hueca-cuadrada-cromada-serie-tormes\/","title":{"rendered":"Ducha empotrada monomando techo cuadrada con maneta hueca cuadrada cromada &#8211; Serie Tormes"},"content":{"rendered":"<div class=\"descripcion\">\n<div class=\"descripcion\">\n<p class=\"\" data-start=\"93\" data-end=\"379\">La ducha empotrada monomando techo cuadrada de la serie Tormes con acabado cromado es perfecta para quienes buscan un estilo elegante y moderno, combinando funcionalidad y dise\u00f1o. Con un monomando de 2 v\u00edas, podr\u00e1s disfrutar de dos funciones para una experiencia de ducha personalizada.<\/p>\n<h5 class=\"\" data-start=\"381\" data-end=\"404\">Especificaciones:<\/h5>\n<ul data-start=\"406\" data-end=\"913\">\n<li class=\"\" data-start=\"406\" data-end=\"625\">\n<p class=\"\" data-start=\"408\" data-end=\"420\"><strong data-start=\"408\" data-end=\"420\">Incluye:<\/strong><\/p>\n<ul data-start=\"423\" data-end=\"625\">\n<li class=\"\" data-start=\"423\" data-end=\"502\">\n<p class=\"\" data-start=\"425\" data-end=\"502\">Rociador disponible en tama\u00f1os 20&#215;20, 25&#215;25, 30&#215;30, 40&#215;40 con soporte a techo<\/p>\n<\/li>\n<li class=\"\" data-start=\"505\" data-end=\"571\">\n<p class=\"\" data-start=\"507\" data-end=\"571\">Monomando de 2 v\u00edas (rociador efecto lluvia y alcachofa de mano)<\/p>\n<\/li>\n<li class=\"\" data-start=\"574\" data-end=\"591\">\n<p class=\"\" data-start=\"576\" data-end=\"591\">Flexo de 150 cm<\/p>\n<\/li>\n<li class=\"\" data-start=\"594\" data-end=\"625\">\n<p class=\"\" data-start=\"596\" data-end=\"625\">Alcachofa de mano con soporte<\/p>\n<\/li>\n<li data-start=\"594\" data-end=\"625\">Caja box empotrable<\/li>\n<\/ul>\n<\/li>\n<li class=\"\" data-start=\"626\" data-end=\"775\">\n<p class=\"\" data-start=\"628\" data-end=\"643\"><strong data-start=\"628\" data-end=\"643\">Materiales:<\/strong><\/p>\n<ul data-start=\"646\" data-end=\"775\">\n<li class=\"\" data-start=\"646\" data-end=\"676\">\n<p class=\"\" data-start=\"648\" data-end=\"676\">Rociador de acero inoxidable<\/p>\n<\/li>\n<li class=\"\" data-start=\"679\" data-end=\"716\">\n<p class=\"\" data-start=\"681\" data-end=\"716\">Monomando de lat\u00f3n con maneta hueca<\/p>\n<\/li>\n<li class=\"\" data-start=\"719\" data-end=\"745\">\n<p class=\"\" data-start=\"721\" data-end=\"745\">Alcachofa de mano de lat\u00f3n<\/p>\n<\/li>\n<li class=\"\" data-start=\"748\" data-end=\"775\">\n<p class=\"\" data-start=\"750\" data-end=\"775\">Flexo de acero inoxidable<\/p>\n<\/li>\n<\/ul>\n<\/li>\n<li class=\"\" data-start=\"776\" data-end=\"798\">\n<p class=\"\" data-start=\"778\" data-end=\"798\"><strong data-start=\"778\" data-end=\"790\">Acabado:<\/strong> Cromado<\/p>\n<\/li>\n<li class=\"\" data-start=\"799\" data-end=\"913\">\n<p class=\"\" data-start=\"801\" data-end=\"913\"><strong data-start=\"801\" data-end=\"815\">Funciones:<\/strong> Efecto lluvia del rociador y alcachofa de mano para una experiencia de ducha completa y vers\u00e1til.<\/p>\n<\/li>\n<\/ul>\n<p class=\"\" data-start=\"915\" data-end=\"1054\">Esta ducha cromada de alta calidad es ideal para a\u00f1adir un toque moderno a tu ba\u00f1o, brindando una experiencia de ducha c\u00f3moda y estilizada.<\/p>\n<\/div>\n<\/div>\n","protected":false},"excerpt":{"rendered":"<p>Serie con l\u00edneas rectas y cuadradas, destaca por su maneta hueca con acabados en cromado, dorado cepillado y negro mate, hacen de ella una serie minimalista y elegante. Disponemos de ducha empotrada a pared y grifo de lavabo.<\/p>\n<p>La garant\u00eda de todos nuestros productos es de 3 a\u00f1os, para funcionamiento, duraci\u00f3n del esmaltado y anticorrosi\u00f3n.<\/p>\n<p>Recomendamos para un correcto mantenimiento de la grifer\u00eda y evitar el deterioro por el uso. Secar las gotas de agua con un pa\u00f1o suave despu\u00e9s del uso, evitando que se posen en la superficie y deterioran el acabado, no utilizar esponjas que puedan rayar la grifer\u00eda, utilizar limpiadores como vinagre limpieza, agua caliente y jab\u00f3n con ph neutro.<\/p>\n<p>&nbsp;<\/p>\n<p><strong>Nuestro departamento\u00a0t\u00e9cnico\u00a0dispone de\u00a0gu\u00edas\u00a0de todos los\u00a0modelos\u00a0empotrados\u00a0que vendemos<\/strong><strong>,\u00a0si tiene alguna duda con la\u00a0instalaci\u00f3n\u00a0contacte con nosotros mediante\u00a0tel\u00e9fono,\u00a0WhatsApp\u00a0o email dentro del horario laboral indicado en la web.<\/strong><\/p>\n<p><strong>Recuerden que una vez instalado el cuerpo\u00a0empotrado\u00a0de la\u00a0grifer\u00eda\u00a0revisar de su correcto funcionamiento de paso de agua, comprobaci\u00f3n de cartuchos y corte de agua, si detecta alguna\u00a0anomal\u00eda\u00a0informe a nuestro\u00a0departamento\u00a0para darle una\u00a0soluci\u00f3n, no\u00a0contin\u00fae\u00a0con la\u00a0instalaci\u00f3n\u00a0de cerramiento de la pared.<\/strong><\/p>\n","protected":false},"featured_media":14498,"template":"","meta":[],"product_brand":[],"product_cat":[57,47],"product_tag":[],"serie":[65],"manual-de-instalacion":[],"color":[],"class_list":{"0":"post-14488","1":"product","2":"type-product","3":"status-publish","4":"has-post-thumbnail","6":"product_cat-duchas-empotradas","7":"product_cat-duchas","8":"pa_tamano-rociador-20cm","9":"pa_tamano-rociador-25cm","10":"pa_tamano-rociador-30cm","11":"pa_tamano-rociador-40cm","12":"serie-tormes","14":"first","15":"instock","16":"taxable","17":"shipping-taxable","18":"product-type-variable"},"_links":{"self":[{"href":"https:\/\/www.valaz.es\/en\/wp-json\/wp\/v2\/product\/14488","targetHints":{"allow":["GET"]}}],"collection":[{"href":"https:\/\/www.valaz.es\/en\/wp-json\/wp\/v2\/product"}],"about":[{"href":"https:\/\/www.valaz.es\/en\/wp-json\/wp\/v2\/types\/product"}],"wp:featuredmedia":[{"embeddable":true,"href":"https:\/\/www.valaz.es\/en\/wp-json\/wp\/v2\/media\/14498"}],"wp:attachment":[{"href":"https:\/\/www.valaz.es\/en\/wp-json\/wp\/v2\/media?parent=14488"}],"wp:term":[{"taxonomy":"product_brand","embeddable":true,"href":"https:\/\/www.valaz.es\/en\/wp-json\/wp\/v2\/product_brand?post=14488"},{"taxonomy":"product_cat","embeddable":true,"href":"https:\/\/www.valaz.es\/en\/wp-json\/wp\/v2\/product_cat?post=14488"},{"taxonomy":"product_tag","embeddable":true,"href":"https:\/\/www.valaz.es\/en\/wp-json\/wp\/v2\/product_tag?post=14488"},{"taxonomy":"serie","embeddable":true,"href":"https:\/\/www.valaz.es\/en\/wp-json\/wp\/v2\/serie?post=14488"},{"taxonomy":"manual-de-instalacion","embeddable":true,"href":"https:\/\/www.valaz.es\/en\/wp-json\/wp\/v2\/manual-de-instalacion?post=14488"},{"taxonomy":"color","embeddable":true,"href":"https:\/\/www.valaz.es\/en\/wp-json\/wp\/v2\/color?post=14488"}],"curies":[{"name":"wp","href":"https:\/\/api.w.org\/{rel}","templated":true}]}}