{"id":14471,"date":"2024-12-04T13:11:45","date_gmt":"2024-12-04T12:11:45","guid":{"rendered":"https:\/\/www.valaz.es\/?post_type=product&#038;p=14471"},"modified":"2026-02-06T14:53:16","modified_gmt":"2026-02-06T13:53:16","slug":"ducha-empotrada-monomando-techo-redonda-dorado-envejecido-serie-jucar","status":"publish","type":"product","link":"https:\/\/www.valaz.es\/en\/product\/ducha-empotrada-monomando-techo-redonda-dorado-envejecido-serie-jucar\/","title":{"rendered":"Ducha empotrada monomando techo redonda dorado envejecido &#8211; Serie Jucar"},"content":{"rendered":"<p class=\"\" data-start=\"75\" data-end=\"370\">La ducha empotrada monomando techo redonda de la serie J\u00facar con acabado dorado envejecido es ideal para quienes buscan un dise\u00f1o cl\u00e1sico y elegante, combinando funcionalidad y estilo. Con un monomando de 2 v\u00edas, permite disfrutar de dos funciones distintas para una experiencia de ducha \u00f3ptima.<\/p>\n<h5 class=\"\" data-start=\"372\" data-end=\"395\">Especificaciones:<\/h5>\n<ul data-start=\"397\" data-end=\"877\">\n<li class=\"\" data-start=\"397\" data-end=\"602\">\n<p class=\"\" data-start=\"399\" data-end=\"411\"><strong data-start=\"399\" data-end=\"411\">Incluye:<\/strong><\/p>\n<ul data-start=\"414\" data-end=\"602\">\n<li class=\"\" data-start=\"414\" data-end=\"479\">\n<p class=\"\" data-start=\"416\" data-end=\"479\">Rociador redondo disponible en tama\u00f1o 25 cm con soporte a techo<\/p>\n<\/li>\n<li class=\"\" data-start=\"482\" data-end=\"548\">\n<p class=\"\" data-start=\"484\" data-end=\"548\">Monomando de 2 v\u00edas (rociador efecto lluvia y alcachofa de mano)<\/p>\n<\/li>\n<li class=\"\" data-start=\"551\" data-end=\"568\">\n<p class=\"\" data-start=\"553\" data-end=\"568\">Flexo de 150 cm<\/p>\n<\/li>\n<li class=\"\" data-start=\"571\" data-end=\"602\">\n<p class=\"\" data-start=\"573\" data-end=\"602\">Alcachofa de mano con soporte<\/p>\n<\/li>\n<li data-start=\"571\" data-end=\"602\">Caja box empotrable<\/li>\n<\/ul>\n<\/li>\n<li class=\"\" data-start=\"603\" data-end=\"735\">\n<p class=\"\" data-start=\"605\" data-end=\"620\"><strong data-start=\"605\" data-end=\"620\">Materiales:<\/strong><\/p>\n<ul data-start=\"623\" data-end=\"735\">\n<li class=\"\" data-start=\"623\" data-end=\"653\">\n<p class=\"\" data-start=\"625\" data-end=\"653\">Rociador de acero inoxidable<\/p>\n<\/li>\n<li class=\"\" data-start=\"656\" data-end=\"676\">\n<p class=\"\" data-start=\"658\" data-end=\"676\">Monomando de lat\u00f3n<\/p>\n<\/li>\n<li class=\"\" data-start=\"679\" data-end=\"705\">\n<p class=\"\" data-start=\"681\" data-end=\"705\">Alcachofa de mano de PVC<\/p>\n<\/li>\n<li class=\"\" data-start=\"708\" data-end=\"735\">\n<p class=\"\" data-start=\"710\" data-end=\"735\">Flexo de PVC<\/p>\n<\/li>\n<\/ul>\n<\/li>\n<li class=\"\" data-start=\"736\" data-end=\"768\">\n<p class=\"\" data-start=\"738\" data-end=\"768\"><strong data-start=\"738\" data-end=\"750\">Acabado:<\/strong> Dorado envejecido<\/p>\n<\/li>\n<li class=\"\" data-start=\"769\" data-end=\"877\">\n<p class=\"\" data-start=\"771\" data-end=\"877\"><strong data-start=\"771\" data-end=\"785\">Funciones:<\/strong> Efecto lluvia del rociador y alcachofa de mano para una experiencia de ducha personalizada.<\/p>\n<\/li>\n<\/ul>\n<p class=\"\" data-start=\"879\" data-end=\"1037\">Este dise\u00f1o dorado envejecido aporta un toque sofisticado a tu ba\u00f1o, mientras que las dos funciones te permiten disfrutar de una ducha confortable y completa.<\/p>\n","protected":false},"excerpt":{"rendered":"<p>Serie J\u00facar con l\u00ednea curvas y redondas aporta confort, elegancia y bienestar, perfecta para todo tipo de ba\u00f1os. Actualmente disponemos diferentes acabados cromados, acero cepillado, dorado cepilladlo, dorado envejecido, negro mate, blanco. Es una de nuestras series m\u00e1s completa, ya que tenemos una gran variedad Ducha empotrada donde puedes a\u00f1adir ca\u00f1o para el ba\u00f1o, grifo empotrado de lavabo, grifo de bid\u00e9, grifo t\u00f3tem empotrado de ba\u00f1era exenta. Todos nuestros modelos de grifer\u00eda empotrada incluyen la caja box con cartucho monomando y selector, soporte ducha, flexo y alcachofa de mano junto con el rociador.<\/p>\n<p>La garant\u00eda de todos nuestros productos es de 3 a\u00f1os, para funcionamiento, duraci\u00f3n del esmaltado y anticorrosi\u00f3n.<\/p>\n<p>Recomendamos para un correcto mantenimiento de la grifer\u00eda y evitar el deterioro por el uso. Secar las gotas de agua con un pa\u00f1o suave despu\u00e9s del uso, evitando que se posen en la superficie y deterioran el acabado, no utilizar esponjas que puedan rayar la grifer\u00eda, utilizar limpiadores como vinagre limpieza, agua caliente y jab\u00f3n con ph neutro.<\/p>\n<p>&nbsp;<\/p>\n<p><strong>Nuestro departamento\u00a0t\u00e9cnico\u00a0dispone de\u00a0gu\u00edas\u00a0de todos los\u00a0modelos\u00a0empotrados\u00a0que vendemos<\/strong><strong>,\u00a0si tiene alguna duda con la\u00a0instalaci\u00f3n\u00a0contacte con nosotros mediante\u00a0tel\u00e9fono,\u00a0WhatsApp\u00a0o email dentro del horario laboral indicado en la web.<\/strong><\/p>\n<p><strong>Recuerden que una vez instalado el cuerpo\u00a0empotrado\u00a0de la\u00a0grifer\u00eda\u00a0revisar de su correcto funcionamiento de paso de agua, comprobaci\u00f3n de cartuchos y corte de agua, si detecta alguna\u00a0anomal\u00eda\u00a0informe a nuestro\u00a0departamento\u00a0para darle una\u00a0soluci\u00f3n, no\u00a0contin\u00fae\u00a0con la\u00a0instalaci\u00f3n\u00a0de cerramiento de la pared.<\/strong><\/p>\n","protected":false},"featured_media":14483,"template":"","meta":[],"product_brand":[],"product_cat":[57],"product_tag":[],"serie":[56],"manual-de-instalacion":[],"color":[],"class_list":{"0":"post-14471","1":"product","2":"type-product","3":"status-publish","4":"has-post-thumbnail","6":"product_cat-duchas-empotradas","7":"pa_tamano-rociador-20cm","8":"pa_tamano-rociador-25cm","9":"pa_tamano-rociador-30cm","10":"serie-jucar","12":"first","13":"instock","14":"taxable","15":"shipping-taxable","16":"product-type-variable"},"_links":{"self":[{"href":"https:\/\/www.valaz.es\/en\/wp-json\/wp\/v2\/product\/14471","targetHints":{"allow":["GET"]}}],"collection":[{"href":"https:\/\/www.valaz.es\/en\/wp-json\/wp\/v2\/product"}],"about":[{"href":"https:\/\/www.valaz.es\/en\/wp-json\/wp\/v2\/types\/product"}],"wp:featuredmedia":[{"embeddable":true,"href":"https:\/\/www.valaz.es\/en\/wp-json\/wp\/v2\/media\/14483"}],"wp:attachment":[{"href":"https:\/\/www.valaz.es\/en\/wp-json\/wp\/v2\/media?parent=14471"}],"wp:term":[{"taxonomy":"product_brand","embeddable":true,"href":"https:\/\/www.valaz.es\/en\/wp-json\/wp\/v2\/product_brand?post=14471"},{"taxonomy":"product_cat","embeddable":true,"href":"https:\/\/www.valaz.es\/en\/wp-json\/wp\/v2\/product_cat?post=14471"},{"taxonomy":"product_tag","embeddable":true,"href":"https:\/\/www.valaz.es\/en\/wp-json\/wp\/v2\/product_tag?post=14471"},{"taxonomy":"serie","embeddable":true,"href":"https:\/\/www.valaz.es\/en\/wp-json\/wp\/v2\/serie?post=14471"},{"taxonomy":"manual-de-instalacion","embeddable":true,"href":"https:\/\/www.valaz.es\/en\/wp-json\/wp\/v2\/manual-de-instalacion?post=14471"},{"taxonomy":"color","embeddable":true,"href":"https:\/\/www.valaz.es\/en\/wp-json\/wp\/v2\/color?post=14471"}],"curies":[{"name":"wp","href":"https:\/\/api.w.org\/{rel}","templated":true}]}}