{"id":14463,"date":"2024-12-04T13:06:48","date_gmt":"2024-12-04T12:06:48","guid":{"rendered":"https:\/\/www.valaz.es\/?post_type=product&#038;p=14463"},"modified":"2025-06-27T09:47:11","modified_gmt":"2025-06-27T07:47:11","slug":"ducha-empotrada-monomando-techo-redonda-acabado-maneta-luxury-negro-mate-serie-ofin","status":"publish","type":"product","link":"https:\/\/www.valaz.es\/en\/product\/ducha-empotrada-monomando-techo-redonda-acabado-maneta-luxury-negro-mate-serie-ofin\/","title":{"rendered":"Ducha empotrada monomando techo redonda acabado maneta luxury negro mate &#8211; Serie Ofin"},"content":{"rendered":"<p class=\"\" data-start=\"89\" data-end=\"364\">La ducha empotrada monomando techo redonda de la serie Ofin con acabado maneta luxury negro mate ofrece un dise\u00f1o contempor\u00e1neo y elegante. Esta ducha proporciona una experiencia de ba\u00f1o \u00fanica con dos funciones, ideal para aquellos que buscan un estilo moderno y sofisticado.<\/p>\n<h5 class=\"\" data-start=\"366\" data-end=\"389\">Especificaciones:<\/h5>\n<ul data-start=\"391\" data-end=\"860\">\n<li class=\"\" data-start=\"391\" data-end=\"606\">\n<p class=\"\" data-start=\"393\" data-end=\"405\"><strong data-start=\"393\" data-end=\"405\">Incluye:<\/strong><\/p>\n<ul data-start=\"408\" data-end=\"606\">\n<li class=\"\" data-start=\"408\" data-end=\"483\">\n<p class=\"\" data-start=\"410\" data-end=\"483\">Rociador redondo disponible en tama\u00f1os 20, 25 y 30 cm con soporte a techo<\/p>\n<\/li>\n<li class=\"\" data-start=\"486\" data-end=\"552\">\n<p class=\"\" data-start=\"488\" data-end=\"552\">Monomando de 2 v\u00edas (rociador efecto lluvia y alcachofa de mano)<\/p>\n<\/li>\n<li class=\"\" data-start=\"555\" data-end=\"572\">\n<p class=\"\" data-start=\"557\" data-end=\"572\">Flexo de 150 cm<\/p>\n<\/li>\n<li class=\"\" data-start=\"575\" data-end=\"606\">\n<p class=\"\" data-start=\"577\" data-end=\"606\">Alcachofa de mano con soporte<\/p>\n<\/li>\n<li data-start=\"575\" data-end=\"606\">Caja box empotrable<\/li>\n<\/ul>\n<\/li>\n<li class=\"\" data-start=\"607\" data-end=\"739\">\n<p class=\"\" data-start=\"609\" data-end=\"624\"><strong data-start=\"609\" data-end=\"624\">Materiales:<\/strong><\/p>\n<ul data-start=\"627\" data-end=\"739\">\n<li class=\"\" data-start=\"627\" data-end=\"657\">\n<p class=\"\" data-start=\"629\" data-end=\"657\">Rociador de acero inoxidable<\/p>\n<\/li>\n<li class=\"\" data-start=\"660\" data-end=\"680\">\n<p class=\"\" data-start=\"662\" data-end=\"680\">Monomando de lat\u00f3n<\/p>\n<\/li>\n<li class=\"\" data-start=\"683\" data-end=\"709\">\n<p class=\"\" data-start=\"685\" data-end=\"709\">Alcachofa de mano de PVC<\/p>\n<\/li>\n<li class=\"\" data-start=\"712\" data-end=\"739\">\n<p class=\"\" data-start=\"714\" data-end=\"739\">Flexo de PVC<\/p>\n<\/li>\n<\/ul>\n<\/li>\n<li class=\"\" data-start=\"740\" data-end=\"765\">\n<p class=\"\" data-start=\"742\" data-end=\"765\"><strong data-start=\"742\" data-end=\"754\">Acabado:<\/strong> Negro mate<\/p>\n<\/li>\n<li class=\"\" data-start=\"766\" data-end=\"860\">\n<p class=\"\" data-start=\"768\" data-end=\"783\"><strong data-start=\"768\" data-end=\"782\">Funciones:<\/strong><\/p>\n<ul data-start=\"786\" data-end=\"860\">\n<li class=\"\" data-start=\"786\" data-end=\"814\">\n<p class=\"\" data-start=\"788\" data-end=\"814\">Efecto lluvia del rociador<\/p>\n<\/li>\n<li class=\"\" data-start=\"817\" data-end=\"860\">\n<p class=\"\" data-start=\"819\" data-end=\"860\">Alcachofa de mano para mayor versatilidad<\/p>\n<\/li>\n<\/ul>\n<\/li>\n<\/ul>\n<p class=\"\" data-start=\"862\" data-end=\"1058\">Con su acabado en negro mate, esta ducha es ideal para crear ambientes de ba\u00f1o modernos y minimalistas. El dise\u00f1o de lujo y la maneta ancha permiten un control preciso y una instalaci\u00f3n impecable.<\/p>\n","protected":false},"excerpt":{"rendered":"<p>La ducha empotrada monomando techo redonda de la serie Ofin  [&#8230;]<\/p>\n","protected":false},"featured_media":14459,"template":"","meta":[],"product_brand":[],"product_cat":[57,47],"product_tag":[],"serie":[401],"manual-de-instalacion":[],"color":[],"class_list":{"0":"post-14463","1":"product","2":"type-product","3":"status-publish","4":"has-post-thumbnail","6":"product_cat-duchas-empotradas","7":"product_cat-duchas","8":"pa_tamano-rociador-20cm","9":"pa_tamano-rociador-25cm","10":"pa_tamano-rociador-30cm","11":"serie-ofin","13":"first","14":"instock","15":"taxable","16":"shipping-taxable","17":"product-type-variable"},"_links":{"self":[{"href":"https:\/\/www.valaz.es\/en\/wp-json\/wp\/v2\/product\/14463","targetHints":{"allow":["GET"]}}],"collection":[{"href":"https:\/\/www.valaz.es\/en\/wp-json\/wp\/v2\/product"}],"about":[{"href":"https:\/\/www.valaz.es\/en\/wp-json\/wp\/v2\/types\/product"}],"wp:featuredmedia":[{"embeddable":true,"href":"https:\/\/www.valaz.es\/en\/wp-json\/wp\/v2\/media\/14459"}],"wp:attachment":[{"href":"https:\/\/www.valaz.es\/en\/wp-json\/wp\/v2\/media?parent=14463"}],"wp:term":[{"taxonomy":"product_brand","embeddable":true,"href":"https:\/\/www.valaz.es\/en\/wp-json\/wp\/v2\/product_brand?post=14463"},{"taxonomy":"product_cat","embeddable":true,"href":"https:\/\/www.valaz.es\/en\/wp-json\/wp\/v2\/product_cat?post=14463"},{"taxonomy":"product_tag","embeddable":true,"href":"https:\/\/www.valaz.es\/en\/wp-json\/wp\/v2\/product_tag?post=14463"},{"taxonomy":"serie","embeddable":true,"href":"https:\/\/www.valaz.es\/en\/wp-json\/wp\/v2\/serie?post=14463"},{"taxonomy":"manual-de-instalacion","embeddable":true,"href":"https:\/\/www.valaz.es\/en\/wp-json\/wp\/v2\/manual-de-instalacion?post=14463"},{"taxonomy":"color","embeddable":true,"href":"https:\/\/www.valaz.es\/en\/wp-json\/wp\/v2\/color?post=14463"}],"curies":[{"name":"wp","href":"https:\/\/api.w.org\/{rel}","templated":true}]}}