{"id":14439,"date":"2024-12-04T12:50:23","date_gmt":"2024-12-04T11:50:23","guid":{"rendered":"https:\/\/www.valaz.es\/?post_type=product&#038;p=14439"},"modified":"2025-10-01T17:54:26","modified_gmt":"2025-10-01T15:54:26","slug":"ducha-empotrada-monomando-a-techo-redonda-negro-mate-serie-cenia","status":"publish","type":"product","link":"https:\/\/www.valaz.es\/en\/product\/ducha-empotrada-monomando-a-techo-redonda-negro-mate-serie-cenia\/","title":{"rendered":"Ducha empotrada monomando a techo redonda negro mate &#8211; Serie Cenia"},"content":{"rendered":"<p class=\"\" data-start=\"70\" data-end=\"358\">La ducha empotrada monomando a techo redonda de la serie Cenia con acabado negro mate ofrece un dise\u00f1o contempor\u00e1neo y minimalista, ideal para quienes buscan una est\u00e9tica moderna y elegante en su ba\u00f1o. Adem\u00e1s, est\u00e1 equipada con funciones avanzadas para un ba\u00f1o m\u00e1s placentero y funcional.<\/p>\n<h5 class=\"\" data-start=\"360\" data-end=\"383\">Especificaciones:<\/h5>\n<ul data-start=\"385\" data-end=\"830\">\n<li class=\"\" data-start=\"385\" data-end=\"600\">\n<p class=\"\" data-start=\"387\" data-end=\"399\"><strong data-start=\"387\" data-end=\"399\">Incluye:<\/strong><\/p>\n<ul data-start=\"402\" data-end=\"600\">\n<li class=\"\" data-start=\"402\" data-end=\"477\">\n<p class=\"\" data-start=\"404\" data-end=\"477\">Rociador redondo disponible en tama\u00f1os 20, 25 y 30 cm con soporte a techo<\/p>\n<\/li>\n<li class=\"\" data-start=\"480\" data-end=\"546\">\n<p class=\"\" data-start=\"482\" data-end=\"546\">Monomando de 2 v\u00edas (rociador efecto lluvia y alcachofa de mano)<\/p>\n<\/li>\n<li class=\"\" data-start=\"549\" data-end=\"566\">\n<p class=\"\" data-start=\"551\" data-end=\"566\">Flexo de 150 cm<\/p>\n<\/li>\n<li class=\"\" data-start=\"569\" data-end=\"600\">\n<p class=\"\" data-start=\"571\" data-end=\"600\">Alcachofa de mano con soporte<\/p>\n<\/li>\n<li data-start=\"569\" data-end=\"600\">Caja box empotrable<\/li>\n<\/ul>\n<\/li>\n<li class=\"\" data-start=\"601\" data-end=\"733\">\n<p class=\"\" data-start=\"603\" data-end=\"618\"><strong data-start=\"603\" data-end=\"618\">Materiales:<\/strong><\/p>\n<ul data-start=\"621\" data-end=\"733\">\n<li class=\"\" data-start=\"621\" data-end=\"651\">\n<p class=\"\" data-start=\"623\" data-end=\"651\">Rociador de acero inoxidable<\/p>\n<\/li>\n<li class=\"\" data-start=\"654\" data-end=\"674\">\n<p class=\"\" data-start=\"656\" data-end=\"674\">Monomando de lat\u00f3n<\/p>\n<\/li>\n<li class=\"\" data-start=\"677\" data-end=\"703\">\n<p class=\"\" data-start=\"679\" data-end=\"703\">Alcachofa de mano de PVC<\/p>\n<\/li>\n<li class=\"\" data-start=\"706\" data-end=\"733\">\n<p class=\"\" data-start=\"708\" data-end=\"733\">Flexo de PVC<\/p>\n<\/li>\n<\/ul>\n<\/li>\n<li class=\"\" data-start=\"734\" data-end=\"759\">\n<p class=\"\" data-start=\"736\" data-end=\"759\"><strong data-start=\"736\" data-end=\"748\">Acabado:<\/strong> Negro mate<\/p>\n<\/li>\n<li class=\"\" data-start=\"760\" data-end=\"830\">\n<p class=\"\" data-start=\"762\" data-end=\"777\"><strong data-start=\"762\" data-end=\"776\">Funciones:<\/strong><\/p>\n<ul data-start=\"780\" data-end=\"830\">\n<li class=\"\" data-start=\"780\" data-end=\"808\">\n<p class=\"\" data-start=\"782\" data-end=\"808\">Efecto lluvia del rociador<\/p>\n<\/li>\n<li class=\"\" data-start=\"811\" data-end=\"830\">\n<p class=\"\" data-start=\"813\" data-end=\"830\">Alcachofa de mano<\/p>\n<\/li>\n<\/ul>\n<\/li>\n<\/ul>\n<p class=\"\" data-start=\"832\" data-end=\"1077\">Con su acabado negro mate, esta ducha aporta un toque elegante y atemporal a tu espacio de ba\u00f1o. Su dise\u00f1o funcional y las dos opciones de uso (rociador y alcachofa de mano) te permiten disfrutar de una experiencia de ducha vers\u00e1til y relajante.<\/p>\n","protected":false},"excerpt":{"rendered":"<p>La ducha empotrada monomando a techo redonda de la serie  [&#8230;]<\/p>\n","protected":false},"featured_media":14431,"template":"","meta":[],"product_brand":[],"product_cat":[57],"product_tag":[],"serie":[399],"manual-de-instalacion":[],"color":[],"class_list":{"0":"post-14439","1":"product","2":"type-product","3":"status-publish","4":"has-post-thumbnail","6":"product_cat-duchas-empotradas","7":"pa_tamano-rociador-20cm","8":"pa_tamano-rociador-25cm","9":"pa_tamano-rociador-30cm","10":"serie-cenia","12":"first","13":"instock","14":"taxable","15":"shipping-taxable","16":"product-type-variable"},"_links":{"self":[{"href":"https:\/\/www.valaz.es\/en\/wp-json\/wp\/v2\/product\/14439","targetHints":{"allow":["GET"]}}],"collection":[{"href":"https:\/\/www.valaz.es\/en\/wp-json\/wp\/v2\/product"}],"about":[{"href":"https:\/\/www.valaz.es\/en\/wp-json\/wp\/v2\/types\/product"}],"wp:featuredmedia":[{"embeddable":true,"href":"https:\/\/www.valaz.es\/en\/wp-json\/wp\/v2\/media\/14431"}],"wp:attachment":[{"href":"https:\/\/www.valaz.es\/en\/wp-json\/wp\/v2\/media?parent=14439"}],"wp:term":[{"taxonomy":"product_brand","embeddable":true,"href":"https:\/\/www.valaz.es\/en\/wp-json\/wp\/v2\/product_brand?post=14439"},{"taxonomy":"product_cat","embeddable":true,"href":"https:\/\/www.valaz.es\/en\/wp-json\/wp\/v2\/product_cat?post=14439"},{"taxonomy":"product_tag","embeddable":true,"href":"https:\/\/www.valaz.es\/en\/wp-json\/wp\/v2\/product_tag?post=14439"},{"taxonomy":"serie","embeddable":true,"href":"https:\/\/www.valaz.es\/en\/wp-json\/wp\/v2\/serie?post=14439"},{"taxonomy":"manual-de-instalacion","embeddable":true,"href":"https:\/\/www.valaz.es\/en\/wp-json\/wp\/v2\/manual-de-instalacion?post=14439"},{"taxonomy":"color","embeddable":true,"href":"https:\/\/www.valaz.es\/en\/wp-json\/wp\/v2\/color?post=14439"}],"curies":[{"name":"wp","href":"https:\/\/api.w.org\/{rel}","templated":true}]}}