{"id":14404,"date":"2025-04-02T12:54:46","date_gmt":"2025-04-02T10:54:46","guid":{"rendered":"https:\/\/www.valaz.es\/?post_type=product&#038;p=14404"},"modified":"2026-04-14T11:23:08","modified_gmt":"2026-04-14T09:23:08","slug":"ducha-encastrada-monomando-a-ras-techo-cuadrada-negro-mate-serie-eresma","status":"publish","type":"product","link":"https:\/\/www.valaz.es\/en\/product\/ducha-encastrada-monomando-a-ras-techo-cuadrada-negro-mate-serie-eresma\/","title":{"rendered":"Ducha encastrada monomando a ras techo cuadrada negro mate &#8211; Serie Eresma"},"content":{"rendered":"<p class=\"\" data-start=\"77\" data-end=\"412\">La ducha encastrada monomando a ras techo cuadrada de la serie Eresma, con acabado negro mate, es la opci\u00f3n perfecta para aquellos que buscan una est\u00e9tica moderna y minimalista en su ba\u00f1o. Su dise\u00f1o a ras de techo garantiza un acabado limpio y elegante, mientras que sus materiales de alta calidad aseguran durabilidad y funcionalidad.<\/p>\n<h5 class=\"\" data-start=\"414\" data-end=\"437\">Especificaciones:<\/h5>\n<ul data-start=\"439\" data-end=\"878\">\n<li class=\"\" data-start=\"439\" data-end=\"661\">\n<p class=\"\" data-start=\"441\" data-end=\"453\"><strong data-start=\"441\" data-end=\"453\">Incluye:<\/strong><\/p>\n<ul data-start=\"456\" data-end=\"661\">\n<li class=\"\" data-start=\"456\" data-end=\"538\">\n<p class=\"\" data-start=\"458\" data-end=\"538\">Rociador cuadrado disponible en tama\u00f1os 30&#215;30 cm y 40&#215;40 cm<\/p>\n<\/li>\n<li class=\"\" data-start=\"456\" data-end=\"538\">\n<p class=\"\" data-start=\"458\" data-end=\"538\">Premarco a ras techo<\/p>\n<\/li>\n<li class=\"\" data-start=\"541\" data-end=\"607\">\n<p class=\"\" data-start=\"543\" data-end=\"607\">Monomando de 2 v\u00edas (rociador efecto lluvia y alcachofa de mano)<\/p>\n<\/li>\n<li class=\"\" data-start=\"610\" data-end=\"627\">\n<p class=\"\" data-start=\"612\" data-end=\"627\">Flexo de 150 cm<\/p>\n<\/li>\n<li class=\"\" data-start=\"630\" data-end=\"661\">\n<p class=\"\" data-start=\"632\" data-end=\"661\">Alcachofa de mano con soporte<\/p>\n<\/li>\n<\/ul>\n<\/li>\n<li class=\"\" data-start=\"662\" data-end=\"781\">\n<p class=\"\" data-start=\"664\" data-end=\"679\"><strong data-start=\"664\" data-end=\"679\">Materiales:<\/strong><\/p>\n<ul data-start=\"682\" data-end=\"781\">\n<li class=\"\" data-start=\"682\" data-end=\"712\">\n<p class=\"\" data-start=\"684\" data-end=\"712\">Rociador de acero inoxidable<\/p>\n<\/li>\n<li class=\"\" data-start=\"715\" data-end=\"735\">\n<p class=\"\" data-start=\"717\" data-end=\"735\">Monomando de lat\u00f3n<\/p>\n<\/li>\n<li class=\"\" data-start=\"738\" data-end=\"764\">\n<p class=\"\" data-start=\"740\" data-end=\"764\">Alcachofa de mano de PVC<\/p>\n<\/li>\n<li class=\"\" data-start=\"767\" data-end=\"781\">\n<p class=\"\" data-start=\"769\" data-end=\"781\">Flexo de PVC<\/p>\n<\/li>\n<\/ul>\n<\/li>\n<li class=\"\" data-start=\"782\" data-end=\"807\">\n<p class=\"\" data-start=\"784\" data-end=\"807\"><strong data-start=\"784\" data-end=\"796\">Acabado:<\/strong> Negro mate<\/p>\n<\/li>\n<li class=\"\" data-start=\"808\" data-end=\"878\">\n<p class=\"\" data-start=\"810\" data-end=\"825\"><strong data-start=\"810\" data-end=\"824\">Funciones:<\/strong><\/p>\n<ul data-start=\"828\" data-end=\"878\">\n<li class=\"\" data-start=\"828\" data-end=\"856\">\n<p class=\"\" data-start=\"830\" data-end=\"856\">Efecto lluvia del rociador<\/p>\n<\/li>\n<li class=\"\" data-start=\"859\" data-end=\"878\">\n<p class=\"\" data-start=\"861\" data-end=\"878\">Alcachofa de mano<\/p>\n<\/li>\n<\/ul>\n<\/li>\n<\/ul>\n<p class=\"\" data-start=\"880\" data-end=\"1135\">Este modelo proporciona una experiencia de ducha personalizada con la opci\u00f3n de disfrutar del efecto lluvia del rociador o utilizar la alcachofa de mano para un control m\u00e1s preciso. El acabado negro mate le da un toque elegante y moderno a cualquier ba\u00f1o.<\/p>\n","protected":false},"excerpt":{"rendered":"<p>La ducha encastrada monomando a ras techo cuadrada de la  [&#8230;]<\/p>\n","protected":false},"featured_media":14400,"template":"","meta":[],"product_brand":[],"product_cat":[57],"product_tag":[],"serie":[45],"manual-de-instalacion":[86],"color":[27],"class_list":{"0":"post-14404","1":"product","2":"type-product","3":"status-publish","4":"has-post-thumbnail","6":"product_cat-duchas-empotradas","7":"pa_tamano-rociador-30cm","8":"pa_tamano-rociador-40cm","9":"serie-eresma","10":"manual-de-instalacion-guia-instalacion-ducha-ras","11":"color-negro-mate","13":"first","14":"instock","15":"taxable","16":"shipping-taxable","17":"product-type-variable"},"_links":{"self":[{"href":"https:\/\/www.valaz.es\/en\/wp-json\/wp\/v2\/product\/14404","targetHints":{"allow":["GET"]}}],"collection":[{"href":"https:\/\/www.valaz.es\/en\/wp-json\/wp\/v2\/product"}],"about":[{"href":"https:\/\/www.valaz.es\/en\/wp-json\/wp\/v2\/types\/product"}],"wp:featuredmedia":[{"embeddable":true,"href":"https:\/\/www.valaz.es\/en\/wp-json\/wp\/v2\/media\/14400"}],"wp:attachment":[{"href":"https:\/\/www.valaz.es\/en\/wp-json\/wp\/v2\/media?parent=14404"}],"wp:term":[{"taxonomy":"product_brand","embeddable":true,"href":"https:\/\/www.valaz.es\/en\/wp-json\/wp\/v2\/product_brand?post=14404"},{"taxonomy":"product_cat","embeddable":true,"href":"https:\/\/www.valaz.es\/en\/wp-json\/wp\/v2\/product_cat?post=14404"},{"taxonomy":"product_tag","embeddable":true,"href":"https:\/\/www.valaz.es\/en\/wp-json\/wp\/v2\/product_tag?post=14404"},{"taxonomy":"serie","embeddable":true,"href":"https:\/\/www.valaz.es\/en\/wp-json\/wp\/v2\/serie?post=14404"},{"taxonomy":"manual-de-instalacion","embeddable":true,"href":"https:\/\/www.valaz.es\/en\/wp-json\/wp\/v2\/manual-de-instalacion?post=14404"},{"taxonomy":"color","embeddable":true,"href":"https:\/\/www.valaz.es\/en\/wp-json\/wp\/v2\/color?post=14404"}],"curies":[{"name":"wp","href":"https:\/\/api.w.org\/{rel}","templated":true}]}}