{"id":14386,"date":"2025-04-02T12:59:26","date_gmt":"2025-04-02T10:59:26","guid":{"rendered":"https:\/\/www.valaz.es\/?post_type=product&#038;p=14386"},"modified":"2025-06-27T09:19:14","modified_gmt":"2025-06-27T07:19:14","slug":"ducha-encastrada-termostatica-a-ras-techo-cuadrada-cromada-serie-eresma","status":"publish","type":"product","link":"https:\/\/www.valaz.es\/en\/product\/ducha-encastrada-termostatica-a-ras-techo-cuadrada-cromada-serie-eresma\/","title":{"rendered":"Ducha encastrada termost\u00e1tica a ras techo cuadrada cromada &#8211; Serie Eresma"},"content":{"rendered":"<p class=\"\" data-start=\"77\" data-end=\"393\">Esta ducha encastrada termost\u00e1tica a ras techo cuadrada de la serie Eresma con acabado cromado es ideal para quienes buscan una ducha moderna y funcional. Con un dise\u00f1o a ras de techo, aporta un estilo minimalista y elegante, mientras que su control termost\u00e1tico ofrece una experiencia de ducha m\u00e1s precisa y c\u00f3moda.<\/p>\n<h5 class=\"\" data-start=\"395\" data-end=\"418\">Especificaciones:<\/h5>\n<ul data-start=\"420\" data-end=\"862\">\n<li class=\"\" data-start=\"420\" data-end=\"649\">\n<p class=\"\" data-start=\"422\" data-end=\"434\"><strong data-start=\"422\" data-end=\"434\">Incluye:<\/strong><\/p>\n<ul data-start=\"437\" data-end=\"649\">\n<li class=\"\" data-start=\"437\" data-end=\"523\">\n<p class=\"\" data-start=\"439\" data-end=\"523\">Rociador cuadrado disponible en tama\u00f1os 30&#215;30 cm y 40&#215;40 cm<\/p>\n<\/li>\n<li class=\"\" data-start=\"437\" data-end=\"523\">\n<p class=\"\" data-start=\"439\" data-end=\"523\">Premarco a ras techo<\/p>\n<\/li>\n<li class=\"\" data-start=\"526\" data-end=\"595\">\n<p class=\"\" data-start=\"528\" data-end=\"595\">Termost\u00e1tico de 2 v\u00edas (rociador efecto lluvia y alcachofa de mano)<\/p>\n<\/li>\n<li class=\"\" data-start=\"598\" data-end=\"615\">\n<p class=\"\" data-start=\"600\" data-end=\"615\">Flexo de 150 cm<\/p>\n<\/li>\n<li class=\"\" data-start=\"618\" data-end=\"649\">\n<p class=\"\" data-start=\"620\" data-end=\"649\">Alcachofa de mano con soporte<\/p>\n<\/li>\n<li data-start=\"618\" data-end=\"649\">Caja box empotrable<\/li>\n<\/ul>\n<\/li>\n<li class=\"\" data-start=\"650\" data-end=\"769\">\n<p class=\"\" data-start=\"652\" data-end=\"667\"><strong data-start=\"652\" data-end=\"667\">Materiales:<\/strong><\/p>\n<ul data-start=\"670\" data-end=\"769\">\n<li class=\"\" data-start=\"670\" data-end=\"700\">\n<p class=\"\" data-start=\"672\" data-end=\"700\">Rociador de acero inoxidable<\/p>\n<\/li>\n<li class=\"\" data-start=\"703\" data-end=\"723\">\n<p class=\"\" data-start=\"705\" data-end=\"723\">Monomando de lat\u00f3n<\/p>\n<\/li>\n<li class=\"\" data-start=\"726\" data-end=\"752\">\n<p class=\"\" data-start=\"728\" data-end=\"752\">Alcachofa de mano de PVC<\/p>\n<\/li>\n<li class=\"\" data-start=\"755\" data-end=\"769\">\n<p class=\"\" data-start=\"757\" data-end=\"769\">Flexo de acero inoxidable<\/p>\n<\/li>\n<\/ul>\n<\/li>\n<li class=\"\" data-start=\"770\" data-end=\"792\">\n<p class=\"\" data-start=\"772\" data-end=\"792\"><strong data-start=\"772\" data-end=\"784\">Acabado:<\/strong> Cromado<\/p>\n<\/li>\n<li class=\"\" data-start=\"793\" data-end=\"862\">\n<p class=\"\" data-start=\"795\" data-end=\"809\"><strong data-start=\"795\" data-end=\"809\">Funciones:<\/strong><\/p>\n<ul data-start=\"812\" data-end=\"862\">\n<li class=\"\" data-start=\"812\" data-end=\"840\">\n<p class=\"\" data-start=\"814\" data-end=\"840\">Efecto lluvia del rociador<\/p>\n<\/li>\n<li class=\"\" data-start=\"843\" data-end=\"862\">\n<p class=\"\" data-start=\"845\" data-end=\"862\">Alcachofa de mano<\/p>\n<\/li>\n<\/ul>\n<\/li>\n<\/ul>\n<p class=\"\" data-start=\"864\" data-end=\"1136\">El termostato asegura que el agua se mantenga a una temperatura constante, lo que mejora la comodidad y seguridad al utilizar la ducha. Las dos funciones te permiten elegir entre un rociador de lluvia relajante o una alcachofa de mano para un control m\u00e1s preciso del agua.<\/p>\n","protected":false},"excerpt":{"rendered":"<p>Esta ducha encastrada termost\u00e1tica a ras techo cuadrada de la  [&#8230;]<\/p>\n","protected":false},"featured_media":14373,"template":"","meta":[],"product_brand":[],"product_cat":[57],"product_tag":[],"serie":[45],"manual-de-instalacion":[86],"color":[26],"class_list":{"0":"post-14386","1":"product","2":"type-product","3":"status-publish","4":"has-post-thumbnail","6":"product_cat-duchas-empotradas","7":"pa_tamano-rociador-30cm","8":"pa_tamano-rociador-40cm","9":"serie-eresma","10":"manual-de-instalacion-guia-instalacion-ducha-ras","11":"color-cromo","13":"first","14":"instock","15":"taxable","16":"shipping-taxable","17":"product-type-variable"},"_links":{"self":[{"href":"https:\/\/www.valaz.es\/en\/wp-json\/wp\/v2\/product\/14386","targetHints":{"allow":["GET"]}}],"collection":[{"href":"https:\/\/www.valaz.es\/en\/wp-json\/wp\/v2\/product"}],"about":[{"href":"https:\/\/www.valaz.es\/en\/wp-json\/wp\/v2\/types\/product"}],"wp:featuredmedia":[{"embeddable":true,"href":"https:\/\/www.valaz.es\/en\/wp-json\/wp\/v2\/media\/14373"}],"wp:attachment":[{"href":"https:\/\/www.valaz.es\/en\/wp-json\/wp\/v2\/media?parent=14386"}],"wp:term":[{"taxonomy":"product_brand","embeddable":true,"href":"https:\/\/www.valaz.es\/en\/wp-json\/wp\/v2\/product_brand?post=14386"},{"taxonomy":"product_cat","embeddable":true,"href":"https:\/\/www.valaz.es\/en\/wp-json\/wp\/v2\/product_cat?post=14386"},{"taxonomy":"product_tag","embeddable":true,"href":"https:\/\/www.valaz.es\/en\/wp-json\/wp\/v2\/product_tag?post=14386"},{"taxonomy":"serie","embeddable":true,"href":"https:\/\/www.valaz.es\/en\/wp-json\/wp\/v2\/serie?post=14386"},{"taxonomy":"manual-de-instalacion","embeddable":true,"href":"https:\/\/www.valaz.es\/en\/wp-json\/wp\/v2\/manual-de-instalacion?post=14386"},{"taxonomy":"color","embeddable":true,"href":"https:\/\/www.valaz.es\/en\/wp-json\/wp\/v2\/color?post=14386"}],"curies":[{"name":"wp","href":"https:\/\/api.w.org\/{rel}","templated":true}]}}