{"id":14304,"date":"2025-04-02T12:36:15","date_gmt":"2025-04-02T10:36:15","guid":{"rendered":"https:\/\/www.valaz.es\/?post_type=product&#038;p=14304"},"modified":"2025-08-28T16:55:08","modified_gmt":"2025-08-28T14:55:08","slug":"ducha-empotrada-monomando-techo-redonda-oro-mate-con-proteccion-pvd-con-maneta-ancha-serie-cabriel","status":"publish","type":"product","link":"https:\/\/www.valaz.es\/en\/product\/ducha-empotrada-monomando-techo-redonda-oro-mate-con-proteccion-pvd-con-maneta-ancha-serie-cabriel\/","title":{"rendered":"Ducha empotrada monomando techo redonda oro mate con protecci\u00f3n PVD con maneta ancha &#8211; Serie Cabriel"},"content":{"rendered":"<p class=\"\" data-start=\"104\" data-end=\"343\">Esta ducha empotrada de techo con acabado en oro mate y protecci\u00f3n PVD ofrece un dise\u00f1o elegante y funcional, con una maneta ancha que permite un manejo c\u00f3modo y preciso. Ideal para quienes buscan una experiencia de ducha moderna y lujosa.<\/p>\n<h5 class=\"\" data-start=\"345\" data-end=\"368\">Especificaciones:<\/h5>\n<ul data-start=\"370\" data-end=\"652\" data-is-last-node=\"\" data-is-only-node=\"\">\n<li class=\"\" data-start=\"370\" data-end=\"609\">\n<p class=\"\" data-start=\"372\" data-end=\"384\"><strong data-start=\"372\" data-end=\"384\">Incluye:<\/strong><\/p>\n<ul data-start=\"387\" data-end=\"609\">\n<li class=\"\" data-start=\"387\" data-end=\"401\">\n<p class=\"\" data-start=\"389\" data-end=\"401\">Embellecedor<\/p>\n<\/li>\n<li class=\"\" data-start=\"404\" data-end=\"473\">\n<p class=\"\" data-start=\"406\" data-end=\"473\">Soporte de rociador y rociador (disponible en 20 cm, 25 cm y 30 cm)<\/p>\n<\/li>\n<li class=\"\" data-start=\"476\" data-end=\"508\">\n<p class=\"\" data-start=\"478\" data-end=\"508\">Soporte para alcachofa de mano<\/p>\n<\/li>\n<li class=\"\" data-start=\"511\" data-end=\"530\">\n<p class=\"\" data-start=\"513\" data-end=\"530\">Alcachofa de mano<\/p>\n<\/li>\n<li class=\"\" data-start=\"533\" data-end=\"549\">\n<p class=\"\" data-start=\"535\" data-end=\"549\">Flexo de ducha<\/p>\n<\/li>\n<li class=\"\" data-start=\"552\" data-end=\"562\">\n<p class=\"\" data-start=\"554\" data-end=\"562\">Caja box<\/p>\n<\/li>\n<li class=\"\" data-start=\"565\" data-end=\"579\">\n<p class=\"\" data-start=\"567\" data-end=\"579\">Embellecedor<\/p>\n<\/li>\n<li class=\"\" data-start=\"582\" data-end=\"596\">\n<p class=\"\" data-start=\"584\" data-end=\"596\">Maneta ancha<\/p>\n<\/li>\n<li class=\"\" data-start=\"599\" data-end=\"609\">\n<p class=\"\" data-start=\"601\" data-end=\"609\">Selector<\/p>\n<\/li>\n<\/ul>\n<\/li>\n<li class=\"\" data-start=\"610\" data-end=\"652\">\n<p class=\"\" data-start=\"612\" data-end=\"652\"><strong data-start=\"612\" data-end=\"624\">Acabado:<\/strong> Oro mate con protecci\u00f3n PVD<\/p>\n<\/li>\n<\/ul>\n","protected":false},"excerpt":{"rendered":"<p>Esta ducha empotrada de techo con acabado en oro mate  [&#8230;]<\/p>\n","protected":false},"featured_media":14545,"template":"","meta":[],"product_brand":[],"product_cat":[57],"product_tag":[],"serie":[44],"manual-de-instalacion":[78],"color":[350],"class_list":{"0":"post-14304","1":"product","2":"type-product","3":"status-publish","4":"has-post-thumbnail","6":"product_cat-duchas-empotradas","7":"pa_tamano-rociador-20cm","8":"pa_tamano-rociador-25cm","9":"pa_tamano-rociador-30cm","10":"serie-cabriel","11":"manual-de-instalacion-guia-instalacion-duchas-empotradas-monomando","12":"color-oro-mate-cepillado","14":"first","15":"instock","16":"taxable","17":"shipping-taxable","18":"product-type-variable"},"_links":{"self":[{"href":"https:\/\/www.valaz.es\/en\/wp-json\/wp\/v2\/product\/14304","targetHints":{"allow":["GET"]}}],"collection":[{"href":"https:\/\/www.valaz.es\/en\/wp-json\/wp\/v2\/product"}],"about":[{"href":"https:\/\/www.valaz.es\/en\/wp-json\/wp\/v2\/types\/product"}],"wp:featuredmedia":[{"embeddable":true,"href":"https:\/\/www.valaz.es\/en\/wp-json\/wp\/v2\/media\/14545"}],"wp:attachment":[{"href":"https:\/\/www.valaz.es\/en\/wp-json\/wp\/v2\/media?parent=14304"}],"wp:term":[{"taxonomy":"product_brand","embeddable":true,"href":"https:\/\/www.valaz.es\/en\/wp-json\/wp\/v2\/product_brand?post=14304"},{"taxonomy":"product_cat","embeddable":true,"href":"https:\/\/www.valaz.es\/en\/wp-json\/wp\/v2\/product_cat?post=14304"},{"taxonomy":"product_tag","embeddable":true,"href":"https:\/\/www.valaz.es\/en\/wp-json\/wp\/v2\/product_tag?post=14304"},{"taxonomy":"serie","embeddable":true,"href":"https:\/\/www.valaz.es\/en\/wp-json\/wp\/v2\/serie?post=14304"},{"taxonomy":"manual-de-instalacion","embeddable":true,"href":"https:\/\/www.valaz.es\/en\/wp-json\/wp\/v2\/manual-de-instalacion?post=14304"},{"taxonomy":"color","embeddable":true,"href":"https:\/\/www.valaz.es\/en\/wp-json\/wp\/v2\/color?post=14304"}],"curies":[{"name":"wp","href":"https:\/\/api.w.org\/{rel}","templated":true}]}}