{"id":14288,"date":"2025-04-02T12:40:29","date_gmt":"2025-04-02T10:40:29","guid":{"rendered":"https:\/\/www.valaz.es\/?post_type=product&#038;p=14288"},"modified":"2026-04-14T13:23:16","modified_gmt":"2026-04-14T11:23:16","slug":"ducha-empotrada-monomando-pared-redonda-oro-mate-con-proteccion-pvd-con-maneta-ancha-serie-cabriel","status":"publish","type":"product","link":"https:\/\/www.valaz.es\/en\/product\/ducha-empotrada-monomando-pared-redonda-oro-mate-con-proteccion-pvd-con-maneta-ancha-serie-cabriel\/","title":{"rendered":"Ducha empotrada monomando pared redonda oro mate con protecci\u00f3n PVD con maneta ancha &#8211; Serie Cabriel"},"content":{"rendered":"<p class=\"\" data-start=\"104\" data-end=\"340\">Esta ducha empotrada con acabado oro mate y protecci\u00f3n PVD ofrece una est\u00e9tica moderna y duradera, ideal para cualquier ba\u00f1o. Su dise\u00f1o con maneta ancha facilita un uso c\u00f3modo y preciso, garantizando una experiencia de ducha agradable.<\/p>\n<h5 class=\"\" data-start=\"342\" data-end=\"365\">Especificaciones:<\/h5>\n<ul data-start=\"367\" data-end=\"710\" data-is-last-node=\"\" data-is-only-node=\"\">\n<li class=\"\" data-start=\"367\" data-end=\"617\">\n<p class=\"\" data-start=\"369\" data-end=\"381\"><strong data-start=\"369\" data-end=\"381\">Incluye:<\/strong><\/p>\n<ul data-start=\"384\" data-end=\"617\">\n<li class=\"\" data-start=\"384\" data-end=\"398\">\n<p class=\"\" data-start=\"386\" data-end=\"398\">Embellecedor<\/p>\n<\/li>\n<li class=\"\" data-start=\"401\" data-end=\"481\">\n<p class=\"\" data-start=\"403\" data-end=\"481\">Soporte de rociador y rociador (disponible en tama\u00f1os de 20 cm, 25 cm y 30 cm)<\/p>\n<\/li>\n<li class=\"\" data-start=\"484\" data-end=\"516\">\n<p class=\"\" data-start=\"486\" data-end=\"516\">Soporte para alcachofa de mano<\/p>\n<\/li>\n<li class=\"\" data-start=\"519\" data-end=\"538\">\n<p class=\"\" data-start=\"521\" data-end=\"538\">Alcachofa de mano en PVC<\/p>\n<\/li>\n<li class=\"\" data-start=\"541\" data-end=\"557\">\n<p class=\"\" data-start=\"543\" data-end=\"557\">Flexo de ducha en PVC<\/p>\n<\/li>\n<li class=\"\" data-start=\"560\" data-end=\"570\">\n<p class=\"\" data-start=\"562\" data-end=\"570\">Caja box<\/p>\n<\/li>\n<li class=\"\" data-start=\"573\" data-end=\"587\">\n<p class=\"\" data-start=\"575\" data-end=\"587\">Embellecedor<\/p>\n<\/li>\n<li class=\"\" data-start=\"590\" data-end=\"604\">\n<p class=\"\" data-start=\"592\" data-end=\"604\">Maneta ancha<\/p>\n<\/li>\n<li class=\"\" data-start=\"607\" data-end=\"617\">\n<p class=\"\" data-start=\"609\" data-end=\"617\">Selector<\/p>\n<\/li>\n<\/ul>\n<\/li>\n<li class=\"\" data-start=\"618\" data-end=\"710\">\n<p class=\"\" data-start=\"620\" data-end=\"710\"><strong data-start=\"620\" data-end=\"632\">Acabado:<\/strong> Oro mate con protecci\u00f3n PVD, que proporciona mayor resistencia y durabilidad.<\/p>\n<\/li>\n<\/ul>\n","protected":false},"excerpt":{"rendered":"<p>Esta ducha empotrada con acabado oro mate y protecci\u00f3n PVD  [&#8230;]<\/p>\n","protected":false},"featured_media":14549,"template":"","meta":[],"product_brand":[],"product_cat":[57],"product_tag":[],"serie":[44],"manual-de-instalacion":[],"color":[],"class_list":{"0":"post-14288","1":"product","2":"type-product","3":"status-publish","4":"has-post-thumbnail","6":"product_cat-duchas-empotradas","7":"pa_tamano-rociador-20cm","8":"pa_tamano-rociador-25cm","9":"pa_tamano-rociador-30cm","10":"serie-cabriel","12":"first","13":"instock","14":"taxable","15":"shipping-taxable","16":"product-type-variable"},"_links":{"self":[{"href":"https:\/\/www.valaz.es\/en\/wp-json\/wp\/v2\/product\/14288","targetHints":{"allow":["GET"]}}],"collection":[{"href":"https:\/\/www.valaz.es\/en\/wp-json\/wp\/v2\/product"}],"about":[{"href":"https:\/\/www.valaz.es\/en\/wp-json\/wp\/v2\/types\/product"}],"wp:featuredmedia":[{"embeddable":true,"href":"https:\/\/www.valaz.es\/en\/wp-json\/wp\/v2\/media\/14549"}],"wp:attachment":[{"href":"https:\/\/www.valaz.es\/en\/wp-json\/wp\/v2\/media?parent=14288"}],"wp:term":[{"taxonomy":"product_brand","embeddable":true,"href":"https:\/\/www.valaz.es\/en\/wp-json\/wp\/v2\/product_brand?post=14288"},{"taxonomy":"product_cat","embeddable":true,"href":"https:\/\/www.valaz.es\/en\/wp-json\/wp\/v2\/product_cat?post=14288"},{"taxonomy":"product_tag","embeddable":true,"href":"https:\/\/www.valaz.es\/en\/wp-json\/wp\/v2\/product_tag?post=14288"},{"taxonomy":"serie","embeddable":true,"href":"https:\/\/www.valaz.es\/en\/wp-json\/wp\/v2\/serie?post=14288"},{"taxonomy":"manual-de-instalacion","embeddable":true,"href":"https:\/\/www.valaz.es\/en\/wp-json\/wp\/v2\/manual-de-instalacion?post=14288"},{"taxonomy":"color","embeddable":true,"href":"https:\/\/www.valaz.es\/en\/wp-json\/wp\/v2\/color?post=14288"}],"curies":[{"name":"wp","href":"https:\/\/api.w.org\/{rel}","templated":true}]}}