{"id":14280,"date":"2024-11-29T12:53:15","date_gmt":"2024-11-29T11:53:15","guid":{"rendered":"https:\/\/www.valaz.es\/?post_type=product&#038;p=14280"},"modified":"2026-01-22T13:04:00","modified_gmt":"2026-01-22T12:04:00","slug":"ducha-encastrada-monomando-a-ras-techo-cuadrada-oro-mate-cepillado-serie-mino","status":"publish","type":"product","link":"https:\/\/www.valaz.es\/en\/product\/ducha-encastrada-monomando-a-ras-techo-cuadrada-oro-mate-cepillado-serie-mino\/","title":{"rendered":"Ducha encastrada monomando a ras techo cuadrada oro mate con protecci\u00f3n PVD &#8211; Serie Mi\u00f1o"},"content":{"rendered":"<p class=\"\" data-start=\"92\" data-end=\"376\">La <strong data-start=\"95\" data-end=\"146\">Ducha encastrada monomando a ras techo cuadrada<\/strong> de la serie Mi\u00f1o ofrece un dise\u00f1o elegante y moderno con un acabado de oro mate cepillado y una protecci\u00f3n PVD que asegura mayor durabilidad y resistencia al desgaste. Esta ducha aporta un toque de lujo y sofisticaci\u00f3n a tu ba\u00f1o.<\/p>\n<h5 class=\"\" data-start=\"378\" data-end=\"401\">Especificaciones:<\/h5>\n<ul data-start=\"403\" data-end=\"889\">\n<li class=\"\" data-start=\"403\" data-end=\"601\">\n<p class=\"\" data-start=\"405\" data-end=\"417\"><strong data-start=\"405\" data-end=\"417\">Incluye:<\/strong><\/p>\n<ul data-start=\"420\" data-end=\"601\">\n<li class=\"\" data-start=\"420\" data-end=\"451\">\n<p class=\"\" data-start=\"422\" data-end=\"451\">Empotrado monomando de 2 v\u00edas<\/p>\n<\/li>\n<li class=\"\" data-start=\"420\" data-end=\"451\">\n<p class=\"\" data-start=\"422\" data-end=\"451\">Premarco a ras techo<\/p>\n<\/li>\n<li class=\"\" data-start=\"474\" data-end=\"505\">\n<p class=\"\" data-start=\"476\" data-end=\"505\">Rociador cuadrado de 30&#215;30 cm<\/p>\n<\/li>\n<li class=\"\" data-start=\"508\" data-end=\"524\">\n<p class=\"\" data-start=\"510\" data-end=\"524\">Salida de agua<\/p>\n<\/li>\n<li class=\"\" data-start=\"527\" data-end=\"559\">\n<p class=\"\" data-start=\"529\" data-end=\"559\">Soporte para alcachofa de mano<\/p>\n<\/li>\n<li class=\"\" data-start=\"562\" data-end=\"579\">\n<p class=\"\" data-start=\"564\" data-end=\"579\">Flexo de 150 cm<\/p>\n<\/li>\n<li class=\"\" data-start=\"582\" data-end=\"601\">\n<p class=\"\" data-start=\"584\" data-end=\"601\">Alcachofa de mano<\/p>\n<\/li>\n<li data-start=\"582\" data-end=\"601\">Caja box empotrable<\/li>\n<\/ul>\n<\/li>\n<li class=\"\" data-start=\"602\" data-end=\"733\">\n<p class=\"\" data-start=\"604\" data-end=\"619\"><strong data-start=\"604\" data-end=\"619\">Materiales:<\/strong><\/p>\n<ul data-start=\"622\" data-end=\"733\">\n<li class=\"\" data-start=\"622\" data-end=\"654\">\n<p class=\"\" data-start=\"624\" data-end=\"654\">Cuerpo de la grifer\u00eda de lat\u00f3n<\/p>\n<\/li>\n<li class=\"\" data-start=\"657\" data-end=\"687\">\n<p class=\"\" data-start=\"659\" data-end=\"687\">Rociador de acero inoxidable<\/p>\n<\/li>\n<li class=\"\" data-start=\"690\" data-end=\"716\">\n<p class=\"\" data-start=\"692\" data-end=\"716\">Alcachofa de mano de PVC<\/p>\n<\/li>\n<li class=\"\" data-start=\"719\" data-end=\"733\">\n<p class=\"\" data-start=\"721\" data-end=\"733\">Flexo de PVC<\/p>\n<\/li>\n<\/ul>\n<\/li>\n<li class=\"\" data-start=\"734\" data-end=\"786\">\n<p class=\"\" data-start=\"736\" data-end=\"786\"><strong data-start=\"736\" data-end=\"748\">Acabado:<\/strong> Oro mate cepillado con protecci\u00f3n PVD<\/p>\n<\/li>\n<li class=\"\" data-start=\"787\" data-end=\"889\">\n<p class=\"\" data-start=\"789\" data-end=\"889\"><strong data-start=\"789\" data-end=\"803\">Funciones:<\/strong> El sistema ofrece dos funciones, el rociador de efecto lluvia y la alcachofa de mano.<\/p>\n<\/li>\n<\/ul>\n<p class=\"\" data-start=\"891\" data-end=\"1229\">Con su dise\u00f1o a ras de techo y su acabado de oro mate cepillado, esta ducha no solo ofrece un alto rendimiento, sino que tambi\u00e9n proporciona un estilo moderno y sofisticado a cualquier ba\u00f1o. La protecci\u00f3n PVD garantiza una mayor durabilidad y resistencia a la corrosi\u00f3n, asegurando que el acabado se mantenga impecable durante m\u00e1s tiempo.<\/p>\n","protected":false},"excerpt":{"rendered":"<p>La Ducha encastrada monomando a ras techo cuadrada de la  [&#8230;]<\/p>\n","protected":false},"featured_media":14272,"template":"","meta":[],"product_brand":[],"product_cat":[57],"product_tag":[],"serie":[67],"manual-de-instalacion":[86],"color":[350],"class_list":{"0":"post-14280","1":"product","2":"type-product","3":"status-publish","4":"has-post-thumbnail","6":"product_cat-duchas-empotradas","7":"serie-mino","8":"manual-de-instalacion-guia-instalacion-ducha-ras","9":"color-oro-mate-cepillado","11":"first","12":"instock","13":"taxable","14":"shipping-taxable","15":"product-type-simple"},"_links":{"self":[{"href":"https:\/\/www.valaz.es\/en\/wp-json\/wp\/v2\/product\/14280","targetHints":{"allow":["GET"]}}],"collection":[{"href":"https:\/\/www.valaz.es\/en\/wp-json\/wp\/v2\/product"}],"about":[{"href":"https:\/\/www.valaz.es\/en\/wp-json\/wp\/v2\/types\/product"}],"wp:featuredmedia":[{"embeddable":true,"href":"https:\/\/www.valaz.es\/en\/wp-json\/wp\/v2\/media\/14272"}],"wp:attachment":[{"href":"https:\/\/www.valaz.es\/en\/wp-json\/wp\/v2\/media?parent=14280"}],"wp:term":[{"taxonomy":"product_brand","embeddable":true,"href":"https:\/\/www.valaz.es\/en\/wp-json\/wp\/v2\/product_brand?post=14280"},{"taxonomy":"product_cat","embeddable":true,"href":"https:\/\/www.valaz.es\/en\/wp-json\/wp\/v2\/product_cat?post=14280"},{"taxonomy":"product_tag","embeddable":true,"href":"https:\/\/www.valaz.es\/en\/wp-json\/wp\/v2\/product_tag?post=14280"},{"taxonomy":"serie","embeddable":true,"href":"https:\/\/www.valaz.es\/en\/wp-json\/wp\/v2\/serie?post=14280"},{"taxonomy":"manual-de-instalacion","embeddable":true,"href":"https:\/\/www.valaz.es\/en\/wp-json\/wp\/v2\/manual-de-instalacion?post=14280"},{"taxonomy":"color","embeddable":true,"href":"https:\/\/www.valaz.es\/en\/wp-json\/wp\/v2\/color?post=14280"}],"curies":[{"name":"wp","href":"https:\/\/api.w.org\/{rel}","templated":true}]}}