{"id":14252,"date":"2024-11-29T12:53:08","date_gmt":"2024-11-29T11:53:08","guid":{"rendered":"https:\/\/www.valaz.es\/?post_type=product&#038;p=14252"},"modified":"2026-03-20T07:23:09","modified_gmt":"2026-03-20T06:23:09","slug":"ducha-empotrada-monomando-cuadrada-a-pared-oro-mate-proteccion-pvd-serie-mino","status":"publish","type":"product","link":"https:\/\/www.valaz.es\/en\/product\/ducha-empotrada-monomando-cuadrada-a-pared-oro-mate-proteccion-pvd-serie-mino\/","title":{"rendered":"Ducha empotrada monomando cuadrada a pared oro mate protecci\u00f3n PVD &#8211; Serie Mi\u00f1o"},"content":{"rendered":"<p class=\"\" data-start=\"87\" data-end=\"399\">La <strong data-start=\"90\" data-end=\"136\">Ducha empotrada monomando cuadrada a pared<\/strong> de la serie Mi\u00f1o est\u00e1 dise\u00f1ada para ofrecer elegancia y durabilidad en tu ba\u00f1o. Su acabado en <strong data-start=\"231\" data-end=\"253\">oro mate cepillado<\/strong> con <strong data-start=\"258\" data-end=\"276\">protecci\u00f3n PVD<\/strong> asegura una resistencia excepcional a los ara\u00f1azos y la corrosi\u00f3n, manteniendo su aspecto impecable a lo largo del tiempo.<\/p>\n<h5 class=\"\" data-start=\"401\" data-end=\"424\">Especificaciones:<\/h5>\n<ul data-start=\"426\" data-end=\"900\">\n<li class=\"\" data-start=\"426\" data-end=\"618\">\n<p class=\"\" data-start=\"428\" data-end=\"440\"><strong data-start=\"428\" data-end=\"440\">Incluye:<\/strong><\/p>\n<ul data-start=\"443\" data-end=\"618\">\n<li class=\"\" data-start=\"443\" data-end=\"474\">\n<p class=\"\" data-start=\"445\" data-end=\"474\">Empotrado monomando de 2 v\u00edas<\/p>\n<\/li>\n<li class=\"\" data-start=\"477\" data-end=\"500\">\n<p class=\"\" data-start=\"479\" data-end=\"500\">Soporte para rociador<\/p>\n<\/li>\n<li class=\"\" data-start=\"503\" data-end=\"522\">\n<p class=\"\" data-start=\"505\" data-end=\"522\">Rociador cuadrado<\/p>\n<\/li>\n<li class=\"\" data-start=\"525\" data-end=\"541\">\n<p class=\"\" data-start=\"527\" data-end=\"541\">Salida de agua<\/p>\n<\/li>\n<li class=\"\" data-start=\"544\" data-end=\"576\">\n<p class=\"\" data-start=\"546\" data-end=\"576\">Soporte para alcachofa de mano<\/p>\n<\/li>\n<li class=\"\" data-start=\"579\" data-end=\"596\">\n<p class=\"\" data-start=\"581\" data-end=\"596\">Flexo de 150 cm<\/p>\n<\/li>\n<li class=\"\" data-start=\"599\" data-end=\"618\">\n<p class=\"\" data-start=\"601\" data-end=\"618\">Alcachofa de mano<\/p>\n<\/li>\n<li data-start=\"599\" data-end=\"618\">Caja box empotrable<\/li>\n<\/ul>\n<\/li>\n<li class=\"\" data-start=\"619\" data-end=\"750\">\n<p class=\"\" data-start=\"621\" data-end=\"636\"><strong data-start=\"621\" data-end=\"636\">Materiales:<\/strong><\/p>\n<ul data-start=\"639\" data-end=\"750\">\n<li class=\"\" data-start=\"639\" data-end=\"671\">\n<p class=\"\" data-start=\"641\" data-end=\"671\">Cuerpo de la grifer\u00eda de lat\u00f3n<\/p>\n<\/li>\n<li class=\"\" data-start=\"674\" data-end=\"704\">\n<p class=\"\" data-start=\"676\" data-end=\"704\">Rociador de acero inoxidable<\/p>\n<\/li>\n<li class=\"\" data-start=\"707\" data-end=\"733\">\n<p class=\"\" data-start=\"709\" data-end=\"733\">Alcachofa de mano de PVC<\/p>\n<\/li>\n<li class=\"\" data-start=\"736\" data-end=\"750\">\n<p class=\"\" data-start=\"738\" data-end=\"750\">Flexo de PVC<\/p>\n<\/li>\n<\/ul>\n<\/li>\n<li class=\"\" data-start=\"751\" data-end=\"803\">\n<p class=\"\" data-start=\"753\" data-end=\"803\"><strong data-start=\"753\" data-end=\"765\">Acabado:<\/strong> Oro mate cepillado con protecci\u00f3n PVD<\/p>\n<\/li>\n<li class=\"\" data-start=\"804\" data-end=\"900\">\n<p class=\"\" data-start=\"806\" data-end=\"900\"><strong data-start=\"806\" data-end=\"820\">Funciones:<\/strong> Dispone de dos funciones: el rociador con efecto lluvia y la alcachofa de mano.<\/p>\n<\/li>\n<\/ul>\n<p class=\"\" data-start=\"902\" data-end=\"1187\">Este modelo proporciona un dise\u00f1o moderno y funcional, ideal para quienes buscan una opci\u00f3n de alta calidad y estilo para su ba\u00f1o. El acabado en <strong data-start=\"1047\" data-end=\"1059\">oro mate<\/strong> y la <strong data-start=\"1065\" data-end=\"1083\">protecci\u00f3n PVD<\/strong> lo hacen resistente a los da\u00f1os, lo que garantiza que tu ducha se mantenga como nueva por mucho tiempo.<\/p>\n","protected":false},"excerpt":{"rendered":"<p>La Ducha empotrada monomando cuadrada a pared de la serie  [&#8230;]<\/p>\n","protected":false},"featured_media":14256,"template":"","meta":[],"product_brand":[],"product_cat":[57],"product_tag":[],"serie":[67],"manual-de-instalacion":[78],"color":[350],"class_list":{"0":"post-14252","1":"product","2":"type-product","3":"status-publish","4":"has-post-thumbnail","6":"product_cat-duchas-empotradas","7":"pa_tamano-rociador-20cm","8":"pa_tamano-rociador-25cm","9":"pa_tamano-rociador-30cm","10":"serie-mino","11":"manual-de-instalacion-guia-instalacion-duchas-empotradas-monomando","12":"color-oro-mate-cepillado","14":"first","15":"instock","16":"taxable","17":"shipping-taxable","18":"product-type-variable"},"_links":{"self":[{"href":"https:\/\/www.valaz.es\/en\/wp-json\/wp\/v2\/product\/14252","targetHints":{"allow":["GET"]}}],"collection":[{"href":"https:\/\/www.valaz.es\/en\/wp-json\/wp\/v2\/product"}],"about":[{"href":"https:\/\/www.valaz.es\/en\/wp-json\/wp\/v2\/types\/product"}],"wp:featuredmedia":[{"embeddable":true,"href":"https:\/\/www.valaz.es\/en\/wp-json\/wp\/v2\/media\/14256"}],"wp:attachment":[{"href":"https:\/\/www.valaz.es\/en\/wp-json\/wp\/v2\/media?parent=14252"}],"wp:term":[{"taxonomy":"product_brand","embeddable":true,"href":"https:\/\/www.valaz.es\/en\/wp-json\/wp\/v2\/product_brand?post=14252"},{"taxonomy":"product_cat","embeddable":true,"href":"https:\/\/www.valaz.es\/en\/wp-json\/wp\/v2\/product_cat?post=14252"},{"taxonomy":"product_tag","embeddable":true,"href":"https:\/\/www.valaz.es\/en\/wp-json\/wp\/v2\/product_tag?post=14252"},{"taxonomy":"serie","embeddable":true,"href":"https:\/\/www.valaz.es\/en\/wp-json\/wp\/v2\/serie?post=14252"},{"taxonomy":"manual-de-instalacion","embeddable":true,"href":"https:\/\/www.valaz.es\/en\/wp-json\/wp\/v2\/manual-de-instalacion?post=14252"},{"taxonomy":"color","embeddable":true,"href":"https:\/\/www.valaz.es\/en\/wp-json\/wp\/v2\/color?post=14252"}],"curies":[{"name":"wp","href":"https:\/\/api.w.org\/{rel}","templated":true}]}}