{"id":1419,"date":"2022-12-13T15:48:07","date_gmt":"2022-12-13T14:48:07","guid":{"rendered":"https:\/\/www.valaz.es\/?post_type=product&#038;p=1419"},"modified":"2026-03-17T09:23:08","modified_gmt":"2026-03-17T08:23:08","slug":"grifo-totem-de-lavabo-exenta-banera-cromado-monomando-serie-ebro-2","status":"publish","type":"product","link":"https:\/\/www.valaz.es\/en\/product\/grifo-totem-de-lavabo-exenta-banera-cromado-monomando-serie-ebro-2\/","title":{"rendered":"Grifo t\u00f3tem de lavabo exenta\/ ba\u00f1era dorado cepillado monomando &#8211; Serie Ebro"},"content":{"rendered":"<p class=\"\" data-start=\"82\" data-end=\"403\">Grifo t\u00f3tem para lavabo exento o ba\u00f1era con un elegante acabado dorado cepillado. Este modelo de dise\u00f1o moderno y minimalista destaca por su ca\u00f1o giratorio de 360\u00ba, lo que proporciona mayor flexibilidad y comodidad en el uso diario. Ideal para quienes buscan un toque sofisticado y funcional en su ba\u00f1o.<\/p>\n<p class=\"\" data-start=\"405\" data-end=\"427\"><strong data-start=\"405\" data-end=\"425\">Especificaciones<\/strong><\/p>\n<ul data-start=\"428\" data-end=\"662\">\n<li class=\"\" data-start=\"428\" data-end=\"451\">\n<p class=\"\" data-start=\"430\" data-end=\"451\"><strong data-start=\"430\" data-end=\"442\">Material<\/strong>: Lat\u00f3n<\/p>\n<\/li>\n<li class=\"\" data-start=\"452\" data-end=\"485\">\n<p class=\"\" data-start=\"454\" data-end=\"485\"><strong data-start=\"454\" data-end=\"465\">Acabado<\/strong>: Dorado cepillado<\/p>\n<\/li>\n<li class=\"\" data-start=\"486\" data-end=\"514\">\n<p class=\"\" data-start=\"488\" data-end=\"514\"><strong data-start=\"488\" data-end=\"506\">Ca\u00f1o giratorio<\/strong>: 360\u00ba<\/p>\n<\/li>\n<li class=\"\" data-start=\"515\" data-end=\"552\">\n<p class=\"\" data-start=\"517\" data-end=\"552\"><strong data-start=\"517\" data-end=\"533\">Altura total<\/strong>: 120 cm (1.20 m)<\/p>\n<\/li>\n<li class=\"\" data-start=\"553\" data-end=\"602\">\n<p class=\"\" data-start=\"555\" data-end=\"566\"><strong data-start=\"555\" data-end=\"563\">Base<\/strong>:<\/p>\n<ul data-start=\"569\" data-end=\"602\">\n<li class=\"\" data-start=\"569\" data-end=\"585\">\n<p class=\"\" data-start=\"571\" data-end=\"585\">Ancho: 16 cm<\/p>\n<\/li>\n<li class=\"\" data-start=\"588\" data-end=\"602\">\n<p class=\"\" data-start=\"590\" data-end=\"602\">Alto: 5 cm<\/p>\n<\/li>\n<\/ul>\n<\/li>\n<li class=\"\" data-start=\"603\" data-end=\"662\">\n<p class=\"\" data-start=\"605\" data-end=\"662\"><strong data-start=\"605\" data-end=\"622\">Tipo de grifo<\/strong>: Monomando, para lavabo exento o ba\u00f1era<\/p>\n<\/li>\n<\/ul>\n","protected":false},"excerpt":{"rendered":"<p>Serie Ebro es la cl\u00e1sica redonda que nos aportan elegancia y bienestar, perfecta para todo tipo de ba\u00f1os. \u00a0Disponemos de diferentes acabados cromados, acero cepillado, dorado cepillado, negro mate. Cuenta con barras de ducha\/ba\u00f1era, grifo de lavabo, grifo para pica , grifo de bid\u00e9, en la que encontraras grifos de ba\u00f1era exenta y t\u00f3tem.<\/p>\n<p>La garant\u00eda de todos nuestros productos es de 3 a\u00f1os, para funcionamiento, duraci\u00f3n del esmaltado y anticorrosi\u00f3n.<\/p>\n<p>Recomendamos para un correcto mantenimiento de la grifer\u00eda y evitar el deterioro por el uso. Secar las gotas de agua con un pa\u00f1o suave despu\u00e9s del uso, evitando que se posen en la superficie y deterioran el acabado, no utilizar esponjas que puedan rayar la grifer\u00eda, utilizar limpiadores como vinagre limpieza, agua caliente y jab\u00f3n con ph neutro.<\/p>\n<p>&nbsp;<\/p>\n<p><strong>Nuestro departamento\u00a0t\u00e9cnico\u00a0dispone de\u00a0gu\u00edas\u00a0de todos los\u00a0modelos\u00a0empotrados\u00a0que vendemos<\/strong><strong>,\u00a0si tiene alguna duda con la\u00a0instalaci\u00f3n\u00a0contacte con nosotros mediante\u00a0tel\u00e9fono,\u00a0WhatsApp\u00a0o email dentro del horario laboral indicado en la web.<\/strong><\/p>\n<p><strong>Recuerden que una vez instalado el cuerpo\u00a0empotrado\u00a0de la\u00a0grifer\u00eda\u00a0revisar de su correcto funcionamiento de paso de agua, comprobaci\u00f3n de cartuchos y corte de agua, si detecta alguna\u00a0anomal\u00eda\u00a0informe a nuestro\u00a0departamento\u00a0para darle una\u00a0soluci\u00f3n, no\u00a0contin\u00fae\u00a0con la\u00a0instalaci\u00f3n\u00a0de cerramiento de la pared.<\/strong><\/p>\n","protected":false},"featured_media":3960,"template":"","meta":[],"product_brand":[],"product_cat":[49],"product_tag":[],"serie":[24],"manual-de-instalacion":[84],"color":[34],"class_list":{"0":"post-1419","1":"product","2":"type-product","3":"status-publish","4":"has-post-thumbnail","6":"product_cat-grifos-de-banera-exenta","7":"serie-ebro","8":"manual-de-instalacion-guia-instalacion-grifo-exenta","9":"color-dorado-cepillado","11":"first","12":"instock","13":"taxable","14":"shipping-taxable","15":"product-type-simple"},"_links":{"self":[{"href":"https:\/\/www.valaz.es\/en\/wp-json\/wp\/v2\/product\/1419","targetHints":{"allow":["GET"]}}],"collection":[{"href":"https:\/\/www.valaz.es\/en\/wp-json\/wp\/v2\/product"}],"about":[{"href":"https:\/\/www.valaz.es\/en\/wp-json\/wp\/v2\/types\/product"}],"wp:featuredmedia":[{"embeddable":true,"href":"https:\/\/www.valaz.es\/en\/wp-json\/wp\/v2\/media\/3960"}],"wp:attachment":[{"href":"https:\/\/www.valaz.es\/en\/wp-json\/wp\/v2\/media?parent=1419"}],"wp:term":[{"taxonomy":"product_brand","embeddable":true,"href":"https:\/\/www.valaz.es\/en\/wp-json\/wp\/v2\/product_brand?post=1419"},{"taxonomy":"product_cat","embeddable":true,"href":"https:\/\/www.valaz.es\/en\/wp-json\/wp\/v2\/product_cat?post=1419"},{"taxonomy":"product_tag","embeddable":true,"href":"https:\/\/www.valaz.es\/en\/wp-json\/wp\/v2\/product_tag?post=1419"},{"taxonomy":"serie","embeddable":true,"href":"https:\/\/www.valaz.es\/en\/wp-json\/wp\/v2\/serie?post=1419"},{"taxonomy":"manual-de-instalacion","embeddable":true,"href":"https:\/\/www.valaz.es\/en\/wp-json\/wp\/v2\/manual-de-instalacion?post=1419"},{"taxonomy":"color","embeddable":true,"href":"https:\/\/www.valaz.es\/en\/wp-json\/wp\/v2\/color?post=1419"}],"curies":[{"name":"wp","href":"https:\/\/api.w.org\/{rel}","templated":true}]}}