{"id":14177,"date":"2024-11-22T13:24:33","date_gmt":"2024-11-22T12:24:33","guid":{"rendered":"https:\/\/www.valaz.es\/?post_type=product&#038;p=14177"},"modified":"2026-03-25T10:08:26","modified_gmt":"2026-03-25T09:08:26","slug":"accesorios-de-bano-en-oro-rosa-mate-con-proteccion-pvd-redondo-toallero-40cm-percha-portarrollos","status":"publish","type":"product","link":"https:\/\/www.valaz.es\/en\/product\/accesorios-de-bano-en-oro-rosa-mate-con-proteccion-pvd-redondo-toallero-40cm-percha-portarrollos\/","title":{"rendered":"Accesorios de ba\u00f1o en oro rosa mate con protecci\u00f3n PVD redondo Toallero 40cm+ Percha+ Portarrollos"},"content":{"rendered":"<p class=\"\" data-start=\"112\" data-end=\"415\">Este elegante conjunto de <strong data-start=\"138\" data-end=\"160\">accesorios de ba\u00f1o<\/strong> en <strong data-start=\"164\" data-end=\"181\">oro rosa mate<\/strong> es perfecto para quienes buscan un dise\u00f1o sofisticado y moderno para su ba\u00f1o. El acabado <strong data-start=\"330\" data-end=\"366\">oro rosa mate con protecci\u00f3n PVD<\/strong> garantiza durabilidad y resistencia al desgaste.<\/p>\n<h3 class=\"\" data-start=\"417\" data-end=\"429\">Incluye:<\/h3>\n<ul data-start=\"430\" data-end=\"588\">\n<li class=\"\" data-start=\"430\" data-end=\"495\">\n<p class=\"\" data-start=\"432\" data-end=\"495\"><strong data-start=\"432\" data-end=\"444\">Toallero<\/strong> de 40 cm (medida exterior: 40 cm, interior: 35 cm)<\/p>\n<\/li>\n<li class=\"\" data-start=\"496\" data-end=\"514\">\n<p class=\"\" data-start=\"498\" data-end=\"514\"><strong data-start=\"498\" data-end=\"514\">Portarrollos<\/strong><\/p>\n<\/li>\n<li class=\"\" data-start=\"515\" data-end=\"588\">\n<p class=\"\" data-start=\"517\" data-end=\"588\"><strong data-start=\"517\" data-end=\"527\">Percha<\/strong> (puedes elegir entre 1, 2 o 3 perchas seg\u00fan tus necesidades)<\/p>\n<\/li>\n<\/ul>\n<h3 class=\"\" data-start=\"590\" data-end=\"605\">Materiales:<\/h3>\n<ul data-start=\"606\" data-end=\"888\">\n<li class=\"\" data-start=\"606\" data-end=\"708\">\n<p class=\"\" data-start=\"608\" data-end=\"708\">Fabricados en <strong data-start=\"622\" data-end=\"649\">acero inoxidable SUS304<\/strong>, un material altamente resistente a la corrosi\u00f3n y humedad<\/p>\n<\/li>\n<li class=\"\" data-start=\"709\" data-end=\"888\">\n<p class=\"\" data-start=\"711\" data-end=\"888\"><strong data-start=\"711\" data-end=\"749\">Acabado en oro rosa mate cepillado<\/strong> con <strong data-start=\"754\" data-end=\"772\">protecci\u00f3n PVD<\/strong>, lo que asegura una alta resistencia al desgaste y un aspecto duradero, adem\u00e1s de mantener su brillo por m\u00e1s tiempo<\/p>\n<\/li>\n<\/ul>\n<h3 class=\"\" data-start=\"890\" data-end=\"910\">Caracter\u00edsticas:<\/h3>\n<ul data-start=\"911\" data-end=\"1334\">\n<li class=\"\" data-start=\"1075\" data-end=\"1148\">\n<p class=\"\" data-start=\"1077\" data-end=\"1148\"><strong data-start=\"1077\" data-end=\"1098\">Toallero de 40 cm<\/strong>, adecuado para toallas de ba\u00f1o o toallas grandes.<\/p>\n<\/li>\n<li class=\"\" data-start=\"1149\" data-end=\"1232\">\n<p class=\"\" data-start=\"1151\" data-end=\"1232\"><strong data-start=\"1151\" data-end=\"1167\">Portarrollos<\/strong> para mantener el papel higi\u00e9nico de manera pr\u00e1ctica y accesible.<\/p>\n<\/li>\n<li class=\"\" data-start=\"1233\" data-end=\"1334\">\n<p class=\"\" data-start=\"1235\" data-end=\"1334\"><strong data-start=\"1235\" data-end=\"1246\">Perchas<\/strong> para colgar toallas u otros accesorios, con la opci\u00f3n de elegir entre 1, 2 o 3 perchas.<\/p>\n<\/li>\n<\/ul>\n<p class=\"\" data-start=\"1336\" data-end=\"1538\">Este conjunto de <strong data-start=\"1353\" data-end=\"1375\">accesorios de ba\u00f1o<\/strong> en <strong data-start=\"1379\" data-end=\"1396\">oro rosa mate<\/strong> es la opci\u00f3n ideal para transformar tu ba\u00f1o con un estilo elegante, sin complicaciones en la instalaci\u00f3n, y con la durabilidad que necesitas.<\/p>\n","protected":false},"excerpt":{"rendered":"<p>Este elegante conjunto de accesorios de ba\u00f1o en oro rosa  [&#8230;]<\/p>\n","protected":false},"featured_media":10551,"template":"","meta":[],"product_brand":[],"product_cat":[388,70],"product_tag":[],"serie":[],"manual-de-instalacion":[],"color":[62],"class_list":{"0":"post-14177","1":"product","2":"type-product","3":"status-publish","4":"has-post-thumbnail","6":"product_cat-accesorios-2","7":"product_cat-accesorios","8":"color-oro-rosa","10":"first","11":"instock","12":"taxable","13":"shipping-taxable","14":"product-type-variable"},"_links":{"self":[{"href":"https:\/\/www.valaz.es\/en\/wp-json\/wp\/v2\/product\/14177","targetHints":{"allow":["GET"]}}],"collection":[{"href":"https:\/\/www.valaz.es\/en\/wp-json\/wp\/v2\/product"}],"about":[{"href":"https:\/\/www.valaz.es\/en\/wp-json\/wp\/v2\/types\/product"}],"wp:featuredmedia":[{"embeddable":true,"href":"https:\/\/www.valaz.es\/en\/wp-json\/wp\/v2\/media\/10551"}],"wp:attachment":[{"href":"https:\/\/www.valaz.es\/en\/wp-json\/wp\/v2\/media?parent=14177"}],"wp:term":[{"taxonomy":"product_brand","embeddable":true,"href":"https:\/\/www.valaz.es\/en\/wp-json\/wp\/v2\/product_brand?post=14177"},{"taxonomy":"product_cat","embeddable":true,"href":"https:\/\/www.valaz.es\/en\/wp-json\/wp\/v2\/product_cat?post=14177"},{"taxonomy":"product_tag","embeddable":true,"href":"https:\/\/www.valaz.es\/en\/wp-json\/wp\/v2\/product_tag?post=14177"},{"taxonomy":"serie","embeddable":true,"href":"https:\/\/www.valaz.es\/en\/wp-json\/wp\/v2\/serie?post=14177"},{"taxonomy":"manual-de-instalacion","embeddable":true,"href":"https:\/\/www.valaz.es\/en\/wp-json\/wp\/v2\/manual-de-instalacion?post=14177"},{"taxonomy":"color","embeddable":true,"href":"https:\/\/www.valaz.es\/en\/wp-json\/wp\/v2\/color?post=14177"}],"curies":[{"name":"wp","href":"https:\/\/api.w.org\/{rel}","templated":true}]}}