{"id":13977,"date":"2024-10-29T17:21:17","date_gmt":"2024-10-29T16:21:17","guid":{"rendered":"https:\/\/www.valaz.es\/?post_type=product&#038;p=13977"},"modified":"2026-04-08T09:57:42","modified_gmt":"2026-04-08T07:57:42","slug":"grifo-de-cocina-oro-mate-con-proteccion-pvd-monomando-extraible-serie-parana","status":"publish","type":"product","link":"https:\/\/www.valaz.es\/en\/product\/grifo-de-cocina-oro-mate-con-proteccion-pvd-monomando-extraible-serie-parana\/","title":{"rendered":"Grifo de cocina oro mate con protecci\u00f3n PVD monomando extra\u00edble &#8211; Serie Parana"},"content":{"rendered":"<p class=\"\" data-start=\"82\" data-end=\"147\">Grifo de cocina extra\u00edble en <strong data-start=\"111\" data-end=\"123\">oro mate<\/strong> con <strong data-start=\"128\" data-end=\"146\">protecci\u00f3n PVD<\/strong>.<\/p>\n<h3 class=\"\" data-start=\"149\" data-end=\"169\">Caracter\u00edsticas:<\/h3>\n<ul data-start=\"171\" data-end=\"339\">\n<li class=\"\" data-start=\"171\" data-end=\"203\">\n<p class=\"\" data-start=\"173\" data-end=\"203\"><strong data-start=\"173\" data-end=\"185\">Material<\/strong>: Cuerpo de lat\u00f3n.<\/p>\n<\/li>\n<li class=\"\" data-start=\"204\" data-end=\"228\">\n<p class=\"\" data-start=\"206\" data-end=\"228\"><strong data-start=\"206\" data-end=\"218\">Cartucho<\/strong>: \u00d8 35 mm.<\/p>\n<\/li>\n<li class=\"\" data-start=\"229\" data-end=\"280\">\n<p class=\"\" data-start=\"231\" data-end=\"280\"><strong data-start=\"231\" data-end=\"244\">Mangueras<\/strong>: 2 mangueras de conexi\u00f3n incluidas.<\/p>\n<\/li>\n<li class=\"\" data-start=\"281\" data-end=\"339\">\n<p class=\"\" data-start=\"283\" data-end=\"339\"><strong data-start=\"283\" data-end=\"291\">Ca\u00f1o<\/strong>: Giratorio 360\u00b0 para mayor alcance y comodidad.<\/p>\n<\/li>\n<\/ul>\n<h3 class=\"\" data-start=\"341\" data-end=\"354\">Ventajas:<\/h3>\n<ul data-start=\"356\" data-end=\"608\" data-is-last-node=\"\" data-is-only-node=\"\">\n<li class=\"\" data-start=\"356\" data-end=\"442\">\n<p class=\"\" data-start=\"358\" data-end=\"442\"><strong data-start=\"358\" data-end=\"377\">Dise\u00f1o elegante<\/strong>: Acabado oro mate con protecci\u00f3n PVD, resistente a la corrosi\u00f3n.<\/p>\n<\/li>\n<li class=\"\" data-start=\"443\" data-end=\"529\">\n<p class=\"\" data-start=\"445\" data-end=\"529\"><strong data-start=\"445\" data-end=\"461\">Versatilidad<\/strong>: Extra\u00edble y ca\u00f1o giratorio para m\u00e1xima funcionalidad en la cocina.<\/p>\n<\/li>\n<li class=\"\" data-start=\"530\" data-end=\"608\">\n<p class=\"\" data-start=\"532\" data-end=\"608\"><strong data-start=\"532\" data-end=\"555\">Pr\u00e1ctico y duradero<\/strong>: Ideal para uso diario, f\u00e1cil de manejar y mantener.<\/p>\n<\/li>\n<\/ul>\n","protected":false},"excerpt":{"rendered":"<p>Grifo de cocina extra\u00edble en oro mate con protecci\u00f3n PVD.  [&#8230;]<\/p>\n","protected":false},"featured_media":14026,"template":"","meta":[],"product_brand":[],"product_cat":[50],"product_tag":[],"serie":[111],"manual-de-instalacion":[82],"color":[350],"class_list":{"0":"post-13977","1":"product","2":"type-product","3":"status-publish","4":"has-post-thumbnail","6":"product_cat-grifos-de-cocina","7":"serie-parana","8":"manual-de-instalacion-guia-instalacion-cocina-extraible","9":"color-oro-mate-cepillado","11":"first","12":"instock","13":"taxable","14":"shipping-taxable","15":"product-type-simple"},"_links":{"self":[{"href":"https:\/\/www.valaz.es\/en\/wp-json\/wp\/v2\/product\/13977","targetHints":{"allow":["GET"]}}],"collection":[{"href":"https:\/\/www.valaz.es\/en\/wp-json\/wp\/v2\/product"}],"about":[{"href":"https:\/\/www.valaz.es\/en\/wp-json\/wp\/v2\/types\/product"}],"wp:featuredmedia":[{"embeddable":true,"href":"https:\/\/www.valaz.es\/en\/wp-json\/wp\/v2\/media\/14026"}],"wp:attachment":[{"href":"https:\/\/www.valaz.es\/en\/wp-json\/wp\/v2\/media?parent=13977"}],"wp:term":[{"taxonomy":"product_brand","embeddable":true,"href":"https:\/\/www.valaz.es\/en\/wp-json\/wp\/v2\/product_brand?post=13977"},{"taxonomy":"product_cat","embeddable":true,"href":"https:\/\/www.valaz.es\/en\/wp-json\/wp\/v2\/product_cat?post=13977"},{"taxonomy":"product_tag","embeddable":true,"href":"https:\/\/www.valaz.es\/en\/wp-json\/wp\/v2\/product_tag?post=13977"},{"taxonomy":"serie","embeddable":true,"href":"https:\/\/www.valaz.es\/en\/wp-json\/wp\/v2\/serie?post=13977"},{"taxonomy":"manual-de-instalacion","embeddable":true,"href":"https:\/\/www.valaz.es\/en\/wp-json\/wp\/v2\/manual-de-instalacion?post=13977"},{"taxonomy":"color","embeddable":true,"href":"https:\/\/www.valaz.es\/en\/wp-json\/wp\/v2\/color?post=13977"}],"curies":[{"name":"wp","href":"https:\/\/api.w.org\/{rel}","templated":true}]}}