{"id":13896,"date":"2025-02-27T15:47:01","date_gmt":"2025-02-27T14:47:01","guid":{"rendered":"https:\/\/www.valaz.es\/?post_type=product&#038;p=13896"},"modified":"2025-04-03T16:10:22","modified_gmt":"2025-04-03T14:10:22","slug":"percha-cuadrada-con-adhesivo-pegada-oro-mate-con-proteccion-pvd","status":"publish","type":"product","link":"https:\/\/www.valaz.es\/en\/product\/percha-cuadrada-con-adhesivo-pegada-oro-mate-con-proteccion-pvd\/","title":{"rendered":"Percha cuadrada con adhesivo pegada oro mate con protecci\u00f3n PVD"},"content":{"rendered":"<p class=\"\" data-start=\"49\" data-end=\"170\">Percha de dise\u00f1o elegante con acabado oro mate con protecci\u00f3n PVD. Instalaci\u00f3n adhesiva sin taladro, ideal para superficies lisas.<\/p>\n<h5 class=\"\" data-start=\"172\" data-end=\"197\">Especificaciones:<\/h5>\n<ul data-start=\"198\" data-end=\"342\" data-is-last-node=\"\" data-is-only-node=\"\">\n<li class=\"\" data-start=\"198\" data-end=\"238\">\n<p class=\"\" data-start=\"200\" data-end=\"238\"><strong data-start=\"200\" data-end=\"213\">Material:<\/strong> Metal\/Acero inoxidable<\/p>\n<\/li>\n<li class=\"\" data-start=\"239\" data-end=\"263\">\n<p class=\"\" data-start=\"241\" data-end=\"263\"><strong data-start=\"241\" data-end=\"252\">Dise\u00f1o:<\/strong> Cuadrado<\/p>\n<\/li>\n<li class=\"\" data-start=\"264\" data-end=\"297\">\n<p class=\"\" data-start=\"266\" data-end=\"297\"><strong data-start=\"266\" data-end=\"278\">Acabado:<\/strong> Oro mate con protecci\u00f3n PVD<\/p>\n<\/li>\n<li class=\"\" data-start=\"298\" data-end=\"342\">\n<p class=\"\" data-start=\"300\" data-end=\"342\"><strong data-start=\"300\" data-end=\"316\">Instalaci\u00f3n:<\/strong> Adhesiva, sin perforaci\u00f3n<\/p>\n<\/li>\n<\/ul>\n","protected":false},"excerpt":{"rendered":"<p>Percha de dise\u00f1o elegante con acabado oro mate con protecci\u00f3n  [&#8230;]<\/p>\n","protected":false},"featured_media":15050,"template":"","meta":[],"product_brand":[],"product_cat":[388,70],"product_tag":[],"serie":[],"manual-de-instalacion":[],"color":[34],"class_list":{"0":"post-13896","1":"product","2":"type-product","3":"status-publish","4":"has-post-thumbnail","6":"product_cat-accesorios-2","7":"product_cat-accesorios","8":"color-dorado-cepillado","10":"first","11":"instock","12":"taxable","13":"shipping-taxable","14":"product-type-simple"},"_links":{"self":[{"href":"https:\/\/www.valaz.es\/en\/wp-json\/wp\/v2\/product\/13896","targetHints":{"allow":["GET"]}}],"collection":[{"href":"https:\/\/www.valaz.es\/en\/wp-json\/wp\/v2\/product"}],"about":[{"href":"https:\/\/www.valaz.es\/en\/wp-json\/wp\/v2\/types\/product"}],"wp:featuredmedia":[{"embeddable":true,"href":"https:\/\/www.valaz.es\/en\/wp-json\/wp\/v2\/media\/15050"}],"wp:attachment":[{"href":"https:\/\/www.valaz.es\/en\/wp-json\/wp\/v2\/media?parent=13896"}],"wp:term":[{"taxonomy":"product_brand","embeddable":true,"href":"https:\/\/www.valaz.es\/en\/wp-json\/wp\/v2\/product_brand?post=13896"},{"taxonomy":"product_cat","embeddable":true,"href":"https:\/\/www.valaz.es\/en\/wp-json\/wp\/v2\/product_cat?post=13896"},{"taxonomy":"product_tag","embeddable":true,"href":"https:\/\/www.valaz.es\/en\/wp-json\/wp\/v2\/product_tag?post=13896"},{"taxonomy":"serie","embeddable":true,"href":"https:\/\/www.valaz.es\/en\/wp-json\/wp\/v2\/serie?post=13896"},{"taxonomy":"manual-de-instalacion","embeddable":true,"href":"https:\/\/www.valaz.es\/en\/wp-json\/wp\/v2\/manual-de-instalacion?post=13896"},{"taxonomy":"color","embeddable":true,"href":"https:\/\/www.valaz.es\/en\/wp-json\/wp\/v2\/color?post=13896"}],"curies":[{"name":"wp","href":"https:\/\/api.w.org\/{rel}","templated":true}]}}