{"id":13871,"date":"2024-11-27T11:13:06","date_gmt":"2024-11-27T10:13:06","guid":{"rendered":"https:\/\/www.valaz.es\/?post_type=product&#038;p=13871"},"modified":"2025-04-02T14:03:06","modified_gmt":"2025-04-02T12:03:06","slug":"accesorios-de-bano-adhesivos-pegados-sin-taladro-oro-mate-con-proteccion-pvd-cuadrados-toallero-30cm-percha-portarollos","status":"publish","type":"product","link":"https:\/\/www.valaz.es\/en\/product\/accesorios-de-bano-adhesivos-pegados-sin-taladro-oro-mate-con-proteccion-pvd-cuadrados-toallero-30cm-percha-portarollos\/","title":{"rendered":"Accesorios de ba\u00f1o adhesivos pegados sin taladro oro mate con protecci\u00f3n PVD cuadrados Toallero 30cm+ Percha+ Portarollos"},"content":{"rendered":"<p class=\"\" data-start=\"135\" data-end=\"420\">Revitalice su ba\u00f1o con esta elegante y pr\u00e1ctica l\u00ednea de <strong data-start=\"192\" data-end=\"224\">accesorios de ba\u00f1o adhesivos<\/strong> en <strong data-start=\"228\" data-end=\"259\">oro mate con protecci\u00f3n PVD<\/strong>. Gracias a su instalaci\u00f3n sin taladrar, estos accesorios son f\u00e1ciles de colocar y ofrecen una soluci\u00f3n sofisticada sin comprometer la integridad de sus paredes.<\/p>\n<h3 class=\"\" data-start=\"422\" data-end=\"434\">Incluye:<\/h3>\n<ul data-start=\"435\" data-end=\"583\">\n<li class=\"\" data-start=\"435\" data-end=\"500\">\n<p class=\"\" data-start=\"437\" data-end=\"500\"><strong data-start=\"437\" data-end=\"449\">Toallero<\/strong> de 30 cm (medida exterior: 30 cm, interior: 25 cm)<\/p>\n<\/li>\n<li class=\"\" data-start=\"501\" data-end=\"519\">\n<p class=\"\" data-start=\"503\" data-end=\"519\"><strong data-start=\"503\" data-end=\"519\">Portarrollos<\/strong><\/p>\n<\/li>\n<li class=\"\" data-start=\"520\" data-end=\"583\">\n<p class=\"\" data-start=\"522\" data-end=\"583\"><strong data-start=\"522\" data-end=\"532\">Percha<\/strong> (opcional de 1, 2 o 3 unidades, seg\u00fan preferencia)<\/p>\n<\/li>\n<\/ul>\n<h3 class=\"\" data-start=\"585\" data-end=\"600\">Materiales:<\/h3>\n<ul data-start=\"601\" data-end=\"860\">\n<li class=\"\" data-start=\"601\" data-end=\"717\">\n<p class=\"\" data-start=\"603\" data-end=\"717\">Fabricados en <strong data-start=\"617\" data-end=\"644\">acero inoxidable SUS304<\/strong>, conocido por su resistencia y durabilidad, ideal para ambientes h\u00famedos<\/p>\n<\/li>\n<li class=\"\" data-start=\"718\" data-end=\"860\">\n<p class=\"\" data-start=\"720\" data-end=\"860\"><strong data-start=\"720\" data-end=\"753\">Acabado en oro mate cepillado<\/strong> con protecci\u00f3n PVD, que aporta un toque elegante y moderno, adem\u00e1s de ser altamente resistente al desgaste<\/p>\n<\/li>\n<\/ul>\n<h3 class=\"\" data-start=\"862\" data-end=\"882\">Caracter\u00edsticas:<\/h3>\n<ul data-start=\"883\" data-end=\"1258\">\n<li class=\"\" data-start=\"883\" data-end=\"1012\">\n<p class=\"\" data-start=\"885\" data-end=\"1012\"><strong data-start=\"885\" data-end=\"913\">Instalaci\u00f3n sin taladrar<\/strong>, con un sistema adhesivo f\u00e1cil y r\u00e1pido, ideal para quienes desean evitar perforar las superficies<\/p>\n<\/li>\n<li class=\"\" data-start=\"1013\" data-end=\"1102\">\n<p class=\"\" data-start=\"1015\" data-end=\"1102\">El <strong data-start=\"1018\" data-end=\"1039\">toallero de 30 cm<\/strong> es perfecto para toallas de mano o peque\u00f1os utensilios de ba\u00f1o<\/p>\n<\/li>\n<li class=\"\" data-start=\"1103\" data-end=\"1180\">\n<p class=\"\" data-start=\"1105\" data-end=\"1180\">El <strong data-start=\"1108\" data-end=\"1124\">portarrollos<\/strong> se adapta a la mayor\u00eda de los rollos de papel higi\u00e9nico<\/p>\n<\/li>\n<li class=\"\" data-start=\"1181\" data-end=\"1258\">\n<p class=\"\" data-start=\"1183\" data-end=\"1258\">Las <strong data-start=\"1187\" data-end=\"1198\">perchas<\/strong> ofrecen una soluci\u00f3n pr\u00e1ctica para colgar accesorios o ropa<\/p>\n<\/li>\n<\/ul>\n<p class=\"\" data-start=\"1260\" data-end=\"1387\">Esta colecci\u00f3n de accesorios no solo mejorar\u00e1 la funcionalidad de su ba\u00f1o, sino que tambi\u00e9n aportar\u00e1 un toque de lujo y estilo.<\/p>\n","protected":false},"excerpt":{"rendered":"<p>Revitalice su ba\u00f1o con esta elegante y pr\u00e1ctica l\u00ednea de  [&#8230;]<\/p>\n","protected":false},"featured_media":14214,"template":"","meta":[],"product_brand":[],"product_cat":[388,70],"product_tag":[],"serie":[],"manual-de-instalacion":[],"color":[350],"class_list":{"0":"post-13871","1":"product","2":"type-product","3":"status-publish","4":"has-post-thumbnail","6":"product_cat-accesorios-2","7":"product_cat-accesorios","8":"color-oro-mate-cepillado","10":"first","11":"instock","12":"taxable","13":"shipping-taxable","14":"product-type-variable"},"_links":{"self":[{"href":"https:\/\/www.valaz.es\/en\/wp-json\/wp\/v2\/product\/13871","targetHints":{"allow":["GET"]}}],"collection":[{"href":"https:\/\/www.valaz.es\/en\/wp-json\/wp\/v2\/product"}],"about":[{"href":"https:\/\/www.valaz.es\/en\/wp-json\/wp\/v2\/types\/product"}],"wp:featuredmedia":[{"embeddable":true,"href":"https:\/\/www.valaz.es\/en\/wp-json\/wp\/v2\/media\/14214"}],"wp:attachment":[{"href":"https:\/\/www.valaz.es\/en\/wp-json\/wp\/v2\/media?parent=13871"}],"wp:term":[{"taxonomy":"product_brand","embeddable":true,"href":"https:\/\/www.valaz.es\/en\/wp-json\/wp\/v2\/product_brand?post=13871"},{"taxonomy":"product_cat","embeddable":true,"href":"https:\/\/www.valaz.es\/en\/wp-json\/wp\/v2\/product_cat?post=13871"},{"taxonomy":"product_tag","embeddable":true,"href":"https:\/\/www.valaz.es\/en\/wp-json\/wp\/v2\/product_tag?post=13871"},{"taxonomy":"serie","embeddable":true,"href":"https:\/\/www.valaz.es\/en\/wp-json\/wp\/v2\/serie?post=13871"},{"taxonomy":"manual-de-instalacion","embeddable":true,"href":"https:\/\/www.valaz.es\/en\/wp-json\/wp\/v2\/manual-de-instalacion?post=13871"},{"taxonomy":"color","embeddable":true,"href":"https:\/\/www.valaz.es\/en\/wp-json\/wp\/v2\/color?post=13871"}],"curies":[{"name":"wp","href":"https:\/\/api.w.org\/{rel}","templated":true}]}}