{"id":13867,"date":"2024-11-27T11:12:31","date_gmt":"2024-11-27T10:12:31","guid":{"rendered":"https:\/\/www.valaz.es\/?post_type=product&#038;p=13867"},"modified":"2026-03-17T14:23:08","modified_gmt":"2026-03-17T13:23:08","slug":"accesorios-de-bano-adhesivos-pegados-sin-taladro-oro-mate-con-proteccion-pvd-redondo-toallero-40cm-percha-portarollos","status":"publish","type":"product","link":"https:\/\/www.valaz.es\/en\/product\/accesorios-de-bano-adhesivos-pegados-sin-taladro-oro-mate-con-proteccion-pvd-redondo-toallero-40cm-percha-portarollos\/","title":{"rendered":"Accesorios de ba\u00f1o adhesivos pegados sin taladro oro mate con protecci\u00f3n PVD redondo Toallero 40cm+ Percha+ Portarollos"},"content":{"rendered":"<p class=\"\" data-start=\"133\" data-end=\"399\">Transforme su ba\u00f1o con esta elegante y funcional l\u00ednea de <strong data-start=\"191\" data-end=\"223\">accesorios de ba\u00f1o adhesivos<\/strong> en <strong data-start=\"227\" data-end=\"258\">oro mate con protecci\u00f3n PVD<\/strong>. Este conjunto est\u00e1 dise\u00f1ado para quienes buscan una instalaci\u00f3n f\u00e1cil, sin perforaciones, pero con un toque de sofisticaci\u00f3n y durabilidad.<\/p>\n<h3 class=\"\" data-start=\"401\" data-end=\"413\">Incluye:<\/h3>\n<ul data-start=\"414\" data-end=\"572\">\n<li class=\"\" data-start=\"414\" data-end=\"479\">\n<p class=\"\" data-start=\"416\" data-end=\"479\"><strong data-start=\"416\" data-end=\"428\">Toallero<\/strong> de 40 cm (medida exterior: 40 cm, interior: 35 cm)<\/p>\n<\/li>\n<li class=\"\" data-start=\"480\" data-end=\"498\">\n<p class=\"\" data-start=\"482\" data-end=\"498\"><strong data-start=\"482\" data-end=\"498\">Portarrollos<\/strong><\/p>\n<\/li>\n<li class=\"\" data-start=\"499\" data-end=\"572\">\n<p class=\"\" data-start=\"501\" data-end=\"572\"><strong data-start=\"501\" data-end=\"511\">Percha<\/strong> (puede elegir entre 1, 2 o 3 unidades, seg\u00fan su preferencia)<\/p>\n<\/li>\n<\/ul>\n<h3 class=\"\" data-start=\"574\" data-end=\"589\">Materiales:<\/h3>\n<ul data-start=\"590\" data-end=\"902\">\n<li class=\"\" data-start=\"590\" data-end=\"739\">\n<p class=\"\" data-start=\"592\" data-end=\"739\">Fabricados en <strong data-start=\"606\" data-end=\"633\">acero inoxidable SUS304<\/strong>, conocido por su resistencia a la corrosi\u00f3n y su alta durabilidad, ideal para el ambiente h\u00famedo del ba\u00f1o<\/p>\n<\/li>\n<li class=\"\" data-start=\"740\" data-end=\"902\">\n<p class=\"\" data-start=\"742\" data-end=\"902\"><strong data-start=\"742\" data-end=\"775\">Acabado en oro mate cepillado<\/strong> con protecci\u00f3n PVD, que no solo aporta un acabado elegante, sino que tambi\u00e9n aumenta la resistencia al desgaste y la corrosi\u00f3n<\/p>\n<\/li>\n<\/ul>\n<h3 class=\"\" data-start=\"904\" data-end=\"924\">Caracter\u00edsticas:<\/h3>\n<ul data-start=\"925\" data-end=\"1334\">\n<li class=\"\" data-start=\"925\" data-end=\"1066\">\n<p class=\"\" data-start=\"927\" data-end=\"1066\"><strong data-start=\"927\" data-end=\"955\">Instalaci\u00f3n sin taladrar<\/strong> gracias a su sistema adhesivo de alta adherencia, f\u00e1cil de colocar y sin necesidad de perforar las superficies<\/p>\n<\/li>\n<li class=\"\" data-start=\"1067\" data-end=\"1177\">\n<p class=\"\" data-start=\"1069\" data-end=\"1177\">El <strong data-start=\"1072\" data-end=\"1093\">toallero de 40 cm<\/strong> es perfecto para toallas de ba\u00f1o o grandes, manteni\u00e9ndolas organizadas y accesibles<\/p>\n<\/li>\n<li class=\"\" data-start=\"1178\" data-end=\"1250\">\n<p class=\"\" data-start=\"1180\" data-end=\"1250\">El <strong data-start=\"1183\" data-end=\"1199\">portarrollos<\/strong> se adapta a los rollos est\u00e1ndar de papel higi\u00e9nico<\/p>\n<\/li>\n<li class=\"\" data-start=\"1251\" data-end=\"1334\">\n<p class=\"\" data-start=\"1253\" data-end=\"1334\">Las <strong data-start=\"1257\" data-end=\"1268\">perchas<\/strong> proporcionan una opci\u00f3n pr\u00e1ctica para colgar accesorios o prendas<\/p>\n<\/li>\n<\/ul>\n<p class=\"\" data-start=\"1336\" data-end=\"1504\">Este conjunto de <strong data-start=\"1353\" data-end=\"1377\">accesorios adhesivos<\/strong> es ideal para aquellos que desean una opci\u00f3n de instalaci\u00f3n sin taladrar, manteniendo la est\u00e9tica moderna y lujosa en su ba\u00f1o.<\/p>\n","protected":false},"excerpt":{"rendered":"<p>Transforme su ba\u00f1o con esta elegante y funcional l\u00ednea de  [&#8230;]<\/p>\n","protected":false},"featured_media":14226,"template":"","meta":[],"product_brand":[],"product_cat":[388,70],"product_tag":[],"serie":[],"manual-de-instalacion":[],"color":[350],"class_list":{"0":"post-13867","1":"product","2":"type-product","3":"status-publish","4":"has-post-thumbnail","6":"product_cat-accesorios-2","7":"product_cat-accesorios","8":"color-oro-mate-cepillado","10":"first","11":"instock","12":"taxable","13":"shipping-taxable","14":"product-type-variable"},"_links":{"self":[{"href":"https:\/\/www.valaz.es\/en\/wp-json\/wp\/v2\/product\/13867","targetHints":{"allow":["GET"]}}],"collection":[{"href":"https:\/\/www.valaz.es\/en\/wp-json\/wp\/v2\/product"}],"about":[{"href":"https:\/\/www.valaz.es\/en\/wp-json\/wp\/v2\/types\/product"}],"wp:featuredmedia":[{"embeddable":true,"href":"https:\/\/www.valaz.es\/en\/wp-json\/wp\/v2\/media\/14226"}],"wp:attachment":[{"href":"https:\/\/www.valaz.es\/en\/wp-json\/wp\/v2\/media?parent=13867"}],"wp:term":[{"taxonomy":"product_brand","embeddable":true,"href":"https:\/\/www.valaz.es\/en\/wp-json\/wp\/v2\/product_brand?post=13867"},{"taxonomy":"product_cat","embeddable":true,"href":"https:\/\/www.valaz.es\/en\/wp-json\/wp\/v2\/product_cat?post=13867"},{"taxonomy":"product_tag","embeddable":true,"href":"https:\/\/www.valaz.es\/en\/wp-json\/wp\/v2\/product_tag?post=13867"},{"taxonomy":"serie","embeddable":true,"href":"https:\/\/www.valaz.es\/en\/wp-json\/wp\/v2\/serie?post=13867"},{"taxonomy":"manual-de-instalacion","embeddable":true,"href":"https:\/\/www.valaz.es\/en\/wp-json\/wp\/v2\/manual-de-instalacion?post=13867"},{"taxonomy":"color","embeddable":true,"href":"https:\/\/www.valaz.es\/en\/wp-json\/wp\/v2\/color?post=13867"}],"curies":[{"name":"wp","href":"https:\/\/api.w.org\/{rel}","templated":true}]}}