{"id":13863,"date":"2024-11-27T11:11:56","date_gmt":"2024-11-27T10:11:56","guid":{"rendered":"https:\/\/www.valaz.es\/?post_type=product&#038;p=13863"},"modified":"2026-01-12T13:23:14","modified_gmt":"2026-01-12T12:23:14","slug":"accesorios-de-bano-adhesivos-pegados-sin-taladro-oro-mate-con-proteccion-pvd-redondo-toallero-30cm-percha-portarollos","status":"publish","type":"product","link":"https:\/\/www.valaz.es\/en\/product\/accesorios-de-bano-adhesivos-pegados-sin-taladro-oro-mate-con-proteccion-pvd-redondo-toallero-30cm-percha-portarollos\/","title":{"rendered":"Accesorios de ba\u00f1o adhesivos pegados sin taladro oro mate con protecci\u00f3n PVD redondo Toallero 30cm+ Percha+ Portarollos"},"content":{"rendered":"<p class=\"\" data-start=\"133\" data-end=\"385\">Dale un toque elegante y moderno a tu ba\u00f1o con este conjunto de <strong data-start=\"197\" data-end=\"221\">accesorios adhesivos<\/strong> en <strong data-start=\"225\" data-end=\"256\">oro mate con protecci\u00f3n PVD<\/strong>. Con un dise\u00f1o redondo y funcional, este set es perfecto para quienes buscan una instalaci\u00f3n sencilla sin necesidad de taladrar.<\/p>\n<h3 class=\"\" data-start=\"387\" data-end=\"399\">Incluye:<\/h3>\n<ul data-start=\"400\" data-end=\"558\">\n<li class=\"\" data-start=\"400\" data-end=\"465\">\n<p class=\"\" data-start=\"402\" data-end=\"465\"><strong data-start=\"402\" data-end=\"414\">Toallero<\/strong> de 30 cm (medida exterior: 30 cm, interior: 25 cm)<\/p>\n<\/li>\n<li class=\"\" data-start=\"466\" data-end=\"484\">\n<p class=\"\" data-start=\"468\" data-end=\"484\"><strong data-start=\"468\" data-end=\"484\">Portarrollos<\/strong><\/p>\n<\/li>\n<li class=\"\" data-start=\"485\" data-end=\"558\">\n<p class=\"\" data-start=\"487\" data-end=\"558\"><strong data-start=\"487\" data-end=\"497\">Percha<\/strong> (puedes elegir entre 1, 2 o 3 perchas seg\u00fan tus necesidades)<\/p>\n<\/li>\n<\/ul>\n<h3 class=\"\" data-start=\"560\" data-end=\"575\">Materiales:<\/h3>\n<ul data-start=\"576\" data-end=\"849\">\n<li class=\"\" data-start=\"576\" data-end=\"683\">\n<p class=\"\" data-start=\"578\" data-end=\"683\">Fabricados en <strong data-start=\"592\" data-end=\"619\">acero inoxidable SUS304<\/strong>, que asegura una alta resistencia a la humedad y a la corrosi\u00f3n<\/p>\n<\/li>\n<li class=\"\" data-start=\"684\" data-end=\"849\">\n<p class=\"\" data-start=\"686\" data-end=\"849\"><strong data-start=\"686\" data-end=\"719\">Acabado en oro mate cepillado<\/strong> con <strong data-start=\"724\" data-end=\"742\">protecci\u00f3n PVD<\/strong>, lo que garantiza durabilidad y un aspecto de lujo, adem\u00e1s de mayor resistencia al desgaste y la corrosi\u00f3n<\/p>\n<\/li>\n<\/ul>\n<h3 class=\"\" data-start=\"851\" data-end=\"871\">Caracter\u00edsticas:<\/h3>\n<ul data-start=\"872\" data-end=\"1256\">\n<li class=\"\" data-start=\"872\" data-end=\"997\">\n<p class=\"\" data-start=\"874\" data-end=\"997\"><strong data-start=\"874\" data-end=\"902\">Instalaci\u00f3n sin taladrar<\/strong> gracias a su sistema adhesivo de alta adherencia, ideal para no da\u00f1ar las superficies del ba\u00f1o<\/p>\n<\/li>\n<li class=\"\" data-start=\"998\" data-end=\"1061\">\n<p class=\"\" data-start=\"1000\" data-end=\"1061\"><strong data-start=\"1000\" data-end=\"1021\">Toallero de 30 cm<\/strong>, ideal para toallas peque\u00f1as o de manos<\/p>\n<\/li>\n<li class=\"\" data-start=\"1062\" data-end=\"1131\">\n<p class=\"\" data-start=\"1064\" data-end=\"1131\"><strong data-start=\"1064\" data-end=\"1080\">Portarrollos<\/strong> para un pr\u00e1ctico almacenamiento de papel higi\u00e9nico<\/p>\n<\/li>\n<li class=\"\" data-start=\"1132\" data-end=\"1256\">\n<p class=\"\" data-start=\"1134\" data-end=\"1256\"><strong data-start=\"1134\" data-end=\"1145\">Perchas<\/strong> para colgar accesorios, toallas u otras prendas, con la opci\u00f3n de elegir entre 1, 2 o 3 seg\u00fan tus preferencias<\/p>\n<\/li>\n<\/ul>\n<p class=\"\" data-start=\"1258\" data-end=\"1499\">Este conjunto de <strong data-start=\"1275\" data-end=\"1299\">accesorios adhesivos<\/strong> en <strong data-start=\"1303\" data-end=\"1315\">oro mate<\/strong> es la opci\u00f3n ideal para quienes buscan un dise\u00f1o elegante, f\u00e1cil de instalar y resistente, con la comodidad de no tener que perforar las paredes. Perfecto para cualquier ba\u00f1o moderno.<\/p>\n","protected":false},"excerpt":{"rendered":"<p>Dale un toque elegante y moderno a tu ba\u00f1o con  [&#8230;]<\/p>\n","protected":false},"featured_media":14218,"template":"","meta":[],"product_brand":[],"product_cat":[388,70],"product_tag":[],"serie":[],"manual-de-instalacion":[],"color":[350],"class_list":{"0":"post-13863","1":"product","2":"type-product","3":"status-publish","4":"has-post-thumbnail","6":"product_cat-accesorios-2","7":"product_cat-accesorios","8":"color-oro-mate-cepillado","10":"first","11":"instock","12":"taxable","13":"shipping-taxable","14":"product-type-variable"},"_links":{"self":[{"href":"https:\/\/www.valaz.es\/en\/wp-json\/wp\/v2\/product\/13863","targetHints":{"allow":["GET"]}}],"collection":[{"href":"https:\/\/www.valaz.es\/en\/wp-json\/wp\/v2\/product"}],"about":[{"href":"https:\/\/www.valaz.es\/en\/wp-json\/wp\/v2\/types\/product"}],"wp:featuredmedia":[{"embeddable":true,"href":"https:\/\/www.valaz.es\/en\/wp-json\/wp\/v2\/media\/14218"}],"wp:attachment":[{"href":"https:\/\/www.valaz.es\/en\/wp-json\/wp\/v2\/media?parent=13863"}],"wp:term":[{"taxonomy":"product_brand","embeddable":true,"href":"https:\/\/www.valaz.es\/en\/wp-json\/wp\/v2\/product_brand?post=13863"},{"taxonomy":"product_cat","embeddable":true,"href":"https:\/\/www.valaz.es\/en\/wp-json\/wp\/v2\/product_cat?post=13863"},{"taxonomy":"product_tag","embeddable":true,"href":"https:\/\/www.valaz.es\/en\/wp-json\/wp\/v2\/product_tag?post=13863"},{"taxonomy":"serie","embeddable":true,"href":"https:\/\/www.valaz.es\/en\/wp-json\/wp\/v2\/serie?post=13863"},{"taxonomy":"manual-de-instalacion","embeddable":true,"href":"https:\/\/www.valaz.es\/en\/wp-json\/wp\/v2\/manual-de-instalacion?post=13863"},{"taxonomy":"color","embeddable":true,"href":"https:\/\/www.valaz.es\/en\/wp-json\/wp\/v2\/color?post=13863"}],"curies":[{"name":"wp","href":"https:\/\/api.w.org\/{rel}","templated":true}]}}