{"id":13761,"date":"2024-09-27T12:17:23","date_gmt":"2024-09-27T10:17:23","guid":{"rendered":"https:\/\/www.valaz.es\/?post_type=product&#038;p=13761"},"modified":"2026-03-12T08:13:09","modified_gmt":"2026-03-12T07:13:09","slug":"grifo-de-banera-exenta-bimando-retro-diseno-vintage-serie-adaja","status":"publish","type":"product","link":"https:\/\/www.valaz.es\/en\/product\/grifo-de-banera-exenta-bimando-retro-diseno-vintage-serie-adaja\/","title":{"rendered":"Grifo de ba\u00f1era exenta bimando retro dise\u00f1o vintage &#8211; Serie Adaja"},"content":{"rendered":"<p class=\"\" data-start=\"69\" data-end=\"357\">Grifo de ba\u00f1era exenta de estilo retro, dise\u00f1ado para ba\u00f1os que buscan un toque cl\u00e1sico y elegante. Con su sistema bimando, permite el control independiente de agua fr\u00eda y caliente, mientras que su dise\u00f1o vintage agrega un aire de sofisticaci\u00f3n y distinci\u00f3n al espacio.<\/p>\n<p class=\"\" data-start=\"359\" data-end=\"381\"><strong data-start=\"359\" data-end=\"378\">Caracter\u00edsticas<\/strong>:<\/p>\n<ul data-start=\"382\" data-end=\"936\">\n<li class=\"\" data-start=\"382\" data-end=\"481\">\n<p class=\"\" data-start=\"384\" data-end=\"481\"><strong data-start=\"384\" data-end=\"401\">Tipo de grifo<\/strong>: Bimando, con mandos separados para controlar el flujo de agua fr\u00eda y caliente.<\/p>\n<\/li>\n<li class=\"\" data-start=\"482\" data-end=\"600\">\n<p class=\"\" data-start=\"484\" data-end=\"600\"><strong data-start=\"484\" data-end=\"494\">Dise\u00f1o<\/strong>: Retro\/vintage, ideal para ba\u00f1os de estilo cl\u00e1sico o antiguo, con acabados que destacan por su elegancia.<\/p>\n<\/li>\n<li class=\"\" data-start=\"601\" data-end=\"828\">\n<p class=\"\" data-start=\"603\" data-end=\"620\"><strong data-start=\"603\" data-end=\"617\">Materiales<\/strong>:<\/p>\n<ul data-start=\"623\" data-end=\"828\">\n<li class=\"\" data-start=\"623\" data-end=\"668\">\n<p class=\"\" data-start=\"625\" data-end=\"668\"><strong data-start=\"625\" data-end=\"635\">Cuerpo<\/strong> de lat\u00f3n, resistente y duradero.<\/p>\n<\/li>\n<li class=\"\" data-start=\"671\" data-end=\"738\">\n<p class=\"\" data-start=\"673\" data-end=\"738\"><strong data-start=\"673\" data-end=\"682\">Flexo<\/strong> de acero inoxidable, flexible y resistente al desgaste.<\/p>\n<\/li>\n<li class=\"\" data-start=\"741\" data-end=\"828\">\n<p class=\"\" data-start=\"743\" data-end=\"828\"><strong data-start=\"743\" data-end=\"764\">Alcachofa de mano<\/strong> de lat\u00f3n con acabado vintage para un toque adicional de estilo.<\/p>\n<\/li>\n<\/ul>\n<\/li>\n<li class=\"\" data-start=\"829\" data-end=\"936\">\n<p class=\"\" data-start=\"831\" data-end=\"936\"><strong data-start=\"831\" data-end=\"846\">Instalaci\u00f3n<\/strong>: Exenta, permitiendo una mayor flexibilidad en la distribuci\u00f3n de los elementos del ba\u00f1o.<\/p>\n<\/li>\n<\/ul>\n<p class=\"\" data-start=\"938\" data-end=\"1154\"><strong data-start=\"938\" data-end=\"949\">Acabado<\/strong>: Elegante dorado o cromado envejecido, perfecto para combinar con otros accesorios retro y a\u00f1adir un car\u00e1cter \u00fanico al ba\u00f1o. Ideal para aquellos que buscan un dise\u00f1o cl\u00e1sico con una funcionalidad moderna.<\/p>\n","protected":false},"excerpt":{"rendered":"<p>Grifo de ba\u00f1era exenta de estilo retro, dise\u00f1ado para ba\u00f1os  [&#8230;]<\/p>\n","protected":false},"featured_media":13763,"template":"","meta":[],"product_brand":[],"product_cat":[49],"product_tag":[],"serie":[43],"manual-de-instalacion":[84],"color":[29],"class_list":{"0":"post-13761","1":"product","2":"type-product","3":"status-publish","4":"has-post-thumbnail","6":"product_cat-grifos-de-banera-exenta","7":"serie-adaja","8":"manual-de-instalacion-guia-instalacion-grifo-exenta","9":"color-dorado-envejecido","11":"first","12":"instock","13":"taxable","14":"shipping-taxable","15":"product-type-simple"},"_links":{"self":[{"href":"https:\/\/www.valaz.es\/en\/wp-json\/wp\/v2\/product\/13761","targetHints":{"allow":["GET"]}}],"collection":[{"href":"https:\/\/www.valaz.es\/en\/wp-json\/wp\/v2\/product"}],"about":[{"href":"https:\/\/www.valaz.es\/en\/wp-json\/wp\/v2\/types\/product"}],"wp:featuredmedia":[{"embeddable":true,"href":"https:\/\/www.valaz.es\/en\/wp-json\/wp\/v2\/media\/13763"}],"wp:attachment":[{"href":"https:\/\/www.valaz.es\/en\/wp-json\/wp\/v2\/media?parent=13761"}],"wp:term":[{"taxonomy":"product_brand","embeddable":true,"href":"https:\/\/www.valaz.es\/en\/wp-json\/wp\/v2\/product_brand?post=13761"},{"taxonomy":"product_cat","embeddable":true,"href":"https:\/\/www.valaz.es\/en\/wp-json\/wp\/v2\/product_cat?post=13761"},{"taxonomy":"product_tag","embeddable":true,"href":"https:\/\/www.valaz.es\/en\/wp-json\/wp\/v2\/product_tag?post=13761"},{"taxonomy":"serie","embeddable":true,"href":"https:\/\/www.valaz.es\/en\/wp-json\/wp\/v2\/serie?post=13761"},{"taxonomy":"manual-de-instalacion","embeddable":true,"href":"https:\/\/www.valaz.es\/en\/wp-json\/wp\/v2\/manual-de-instalacion?post=13761"},{"taxonomy":"color","embeddable":true,"href":"https:\/\/www.valaz.es\/en\/wp-json\/wp\/v2\/color?post=13761"}],"curies":[{"name":"wp","href":"https:\/\/api.w.org\/{rel}","templated":true}]}}