{"id":13752,"date":"2024-09-27T12:00:45","date_gmt":"2024-09-27T10:00:45","guid":{"rendered":"https:\/\/www.valaz.es\/?post_type=product&#038;p=13752"},"modified":"2025-04-22T16:54:22","modified_gmt":"2025-04-22T14:54:22","slug":"barra-de-ducha-banera-vintage-dorada-envejecida-retro-bimando-ajustable-hasta-120cm-serie-adaja","status":"publish","type":"product","link":"https:\/\/www.valaz.es\/en\/product\/barra-de-ducha-banera-vintage-dorada-envejecida-retro-bimando-ajustable-hasta-120cm-serie-adaja\/","title":{"rendered":"Barra de ducha\/ba\u00f1era vintage dorada envejecida retro bimando ajustable hasta 120CM &#8211; Serie Adaja"},"content":{"rendered":"<p class=\"\" data-start=\"79\" data-end=\"343\">Barra de ducha\/ba\u00f1era de estilo vintage con un acabado dorado envejecido, que aporta un toque cl\u00e1sico y elegante a tu ba\u00f1o. Su dise\u00f1o retro y funcionalidad bimando te permitir\u00e1n disfrutar de una experiencia de ba\u00f1o \u00fanica con un estilo atemporal.<\/p>\n<p class=\"\" data-start=\"345\" data-end=\"367\"><strong data-start=\"345\" data-end=\"364\">Caracter\u00edsticas<\/strong>:<\/p>\n<ul data-start=\"368\" data-end=\"837\">\n<li class=\"\" data-start=\"368\" data-end=\"472\">\n<p class=\"\" data-start=\"370\" data-end=\"472\"><strong data-start=\"370\" data-end=\"393\">Tipo de instalaci\u00f3n<\/strong>: Barra ajustable en altura de 80 cm a 120 cm para adaptarse a tus necesidades.<\/p>\n<\/li>\n<li class=\"\" data-start=\"473\" data-end=\"745\">\n<p class=\"\" data-start=\"475\" data-end=\"492\"><strong data-start=\"475\" data-end=\"489\">Materiales<\/strong>:<\/p>\n<ul data-start=\"495\" data-end=\"745\">\n<li class=\"\" data-start=\"495\" data-end=\"564\">\n<p class=\"\" data-start=\"497\" data-end=\"564\"><strong data-start=\"497\" data-end=\"522\">Cuerpo de la grifer\u00eda<\/strong> en lat\u00f3n, resistente y de alta calidad.<\/p>\n<\/li>\n<li class=\"\" data-start=\"567\" data-end=\"643\">\n<p class=\"\" data-start=\"569\" data-end=\"643\"><strong data-start=\"569\" data-end=\"589\">Rociador y flexo<\/strong> de acero inoxidable, duraderos y f\u00e1ciles de mantener.<\/p>\n<\/li>\n<li class=\"\" data-start=\"646\" data-end=\"745\">\n<p class=\"\" data-start=\"648\" data-end=\"745\"><strong data-start=\"648\" data-end=\"669\">Alcachofa de mano<\/strong> de lat\u00f3n con acabado dorado envejecido para complementar el estilo vintage.<\/p>\n<\/li>\n<\/ul>\n<\/li>\n<li class=\"\" data-start=\"746\" data-end=\"834\">\n<p class=\"\" data-start=\"748\" data-end=\"834\"><strong data-start=\"748\" data-end=\"757\">Color<\/strong>: Dorado envejecido, ideal para aportar un aire de elegancia retro a tu ba\u00f1o.<\/p>\n<\/li>\n<li class=\"\" data-start=\"746\" data-end=\"834\">\n<p class=\"\" data-start=\"748\" data-end=\"834\"><strong data-start=\"649\" data-end=\"665\">Instalaci\u00f3n:<\/strong> De pared, con separaci\u00f3n est\u00e1ndar de 15 cm entre tomas<\/p>\n<\/li>\n<\/ul>\n<p>Funci\u00f3n de ducha y ba\u00f1era combinada, para mayor versatilidad en tu ba\u00f1o, perfecto para quienes buscan un dise\u00f1o retro.<\/p>\n","protected":false},"excerpt":{"rendered":"<p>Barra de ducha\/ba\u00f1era de estilo vintage con un acabado dorado  [&#8230;]<\/p>\n","protected":false},"featured_media":13753,"template":"","meta":[],"product_brand":[],"product_cat":[55],"product_tag":[],"serie":[43],"manual-de-instalacion":[],"color":[29],"class_list":{"0":"post-13752","1":"product","2":"type-product","3":"status-publish","4":"has-post-thumbnail","6":"product_cat-barras-de-ducha","7":"serie-adaja","8":"color-dorado-envejecido","10":"first","11":"outofstock","12":"taxable","13":"shipping-taxable","14":"product-type-simple"},"_links":{"self":[{"href":"https:\/\/www.valaz.es\/en\/wp-json\/wp\/v2\/product\/13752","targetHints":{"allow":["GET"]}}],"collection":[{"href":"https:\/\/www.valaz.es\/en\/wp-json\/wp\/v2\/product"}],"about":[{"href":"https:\/\/www.valaz.es\/en\/wp-json\/wp\/v2\/types\/product"}],"wp:featuredmedia":[{"embeddable":true,"href":"https:\/\/www.valaz.es\/en\/wp-json\/wp\/v2\/media\/13753"}],"wp:attachment":[{"href":"https:\/\/www.valaz.es\/en\/wp-json\/wp\/v2\/media?parent=13752"}],"wp:term":[{"taxonomy":"product_brand","embeddable":true,"href":"https:\/\/www.valaz.es\/en\/wp-json\/wp\/v2\/product_brand?post=13752"},{"taxonomy":"product_cat","embeddable":true,"href":"https:\/\/www.valaz.es\/en\/wp-json\/wp\/v2\/product_cat?post=13752"},{"taxonomy":"product_tag","embeddable":true,"href":"https:\/\/www.valaz.es\/en\/wp-json\/wp\/v2\/product_tag?post=13752"},{"taxonomy":"serie","embeddable":true,"href":"https:\/\/www.valaz.es\/en\/wp-json\/wp\/v2\/serie?post=13752"},{"taxonomy":"manual-de-instalacion","embeddable":true,"href":"https:\/\/www.valaz.es\/en\/wp-json\/wp\/v2\/manual-de-instalacion?post=13752"},{"taxonomy":"color","embeddable":true,"href":"https:\/\/www.valaz.es\/en\/wp-json\/wp\/v2\/color?post=13752"}],"curies":[{"name":"wp","href":"https:\/\/api.w.org\/{rel}","templated":true}]}}