{"id":13686,"date":"2024-09-25T13:25:50","date_gmt":"2024-09-25T11:25:50","guid":{"rendered":"https:\/\/www.valaz.es\/?post_type=product&#038;p=13686"},"modified":"2026-02-18T08:23:09","modified_gmt":"2026-02-18T07:23:09","slug":"cano-redondo-empotrado-21-cm-acero-cepillado-para-lavabo","status":"publish","type":"product","link":"https:\/\/www.valaz.es\/en\/product\/cano-redondo-empotrado-21-cm-acero-cepillado-para-lavabo\/","title":{"rendered":"Ca\u00f1o redondo empotrado 21 cm acero cepillado para lavabo"},"content":{"rendered":"<p class=\"\" data-start=\"64\" data-end=\"194\">Ca\u00f1o redondo empotrado de 21 cm con acabado en acero cepillado, dise\u00f1ado para lavabos con grifer\u00eda empotrada.<\/p>\n<p class=\"\" data-start=\"196\" data-end=\"219\"><strong data-start=\"196\" data-end=\"216\">Especificaciones<\/strong>:<\/p>\n<ul data-start=\"220\" data-end=\"422\" data-is-last-node=\"\" data-is-only-node=\"\">\n<li class=\"\" data-start=\"220\" data-end=\"254\">\n<p class=\"\" data-start=\"222\" data-end=\"254\"><strong data-start=\"222\" data-end=\"234\">Material<\/strong>: Acero inoxidable<\/p>\n<\/li>\n<li class=\"\" data-start=\"255\" data-end=\"287\">\n<p class=\"\" data-start=\"257\" data-end=\"287\"><strong data-start=\"257\" data-end=\"268\">Acabado<\/strong>: Acero cepillado<\/p>\n<\/li>\n<li class=\"\" data-start=\"288\" data-end=\"318\">\n<p class=\"\" data-start=\"290\" data-end=\"318\"><strong data-start=\"290\" data-end=\"300\">Tama\u00f1o<\/strong>: 21 cm de largo<\/p>\n<\/li>\n<li class=\"\" data-start=\"319\" data-end=\"349\">\n<p class=\"\" data-start=\"321\" data-end=\"349\"><strong data-start=\"321\" data-end=\"336\">Instalaci\u00f3n<\/strong>: Empotrado<\/p>\n<\/li>\n<li class=\"\" data-start=\"350\" data-end=\"404\">\n<p class=\"\" data-start=\"352\" data-end=\"404\"><strong data-start=\"352\" data-end=\"370\">Compatibilidad<\/strong>: Grifer\u00eda empotrada para lavabo<\/p>\n<\/li>\n<li class=\"\" data-start=\"405\" data-end=\"422\">\n<p class=\"\" data-start=\"407\" data-end=\"422\"><strong data-start=\"407\" data-end=\"416\">Rosca<\/strong>: 1\/2&#8243;<\/p>\n<\/li>\n<\/ul>\n","protected":false},"excerpt":{"rendered":"<p>Ca\u00f1o redondo empotrado de 21 cm con acabado en acero  [&#8230;]<\/p>\n","protected":false},"featured_media":20604,"template":"","meta":[],"product_brand":[],"product_cat":[388],"product_tag":[],"serie":[],"manual-de-instalacion":[],"color":[28],"class_list":{"0":"post-13686","1":"product","2":"type-product","3":"status-publish","4":"has-post-thumbnail","6":"product_cat-accesorios-2","7":"color-acero-cepillado","9":"first","10":"instock","11":"taxable","12":"shipping-taxable","13":"product-type-simple"},"_links":{"self":[{"href":"https:\/\/www.valaz.es\/en\/wp-json\/wp\/v2\/product\/13686","targetHints":{"allow":["GET"]}}],"collection":[{"href":"https:\/\/www.valaz.es\/en\/wp-json\/wp\/v2\/product"}],"about":[{"href":"https:\/\/www.valaz.es\/en\/wp-json\/wp\/v2\/types\/product"}],"wp:featuredmedia":[{"embeddable":true,"href":"https:\/\/www.valaz.es\/en\/wp-json\/wp\/v2\/media\/20604"}],"wp:attachment":[{"href":"https:\/\/www.valaz.es\/en\/wp-json\/wp\/v2\/media?parent=13686"}],"wp:term":[{"taxonomy":"product_brand","embeddable":true,"href":"https:\/\/www.valaz.es\/en\/wp-json\/wp\/v2\/product_brand?post=13686"},{"taxonomy":"product_cat","embeddable":true,"href":"https:\/\/www.valaz.es\/en\/wp-json\/wp\/v2\/product_cat?post=13686"},{"taxonomy":"product_tag","embeddable":true,"href":"https:\/\/www.valaz.es\/en\/wp-json\/wp\/v2\/product_tag?post=13686"},{"taxonomy":"serie","embeddable":true,"href":"https:\/\/www.valaz.es\/en\/wp-json\/wp\/v2\/serie?post=13686"},{"taxonomy":"manual-de-instalacion","embeddable":true,"href":"https:\/\/www.valaz.es\/en\/wp-json\/wp\/v2\/manual-de-instalacion?post=13686"},{"taxonomy":"color","embeddable":true,"href":"https:\/\/www.valaz.es\/en\/wp-json\/wp\/v2\/color?post=13686"}],"curies":[{"name":"wp","href":"https:\/\/api.w.org\/{rel}","templated":true}]}}