{"id":13500,"date":"2024-09-25T13:27:45","date_gmt":"2024-09-25T11:27:45","guid":{"rendered":"https:\/\/www.valaz.es\/?post_type=product&#038;p=13500"},"modified":"2025-06-06T15:54:16","modified_gmt":"2025-06-06T13:54:16","slug":"soporte-alcachofa-de-mano-redondo-dorado-cepillado","status":"publish","type":"product","link":"https:\/\/www.valaz.es\/en\/product\/soporte-alcachofa-de-mano-redondo-dorado-cepillado\/","title":{"rendered":"Soporte alcachofa de mano redondo dorado cepillado"},"content":{"rendered":"<p class=\"\" data-start=\"56\" data-end=\"325\">Soporte elegante y resistente en acabado dorado cepillado, ideal para fijar de manera segura la alcachofa de mano en tu ducha o ba\u00f1era. Su dise\u00f1o redondo y acabado premium lo convierten en un accesorio perfecto para ba\u00f1os de estilo moderno o cl\u00e1sico.<\/p>\n<p class=\"\" data-start=\"327\" data-end=\"350\"><strong data-start=\"327\" data-end=\"347\">Especificaciones<\/strong>:<\/p>\n<ul data-start=\"351\" data-end=\"625\">\n<li class=\"\" data-start=\"351\" data-end=\"390\">\n<p class=\"\" data-start=\"353\" data-end=\"390\"><strong data-start=\"353\" data-end=\"365\">Material<\/strong>: Lat\u00f3n de alta calidad<\/p>\n<\/li>\n<li class=\"\" data-start=\"391\" data-end=\"424\">\n<p class=\"\" data-start=\"393\" data-end=\"424\"><strong data-start=\"393\" data-end=\"404\">Acabado<\/strong>: Dorado cepillado<\/p>\n<\/li>\n<li class=\"\" data-start=\"425\" data-end=\"443\">\n<p class=\"\" data-start=\"427\" data-end=\"443\"><strong data-start=\"427\" data-end=\"436\">Rosca<\/strong>: 1\/2<\/p>\n<\/li>\n<li class=\"\" data-start=\"444\" data-end=\"476\">\n<p class=\"\" data-start=\"446\" data-end=\"476\"><strong data-start=\"446\" data-end=\"465\">Tipo de soporte<\/strong>: Redondo<\/p>\n<\/li>\n<li class=\"\" data-start=\"477\" data-end=\"543\">\n<p class=\"\" data-start=\"479\" data-end=\"543\"><strong data-start=\"479\" data-end=\"497\">Compatibilidad<\/strong>: Compatible con alcachofas de mano est\u00e1ndar<\/p>\n<\/li>\n<li class=\"\" data-start=\"544\" data-end=\"625\">\n<p class=\"\" data-start=\"546\" data-end=\"625\"><strong data-start=\"546\" data-end=\"561\">Instalaci\u00f3n<\/strong>: F\u00e1cil de instalar en la pared, ideal para una sujeci\u00f3n firme<\/p>\n<\/li>\n<\/ul>\n","protected":false},"excerpt":{"rendered":"<p>Soporte elegante y resistente en acabado dorado cepillado, ideal para  [&#8230;]<\/p>\n","protected":false},"featured_media":15735,"template":"","meta":[],"product_brand":[],"product_cat":[388],"product_tag":[],"serie":[],"manual-de-instalacion":[],"color":[34],"class_list":{"0":"post-13500","1":"product","2":"type-product","3":"status-publish","4":"has-post-thumbnail","6":"product_cat-accesorios-2","7":"color-dorado-cepillado","9":"first","10":"instock","11":"taxable","12":"shipping-taxable","13":"product-type-simple"},"_links":{"self":[{"href":"https:\/\/www.valaz.es\/en\/wp-json\/wp\/v2\/product\/13500","targetHints":{"allow":["GET"]}}],"collection":[{"href":"https:\/\/www.valaz.es\/en\/wp-json\/wp\/v2\/product"}],"about":[{"href":"https:\/\/www.valaz.es\/en\/wp-json\/wp\/v2\/types\/product"}],"wp:featuredmedia":[{"embeddable":true,"href":"https:\/\/www.valaz.es\/en\/wp-json\/wp\/v2\/media\/15735"}],"wp:attachment":[{"href":"https:\/\/www.valaz.es\/en\/wp-json\/wp\/v2\/media?parent=13500"}],"wp:term":[{"taxonomy":"product_brand","embeddable":true,"href":"https:\/\/www.valaz.es\/en\/wp-json\/wp\/v2\/product_brand?post=13500"},{"taxonomy":"product_cat","embeddable":true,"href":"https:\/\/www.valaz.es\/en\/wp-json\/wp\/v2\/product_cat?post=13500"},{"taxonomy":"product_tag","embeddable":true,"href":"https:\/\/www.valaz.es\/en\/wp-json\/wp\/v2\/product_tag?post=13500"},{"taxonomy":"serie","embeddable":true,"href":"https:\/\/www.valaz.es\/en\/wp-json\/wp\/v2\/serie?post=13500"},{"taxonomy":"manual-de-instalacion","embeddable":true,"href":"https:\/\/www.valaz.es\/en\/wp-json\/wp\/v2\/manual-de-instalacion?post=13500"},{"taxonomy":"color","embeddable":true,"href":"https:\/\/www.valaz.es\/en\/wp-json\/wp\/v2\/color?post=13500"}],"curies":[{"name":"wp","href":"https:\/\/api.w.org\/{rel}","templated":true}]}}