{"id":13003,"date":"2024-09-06T14:06:37","date_gmt":"2024-09-06T12:06:37","guid":{"rendered":"https:\/\/www.valaz.es\/?post_type=product&#038;p=13003"},"modified":"2025-04-03T11:28:18","modified_gmt":"2025-04-03T09:28:18","slug":"cano-redondo-15cm-cromado-con-rosca-1-2","status":"publish","type":"product","link":"https:\/\/www.valaz.es\/en\/product\/cano-redondo-15cm-cromado-con-rosca-1-2\/","title":{"rendered":"Ca\u00f1o redondo 15cm cromado con rosca 1\/2"},"content":{"rendered":"<p class=\"\" data-start=\"49\" data-end=\"379\">Este ca\u00f1o redondo de 15 cm con acabado cromado es perfecto para quienes buscan una opci\u00f3n compacta y elegante para sus instalaciones de grifer\u00eda. Su dise\u00f1o sencillo y acabado brillante ofrecen una soluci\u00f3n pr\u00e1ctica y duradera para todo tipo de espacios. La rosca de 1\/2 asegura una instalaci\u00f3n estable y segura.<\/p>\n<p class=\"\" data-start=\"381\" data-end=\"404\"><strong data-start=\"381\" data-end=\"402\">Especificaciones:<\/strong><\/p>\n<ul data-start=\"405\" data-end=\"577\">\n<li class=\"\" data-start=\"405\" data-end=\"432\">\n<p class=\"\" data-start=\"407\" data-end=\"432\"><strong data-start=\"407\" data-end=\"416\">Tipo:<\/strong> Ca\u00f1o redondo.<\/p>\n<\/li>\n<li class=\"\" data-start=\"433\" data-end=\"467\">\n<p class=\"\" data-start=\"435\" data-end=\"467\"><strong data-start=\"435\" data-end=\"446\">Medida:<\/strong> 15 cm de longitud.<\/p>\n<\/li>\n<li class=\"\" data-start=\"468\" data-end=\"493\">\n<p class=\"\" data-start=\"470\" data-end=\"493\"><strong data-start=\"470\" data-end=\"482\">Acabado:<\/strong> Cromado.<\/p>\n<\/li>\n<li class=\"\" data-start=\"494\" data-end=\"522\">\n<p class=\"\" data-start=\"496\" data-end=\"522\"><strong data-start=\"496\" data-end=\"509\">Conexi\u00f3n:<\/strong> Rosca 1\/2.<\/p>\n<\/li>\n<li class=\"\" data-start=\"523\" data-end=\"577\">\n<p class=\"\" data-start=\"525\" data-end=\"577\"><strong data-start=\"525\" data-end=\"538\">Material:<\/strong> Lat\u00f3n (confirmar si es otro material).<\/p>\n<\/li>\n<\/ul>\n<p class=\"\" data-start=\"579\" data-end=\"702\">Ideal para quienes buscan una opci\u00f3n de ca\u00f1o m\u00e1s corto y funcional, que combine con la est\u00e9tica de cualquier ba\u00f1o.<\/p>\n","protected":false},"excerpt":{"rendered":"<p>Este ca\u00f1o redondo de 15 cm con acabado cromado es  [&#8230;]<\/p>\n","protected":false},"featured_media":15791,"template":"","meta":[],"product_brand":[],"product_cat":[70],"product_tag":[],"serie":[],"manual-de-instalacion":[],"color":[26],"class_list":{"0":"post-13003","1":"product","2":"type-product","3":"status-publish","4":"has-post-thumbnail","6":"product_cat-accesorios","7":"color-cromo","9":"first","10":"instock","11":"taxable","12":"shipping-taxable","13":"product-type-simple"},"_links":{"self":[{"href":"https:\/\/www.valaz.es\/en\/wp-json\/wp\/v2\/product\/13003","targetHints":{"allow":["GET"]}}],"collection":[{"href":"https:\/\/www.valaz.es\/en\/wp-json\/wp\/v2\/product"}],"about":[{"href":"https:\/\/www.valaz.es\/en\/wp-json\/wp\/v2\/types\/product"}],"wp:featuredmedia":[{"embeddable":true,"href":"https:\/\/www.valaz.es\/en\/wp-json\/wp\/v2\/media\/15791"}],"wp:attachment":[{"href":"https:\/\/www.valaz.es\/en\/wp-json\/wp\/v2\/media?parent=13003"}],"wp:term":[{"taxonomy":"product_brand","embeddable":true,"href":"https:\/\/www.valaz.es\/en\/wp-json\/wp\/v2\/product_brand?post=13003"},{"taxonomy":"product_cat","embeddable":true,"href":"https:\/\/www.valaz.es\/en\/wp-json\/wp\/v2\/product_cat?post=13003"},{"taxonomy":"product_tag","embeddable":true,"href":"https:\/\/www.valaz.es\/en\/wp-json\/wp\/v2\/product_tag?post=13003"},{"taxonomy":"serie","embeddable":true,"href":"https:\/\/www.valaz.es\/en\/wp-json\/wp\/v2\/serie?post=13003"},{"taxonomy":"manual-de-instalacion","embeddable":true,"href":"https:\/\/www.valaz.es\/en\/wp-json\/wp\/v2\/manual-de-instalacion?post=13003"},{"taxonomy":"color","embeddable":true,"href":"https:\/\/www.valaz.es\/en\/wp-json\/wp\/v2\/color?post=13003"}],"curies":[{"name":"wp","href":"https:\/\/api.w.org\/{rel}","templated":true}]}}