{"id":12987,"date":"2024-09-05T12:04:11","date_gmt":"2024-09-05T10:04:11","guid":{"rendered":"https:\/\/www.valaz.es\/?post_type=product&#038;p=12987"},"modified":"2026-04-07T13:23:19","modified_gmt":"2026-04-07T11:23:19","slug":"grifo-de-lavabo-empotrado-redondo-bimando-oro-mate-con-proteccion-pvd-serie-nalon","status":"publish","type":"product","link":"https:\/\/www.valaz.es\/en\/product\/grifo-de-lavabo-empotrado-redondo-bimando-oro-mate-con-proteccion-pvd-serie-nalon\/","title":{"rendered":"Grifo de lavabo empotrado redondo bimando oro mate con protecci\u00f3n PVD &#8211; Serie Nalon"},"content":{"rendered":"<p class=\"\" data-start=\"89\" data-end=\"513\">Este grifo de lavabo empotrado de dise\u00f1o redondo y bimando, con acabado en oro mate y protecci\u00f3n PVD, ofrece una combinaci\u00f3n perfecta entre estilo y funcionalidad. Su dise\u00f1o de 2 v\u00edas permite un control preciso del agua fr\u00eda y caliente, mientras que el ca\u00f1o de 21 cm proporciona comodidad y eficiencia. Con la protecci\u00f3n PVD, este grifo es altamente resistente al desgaste, asegurando una larga vida \u00fatil.<\/p>\n<p class=\"\" data-start=\"515\" data-end=\"538\"><strong data-start=\"515\" data-end=\"536\">Especificaciones:<\/strong><\/p>\n<ul data-start=\"539\" data-end=\"863\">\n<li class=\"\" data-start=\"539\" data-end=\"600\">\n<p class=\"\" data-start=\"541\" data-end=\"600\"><strong data-start=\"541\" data-end=\"550\">Tipo:<\/strong> Grifo empotrado bimando (agua fr\u00eda y caliente).<\/p>\n<\/li>\n<li class=\"\" data-start=\"601\" data-end=\"681\">\n<p class=\"\" data-start=\"603\" data-end=\"618\"><strong data-start=\"603\" data-end=\"616\">Material:<\/strong><\/p>\n<ul data-start=\"621\" data-end=\"681\">\n<li class=\"\" data-start=\"621\" data-end=\"656\">\n<p class=\"\" data-start=\"623\" data-end=\"656\">Cuerpo de la grifer\u00eda en lat\u00f3n.<\/p>\n<\/li>\n<li class=\"\" data-start=\"659\" data-end=\"681\">\n<p class=\"\" data-start=\"661\" data-end=\"681\">Cartucho cer\u00e1mico.<\/p>\n<\/li>\n<\/ul>\n<\/li>\n<li class=\"\" data-start=\"682\" data-end=\"702\">\n<p class=\"\" data-start=\"684\" data-end=\"702\"><strong data-start=\"684\" data-end=\"693\">Ca\u00f1o:<\/strong> 21 cm.<\/p>\n<\/li>\n<li class=\"\" data-start=\"703\" data-end=\"748\">\n<p class=\"\" data-start=\"705\" data-end=\"748\"><strong data-start=\"705\" data-end=\"717\">Acabado:<\/strong> Oro mate con protecci\u00f3n PVD.<\/p>\n<\/li>\n<li class=\"\" data-start=\"749\" data-end=\"780\">\n<p class=\"\" data-start=\"751\" data-end=\"780\"><strong data-start=\"751\" data-end=\"767\">Instalaci\u00f3n:<\/strong> Empotrado.<\/p>\n<\/li>\n<li class=\"\" data-start=\"781\" data-end=\"863\">\n<p class=\"\" data-start=\"783\" data-end=\"863\"><strong data-start=\"783\" data-end=\"797\">Funciones:<\/strong> Control de agua fr\u00eda y caliente con dos manetas independientes.<\/p>\n<\/li>\n<\/ul>\n<p class=\"\" data-start=\"865\" data-end=\"886\"><strong data-start=\"865\" data-end=\"884\">Lo que incluye:<\/strong><\/p>\n<ul data-start=\"887\" data-end=\"972\">\n<li class=\"\" data-start=\"887\" data-end=\"915\">\n<p class=\"\" data-start=\"889\" data-end=\"915\">Grifo empotrado bimando.<\/p>\n<\/li>\n<li class=\"\" data-start=\"916\" data-end=\"951\">\n<p class=\"\" data-start=\"918\" data-end=\"951\">Cuerpo de la grifer\u00eda en lat\u00f3n.<\/p>\n<\/li>\n<li class=\"\" data-start=\"952\" data-end=\"972\">\n<p class=\"\" data-start=\"954\" data-end=\"972\">Cartucho cer\u00e1mico.<\/p>\n<\/li>\n<\/ul>\n<p class=\"\" data-start=\"974\" data-end=\"1098\">Este grifo es la opci\u00f3n ideal para quienes buscan un dise\u00f1o cl\u00e1sico con acabados de lujo y un alto rendimiento en su lavabo.<\/p>\n","protected":false},"excerpt":{"rendered":"<p>Este grifo de lavabo empotrado de dise\u00f1o redondo y bimando,  [&#8230;]<\/p>\n","protected":false},"featured_media":17967,"template":"","meta":[],"product_brand":[],"product_cat":[58],"product_tag":[],"serie":[69],"manual-de-instalacion":[81],"color":[350],"class_list":{"0":"post-12987","1":"product","2":"type-product","3":"status-publish","4":"has-post-thumbnail","6":"product_cat-grifos-de-lavabo-empotrados","7":"serie-nalon","8":"manual-de-instalacion-guia-instalacion-grifo-lavabo-empotrado-sin-caja","9":"color-oro-mate-cepillado","11":"first","12":"instock","13":"taxable","14":"shipping-taxable","15":"product-type-simple"},"_links":{"self":[{"href":"https:\/\/www.valaz.es\/en\/wp-json\/wp\/v2\/product\/12987","targetHints":{"allow":["GET"]}}],"collection":[{"href":"https:\/\/www.valaz.es\/en\/wp-json\/wp\/v2\/product"}],"about":[{"href":"https:\/\/www.valaz.es\/en\/wp-json\/wp\/v2\/types\/product"}],"wp:featuredmedia":[{"embeddable":true,"href":"https:\/\/www.valaz.es\/en\/wp-json\/wp\/v2\/media\/17967"}],"wp:attachment":[{"href":"https:\/\/www.valaz.es\/en\/wp-json\/wp\/v2\/media?parent=12987"}],"wp:term":[{"taxonomy":"product_brand","embeddable":true,"href":"https:\/\/www.valaz.es\/en\/wp-json\/wp\/v2\/product_brand?post=12987"},{"taxonomy":"product_cat","embeddable":true,"href":"https:\/\/www.valaz.es\/en\/wp-json\/wp\/v2\/product_cat?post=12987"},{"taxonomy":"product_tag","embeddable":true,"href":"https:\/\/www.valaz.es\/en\/wp-json\/wp\/v2\/product_tag?post=12987"},{"taxonomy":"serie","embeddable":true,"href":"https:\/\/www.valaz.es\/en\/wp-json\/wp\/v2\/serie?post=12987"},{"taxonomy":"manual-de-instalacion","embeddable":true,"href":"https:\/\/www.valaz.es\/en\/wp-json\/wp\/v2\/manual-de-instalacion?post=12987"},{"taxonomy":"color","embeddable":true,"href":"https:\/\/www.valaz.es\/en\/wp-json\/wp\/v2\/color?post=12987"}],"curies":[{"name":"wp","href":"https:\/\/api.w.org\/{rel}","templated":true}]}}