{"id":12905,"date":"2024-09-17T15:36:32","date_gmt":"2024-09-17T13:36:32","guid":{"rendered":"https:\/\/www.valaz.es\/?post_type=product&#038;p=12905"},"modified":"2026-04-21T11:23:08","modified_gmt":"2026-04-21T09:23:08","slug":"grifo-de-bidet-empotrado-redondo-dorado-cepillado-acabado-maneta-luxury-serie-ofin","status":"publish","type":"product","link":"https:\/\/www.valaz.es\/en\/product\/grifo-de-bidet-empotrado-redondo-dorado-cepillado-acabado-maneta-luxury-serie-ofin\/","title":{"rendered":"Grifo de bidet empotrado redondo dorado cepillado acabado maneta luxury &#8211; Serie Ofin"},"content":{"rendered":"<p class=\"\" data-start=\"90\" data-end=\"303\">Grifo de bidet empotrado con dise\u00f1o redondo y elegante acabado dorado cepillado. Su maneta luxury facilita el ajuste preciso del agua caliente y fr\u00eda, brindando funcionalidad y estilo a tu ba\u00f1o.<\/p>\n<p class=\"\" data-start=\"305\" data-end=\"328\"><strong data-start=\"305\" data-end=\"326\">Especificaciones:<\/strong><\/p>\n<ul data-start=\"329\" data-end=\"571\">\n<li class=\"\" data-start=\"329\" data-end=\"383\">\n<p class=\"\" data-start=\"331\" data-end=\"383\"><strong data-start=\"331\" data-end=\"349\">Tipo de grifo:<\/strong> Bimando (agua fr\u00eda y caliente).<\/p>\n<\/li>\n<li class=\"\" data-start=\"384\" data-end=\"439\">\n<p class=\"\" data-start=\"386\" data-end=\"439\"><strong data-start=\"386\" data-end=\"401\">Materiales:<\/strong> Cuerpo de lat\u00f3n, cartucho cer\u00e1mico.<\/p>\n<\/li>\n<li class=\"\" data-start=\"440\" data-end=\"463\">\n<p class=\"\" data-start=\"442\" data-end=\"463\"><strong data-start=\"442\" data-end=\"455\">Conexi\u00f3n:<\/strong> G1\/2.<\/p>\n<\/li>\n<li class=\"\" data-start=\"464\" data-end=\"506\">\n<p class=\"\" data-start=\"466\" data-end=\"506\"><strong data-start=\"466\" data-end=\"476\">Flexo:<\/strong> PVC de 150 cm.<\/p>\n<\/li>\n<li class=\"\" data-start=\"507\" data-end=\"536\">\n<p class=\"\" data-start=\"509\" data-end=\"536\"><strong data-start=\"509\" data-end=\"521\">Presi\u00f3n:<\/strong> 0.1-1.0 MPa.<\/p>\n<\/li>\n<li class=\"\" data-start=\"507\" data-end=\"536\">\n<p class=\"\" data-start=\"509\" data-end=\"536\"><strong data-start=\"539\" data-end=\"551\">Acabado:<\/strong> Dorado cepillado.<\/p>\n<\/li>\n<li><strong>Incluye:<\/strong> cuerpo empotrable<\/li>\n<\/ul>\n","protected":false},"excerpt":{"rendered":"<p>Grifo de bidet empotrado con dise\u00f1o redondo y elegante acabado  [&#8230;]<\/p>\n","protected":false},"featured_media":12969,"template":"","meta":[],"product_brand":[],"product_cat":[54,59],"product_tag":[],"serie":[401],"manual-de-instalacion":[88],"color":[34],"class_list":{"0":"post-12905","1":"product","2":"type-product","3":"status-publish","4":"has-post-thumbnail","6":"product_cat-grifos-de-bidet","7":"product_cat-grifos-de-bidet-empotrados","8":"serie-ofin","9":"manual-de-instalacion-guia-instalacion-bide-empotrado","10":"color-dorado-cepillado","12":"first","13":"instock","14":"taxable","15":"shipping-taxable","16":"product-type-simple"},"_links":{"self":[{"href":"https:\/\/www.valaz.es\/en\/wp-json\/wp\/v2\/product\/12905","targetHints":{"allow":["GET"]}}],"collection":[{"href":"https:\/\/www.valaz.es\/en\/wp-json\/wp\/v2\/product"}],"about":[{"href":"https:\/\/www.valaz.es\/en\/wp-json\/wp\/v2\/types\/product"}],"wp:featuredmedia":[{"embeddable":true,"href":"https:\/\/www.valaz.es\/en\/wp-json\/wp\/v2\/media\/12969"}],"wp:attachment":[{"href":"https:\/\/www.valaz.es\/en\/wp-json\/wp\/v2\/media?parent=12905"}],"wp:term":[{"taxonomy":"product_brand","embeddable":true,"href":"https:\/\/www.valaz.es\/en\/wp-json\/wp\/v2\/product_brand?post=12905"},{"taxonomy":"product_cat","embeddable":true,"href":"https:\/\/www.valaz.es\/en\/wp-json\/wp\/v2\/product_cat?post=12905"},{"taxonomy":"product_tag","embeddable":true,"href":"https:\/\/www.valaz.es\/en\/wp-json\/wp\/v2\/product_tag?post=12905"},{"taxonomy":"serie","embeddable":true,"href":"https:\/\/www.valaz.es\/en\/wp-json\/wp\/v2\/serie?post=12905"},{"taxonomy":"manual-de-instalacion","embeddable":true,"href":"https:\/\/www.valaz.es\/en\/wp-json\/wp\/v2\/manual-de-instalacion?post=12905"},{"taxonomy":"color","embeddable":true,"href":"https:\/\/www.valaz.es\/en\/wp-json\/wp\/v2\/color?post=12905"}],"curies":[{"name":"wp","href":"https:\/\/api.w.org\/{rel}","templated":true}]}}