{"id":12904,"date":"2024-09-12T15:16:59","date_gmt":"2024-09-12T13:16:59","guid":{"rendered":"https:\/\/www.valaz.es\/?post_type=product&#038;p=12904"},"modified":"2026-04-21T11:12:49","modified_gmt":"2026-04-21T09:12:49","slug":"grifo-de-lavabo-empotrado-redondo-monomando-dorado-cepillado-acabado-maneta-luxury-con-cano-21cm-serie-ofin","status":"publish","type":"product","link":"https:\/\/www.valaz.es\/en\/product\/grifo-de-lavabo-empotrado-redondo-monomando-dorado-cepillado-acabado-maneta-luxury-con-cano-21cm-serie-ofin\/","title":{"rendered":"Grifo de lavabo empotrado redondo monomando dorado cepillado acabado maneta luxury con ca\u00f1o 21cm &#8211; Serie Ofin"},"content":{"rendered":"<p class=\"\" data-start=\"116\" data-end=\"461\">Este grifo de lavabo empotrado de la serie Ofin combina un dise\u00f1o redondo con un acabado dorado cepillado de lujo. Su maneta luxury proporciona un control preciso del flujo de agua. Con un ca\u00f1o de 21 cm, es la opci\u00f3n perfecta para a\u00f1adir un toque sofisticado a tu ba\u00f1o, combinando est\u00e9tica y funcionalidad en un solo producto.<\/p>\n<p class=\"\" data-start=\"463\" data-end=\"486\"><strong data-start=\"463\" data-end=\"484\">Especificaciones:<\/strong><\/p>\n<ul data-start=\"487\" data-end=\"769\">\n<li class=\"\" data-start=\"487\" data-end=\"542\">\n<p class=\"\" data-start=\"489\" data-end=\"542\"><strong data-start=\"489\" data-end=\"507\">Tipo de grifo:<\/strong> Monomando empotrado para lavabo.<\/p>\n<\/li>\n<li class=\"\" data-start=\"543\" data-end=\"669\">\n<p class=\"\" data-start=\"545\" data-end=\"562\"><strong data-start=\"545\" data-end=\"560\">Materiales:<\/strong><\/p>\n<ul data-start=\"565\" data-end=\"669\">\n<li class=\"\" data-start=\"565\" data-end=\"597\">\n<p class=\"\" data-start=\"567\" data-end=\"597\">Cuerpo de grifer\u00eda de lat\u00f3n.<\/p>\n<\/li>\n<li class=\"\" data-start=\"600\" data-end=\"622\">\n<p class=\"\" data-start=\"602\" data-end=\"622\">Cartucho cer\u00e1mico.<\/p>\n<\/li>\n<li class=\"\" data-start=\"625\" data-end=\"669\">\n<p class=\"\" data-start=\"627\" data-end=\"669\">Grifo mezclador de agua fr\u00eda y caliente.<\/p>\n<\/li>\n<\/ul>\n<\/li>\n<li class=\"\" data-start=\"670\" data-end=\"690\">\n<p class=\"\" data-start=\"672\" data-end=\"690\"><strong data-start=\"672\" data-end=\"681\">Ca\u00f1o:<\/strong> 21 cm.<\/p>\n<\/li>\n<li class=\"\" data-start=\"691\" data-end=\"744\">\n<p class=\"\" data-start=\"693\" data-end=\"744\"><strong data-start=\"693\" data-end=\"705\">Acabado:<\/strong> Dorado cepillado con protecci\u00f3n PVD.<\/p>\n<\/li>\n<li class=\"\" data-start=\"745\" data-end=\"769\">\n<p class=\"\" data-start=\"747\" data-end=\"769\"><strong data-start=\"747\" data-end=\"760\">Conexi\u00f3n:<\/strong> 1\/2&#8221;.<\/p>\n<\/li>\n<\/ul>\n<p class=\"\" data-start=\"771\" data-end=\"904\">Este grifo es ideal para quienes buscan un dise\u00f1o elegante y un funcionamiento duradero, proporcionando un toque de lujo a su lavabo.<\/p>\n","protected":false},"excerpt":{"rendered":"<p>Este grifo de lavabo empotrado de la serie Ofin combina  [&#8230;]<\/p>\n","protected":false},"featured_media":13142,"template":"","meta":[],"product_brand":[],"product_cat":[48,58],"product_tag":[],"serie":[401],"manual-de-instalacion":[80],"color":[34],"class_list":{"0":"post-12904","1":"product","2":"type-product","3":"status-publish","4":"has-post-thumbnail","6":"product_cat-grifos-de-lavabo","7":"product_cat-grifos-de-lavabo-empotrados","8":"serie-ofin","9":"manual-de-instalacion-guia-instalacion-grifo-lavabo-empotrado-con-caja","10":"color-dorado-cepillado","12":"first","13":"instock","14":"taxable","15":"shipping-taxable","16":"product-type-simple"},"_links":{"self":[{"href":"https:\/\/www.valaz.es\/en\/wp-json\/wp\/v2\/product\/12904","targetHints":{"allow":["GET"]}}],"collection":[{"href":"https:\/\/www.valaz.es\/en\/wp-json\/wp\/v2\/product"}],"about":[{"href":"https:\/\/www.valaz.es\/en\/wp-json\/wp\/v2\/types\/product"}],"wp:featuredmedia":[{"embeddable":true,"href":"https:\/\/www.valaz.es\/en\/wp-json\/wp\/v2\/media\/13142"}],"wp:attachment":[{"href":"https:\/\/www.valaz.es\/en\/wp-json\/wp\/v2\/media?parent=12904"}],"wp:term":[{"taxonomy":"product_brand","embeddable":true,"href":"https:\/\/www.valaz.es\/en\/wp-json\/wp\/v2\/product_brand?post=12904"},{"taxonomy":"product_cat","embeddable":true,"href":"https:\/\/www.valaz.es\/en\/wp-json\/wp\/v2\/product_cat?post=12904"},{"taxonomy":"product_tag","embeddable":true,"href":"https:\/\/www.valaz.es\/en\/wp-json\/wp\/v2\/product_tag?post=12904"},{"taxonomy":"serie","embeddable":true,"href":"https:\/\/www.valaz.es\/en\/wp-json\/wp\/v2\/serie?post=12904"},{"taxonomy":"manual-de-instalacion","embeddable":true,"href":"https:\/\/www.valaz.es\/en\/wp-json\/wp\/v2\/manual-de-instalacion?post=12904"},{"taxonomy":"color","embeddable":true,"href":"https:\/\/www.valaz.es\/en\/wp-json\/wp\/v2\/color?post=12904"}],"curies":[{"name":"wp","href":"https:\/\/api.w.org\/{rel}","templated":true}]}}