{"id":12902,"date":"2024-09-11T11:52:37","date_gmt":"2024-09-11T09:52:37","guid":{"rendered":"https:\/\/www.valaz.es\/?post_type=product&#038;p=12902"},"modified":"2025-09-03T16:26:20","modified_gmt":"2025-09-03T14:26:20","slug":"grifo-de-lavabo-empotrado-redondo-monomando-cromado-acabado-maneta-luxury-con-cano-21cm-serie-ofin","status":"publish","type":"product","link":"https:\/\/www.valaz.es\/en\/product\/grifo-de-lavabo-empotrado-redondo-monomando-cromado-acabado-maneta-luxury-con-cano-21cm-serie-ofin\/","title":{"rendered":"Grifo de lavabo empotrado redondo monomando cromado acabado maneta luxury con ca\u00f1o 21cm- Serie Ofin"},"content":{"rendered":"<p class=\"\" data-start=\"106\" data-end=\"436\">Este grifo de lavabo empotrado de la serie Ofin presenta un dise\u00f1o redondo con un acabado cromado brillante. Su maneta luxury permite un ajuste preciso del caudal de agua, mientras que su ca\u00f1o de 21 cm ofrece comodidad y funcionalidad para el uso diario. Perfecto para dar un toque moderno y elegante a tu ba\u00f1o.<\/p>\n<p class=\"\" data-start=\"438\" data-end=\"461\"><strong data-start=\"438\" data-end=\"459\">Especificaciones:<\/strong><\/p>\n<ul data-start=\"462\" data-end=\"705\">\n<li class=\"\" data-start=\"462\" data-end=\"542\">\n<p class=\"\" data-start=\"464\" data-end=\"542\"><strong data-start=\"464\" data-end=\"482\">Tipo de grifo:<\/strong> Empotrado, monomando (mezclador de agua fr\u00eda y caliente).<\/p>\n<\/li>\n<li class=\"\" data-start=\"543\" data-end=\"622\">\n<p class=\"\" data-start=\"545\" data-end=\"562\"><strong data-start=\"545\" data-end=\"560\">Materiales:<\/strong><\/p>\n<ul data-start=\"565\" data-end=\"622\">\n<li class=\"\" data-start=\"565\" data-end=\"597\">\n<p class=\"\" data-start=\"567\" data-end=\"597\">Cuerpo de grifer\u00eda de lat\u00f3n.<\/p>\n<\/li>\n<li class=\"\" data-start=\"600\" data-end=\"622\">\n<p class=\"\" data-start=\"602\" data-end=\"622\">Cartucho cer\u00e1mico.<\/p>\n<\/li>\n<\/ul>\n<\/li>\n<li class=\"\" data-start=\"623\" data-end=\"643\">\n<p class=\"\" data-start=\"625\" data-end=\"643\"><strong data-start=\"625\" data-end=\"634\">Ca\u00f1o:<\/strong> 21 cm.<\/p>\n<\/li>\n<li class=\"\" data-start=\"644\" data-end=\"669\">\n<p class=\"\" data-start=\"646\" data-end=\"669\"><strong data-start=\"646\" data-end=\"658\">Acabado:<\/strong> Cromado.<\/p>\n<\/li>\n<li class=\"\" data-start=\"670\" data-end=\"705\">\n<p class=\"\" data-start=\"672\" data-end=\"705\"><strong data-start=\"672\" data-end=\"688\">Latiguillos:<\/strong> 3\/8 incluidos.<\/p>\n<\/li>\n<\/ul>\n<p class=\"\" data-start=\"707\" data-end=\"855\">Este grifo est\u00e1 dise\u00f1ado para ser una opci\u00f3n duradera y est\u00e9tica para lavabos, combinando un estilo contempor\u00e1neo con una funcionalidad excepcional.<\/p>\n","protected":false},"excerpt":{"rendered":"<p>Este grifo de lavabo empotrado de la serie Ofin presenta  [&#8230;]<\/p>\n","protected":false},"featured_media":13130,"template":"","meta":[],"product_brand":[],"product_cat":[48,58],"product_tag":[],"serie":[401],"manual-de-instalacion":[80],"color":[26],"class_list":{"0":"post-12902","1":"product","2":"type-product","3":"status-publish","4":"has-post-thumbnail","6":"product_cat-grifos-de-lavabo","7":"product_cat-grifos-de-lavabo-empotrados","8":"serie-ofin","9":"manual-de-instalacion-guia-instalacion-grifo-lavabo-empotrado-con-caja","10":"color-cromo","12":"first","13":"instock","14":"taxable","15":"shipping-taxable","16":"product-type-simple"},"_links":{"self":[{"href":"https:\/\/www.valaz.es\/en\/wp-json\/wp\/v2\/product\/12902","targetHints":{"allow":["GET"]}}],"collection":[{"href":"https:\/\/www.valaz.es\/en\/wp-json\/wp\/v2\/product"}],"about":[{"href":"https:\/\/www.valaz.es\/en\/wp-json\/wp\/v2\/types\/product"}],"wp:featuredmedia":[{"embeddable":true,"href":"https:\/\/www.valaz.es\/en\/wp-json\/wp\/v2\/media\/13130"}],"wp:attachment":[{"href":"https:\/\/www.valaz.es\/en\/wp-json\/wp\/v2\/media?parent=12902"}],"wp:term":[{"taxonomy":"product_brand","embeddable":true,"href":"https:\/\/www.valaz.es\/en\/wp-json\/wp\/v2\/product_brand?post=12902"},{"taxonomy":"product_cat","embeddable":true,"href":"https:\/\/www.valaz.es\/en\/wp-json\/wp\/v2\/product_cat?post=12902"},{"taxonomy":"product_tag","embeddable":true,"href":"https:\/\/www.valaz.es\/en\/wp-json\/wp\/v2\/product_tag?post=12902"},{"taxonomy":"serie","embeddable":true,"href":"https:\/\/www.valaz.es\/en\/wp-json\/wp\/v2\/serie?post=12902"},{"taxonomy":"manual-de-instalacion","embeddable":true,"href":"https:\/\/www.valaz.es\/en\/wp-json\/wp\/v2\/manual-de-instalacion?post=12902"},{"taxonomy":"color","embeddable":true,"href":"https:\/\/www.valaz.es\/en\/wp-json\/wp\/v2\/color?post=12902"}],"curies":[{"name":"wp","href":"https:\/\/api.w.org\/{rel}","templated":true}]}}