{"id":12852,"date":"2024-09-12T09:25:38","date_gmt":"2024-09-12T07:25:38","guid":{"rendered":"https:\/\/www.valaz.es\/?post_type=product&#038;p=12852"},"modified":"2026-04-07T10:22:26","modified_gmt":"2026-04-07T08:22:26","slug":"grifo-de-bidet-empotrado-redondo-oro-mate-con-proteccion-pvd-acabado-maneta-luxury-serie-torina","status":"publish","type":"product","link":"https:\/\/www.valaz.es\/en\/product\/grifo-de-bidet-empotrado-redondo-oro-mate-con-proteccion-pvd-acabado-maneta-luxury-serie-torina\/","title":{"rendered":"Grifo de bidet empotrado redondo oro mate con protecci\u00f3n PVD acabado maneta luxury &#8211; Serie Torina"},"content":{"rendered":"<p class=\"\" data-start=\"103\" data-end=\"452\">Este grifo de bidet empotrado de la serie Torina, con acabado en oro mate y protecci\u00f3n PVD, ofrece una apariencia elegante y moderna. Su dise\u00f1o redondo y la maneta luxury permiten un control preciso del agua fr\u00eda y caliente, convirti\u00e9ndolo en una opci\u00f3n ideal para aquellos que buscan tanto est\u00e9tica como funcionalidad en su ba\u00f1o.<\/p>\n<p class=\"\" data-start=\"454\" data-end=\"477\"><strong data-start=\"454\" data-end=\"475\">Especificaciones:<\/strong><\/p>\n<ul data-start=\"478\" data-end=\"765\">\n<li class=\"\" data-start=\"478\" data-end=\"542\">\n<p class=\"\" data-start=\"480\" data-end=\"542\"><strong data-start=\"480\" data-end=\"498\">Tipo de grifo:<\/strong> Empotrado, 2 v\u00edas (agua fr\u00eda y caliente).<\/p>\n<\/li>\n<li class=\"\" data-start=\"543\" data-end=\"665\">\n<p class=\"\" data-start=\"545\" data-end=\"562\"><strong data-start=\"545\" data-end=\"560\">Materiales:<\/strong><\/p>\n<ul data-start=\"565\" data-end=\"665\">\n<li class=\"\" data-start=\"565\" data-end=\"597\">\n<p class=\"\" data-start=\"567\" data-end=\"597\">Cuerpo de grifer\u00eda de lat\u00f3n.<\/p>\n<\/li>\n<li class=\"\" data-start=\"600\" data-end=\"622\">\n<p class=\"\" data-start=\"602\" data-end=\"622\">Cartucho cer\u00e1mico.<\/p>\n<\/li>\n<li class=\"\" data-start=\"625\" data-end=\"665\">\n<p class=\"\" data-start=\"627\" data-end=\"665\">Flexo de PVC de 150 cm.<\/p>\n<\/li>\n<\/ul>\n<\/li>\n<li class=\"\" data-start=\"666\" data-end=\"689\">\n<p class=\"\" data-start=\"668\" data-end=\"689\"><strong data-start=\"668\" data-end=\"681\">Conexi\u00f3n:<\/strong> G1\/2.<\/p>\n<\/li>\n<li class=\"\" data-start=\"690\" data-end=\"719\">\n<p class=\"\" data-start=\"692\" data-end=\"719\"><strong data-start=\"692\" data-end=\"704\">Presi\u00f3n:<\/strong> 0.1-1.0 Mpa.<\/p>\n<\/li>\n<li class=\"\" data-start=\"720\" data-end=\"765\">\n<p class=\"\" data-start=\"722\" data-end=\"765\"><strong data-start=\"722\" data-end=\"734\">Acabado:<\/strong> Oro mate con protecci\u00f3n PVD.<\/p>\n<\/li>\n<li data-start=\"720\" data-end=\"765\"><strong>Incluye:<\/strong> Cuerpo empotrable<\/li>\n<\/ul>\n<p class=\"\" data-start=\"767\" data-end=\"873\">Este grifo es perfecto para quienes buscan un dise\u00f1o sofisticado y una durabilidad excepcional en su ba\u00f1o.<\/p>\n","protected":false},"excerpt":{"rendered":"<p>Este grifo de bidet empotrado de la serie Torina, con  [&#8230;]<\/p>\n","protected":false},"featured_media":12941,"template":"","meta":[],"product_brand":[],"product_cat":[59],"product_tag":[],"serie":[397],"manual-de-instalacion":[88],"color":[350],"class_list":{"0":"post-12852","1":"product","2":"type-product","3":"status-publish","4":"has-post-thumbnail","6":"product_cat-grifos-de-bidet-empotrados","7":"serie-torina","8":"manual-de-instalacion-guia-instalacion-bide-empotrado","9":"color-oro-mate-cepillado","11":"first","12":"instock","13":"taxable","14":"shipping-taxable","15":"product-type-simple"},"_links":{"self":[{"href":"https:\/\/www.valaz.es\/en\/wp-json\/wp\/v2\/product\/12852","targetHints":{"allow":["GET"]}}],"collection":[{"href":"https:\/\/www.valaz.es\/en\/wp-json\/wp\/v2\/product"}],"about":[{"href":"https:\/\/www.valaz.es\/en\/wp-json\/wp\/v2\/types\/product"}],"wp:featuredmedia":[{"embeddable":true,"href":"https:\/\/www.valaz.es\/en\/wp-json\/wp\/v2\/media\/12941"}],"wp:attachment":[{"href":"https:\/\/www.valaz.es\/en\/wp-json\/wp\/v2\/media?parent=12852"}],"wp:term":[{"taxonomy":"product_brand","embeddable":true,"href":"https:\/\/www.valaz.es\/en\/wp-json\/wp\/v2\/product_brand?post=12852"},{"taxonomy":"product_cat","embeddable":true,"href":"https:\/\/www.valaz.es\/en\/wp-json\/wp\/v2\/product_cat?post=12852"},{"taxonomy":"product_tag","embeddable":true,"href":"https:\/\/www.valaz.es\/en\/wp-json\/wp\/v2\/product_tag?post=12852"},{"taxonomy":"serie","embeddable":true,"href":"https:\/\/www.valaz.es\/en\/wp-json\/wp\/v2\/serie?post=12852"},{"taxonomy":"manual-de-instalacion","embeddable":true,"href":"https:\/\/www.valaz.es\/en\/wp-json\/wp\/v2\/manual-de-instalacion?post=12852"},{"taxonomy":"color","embeddable":true,"href":"https:\/\/www.valaz.es\/en\/wp-json\/wp\/v2\/color?post=12852"}],"curies":[{"name":"wp","href":"https:\/\/api.w.org\/{rel}","templated":true}]}}