{"id":12850,"date":"2024-09-17T15:37:01","date_gmt":"2024-09-17T13:37:01","guid":{"rendered":"https:\/\/www.valaz.es\/?post_type=product&#038;p=12850"},"modified":"2026-04-23T11:23:15","modified_gmt":"2026-04-23T09:23:15","slug":"grifo-de-bidet-empotrado-redondo-cromado-acabado-maneta-luxury-serie-torina","status":"publish","type":"product","link":"https:\/\/www.valaz.es\/en\/product\/grifo-de-bidet-empotrado-redondo-cromado-acabado-maneta-luxury-serie-torina\/","title":{"rendered":"Grifo de bidet empotrado redondo cromado acabado maneta luxury &#8211; Serie Torina"},"content":{"rendered":"<p class=\"\" data-start=\"83\" data-end=\"299\">Grifo de bidet empotrado con dise\u00f1o redondo y acabado cromado. Su maneta luxury ofrece un control preciso del flujo de agua caliente y fr\u00eda, siendo una opci\u00f3n ideal para un ba\u00f1o moderno y elegante.<\/p>\n<p class=\"\" data-start=\"301\" data-end=\"324\"><strong data-start=\"301\" data-end=\"322\">Especificaciones:<\/strong><\/p>\n<ul data-start=\"325\" data-end=\"558\">\n<li class=\"\" data-start=\"325\" data-end=\"379\">\n<p class=\"\" data-start=\"327\" data-end=\"379\"><strong data-start=\"327\" data-end=\"345\">Tipo de grifo:<\/strong> Bimando (agua fr\u00eda y caliente).<\/p>\n<\/li>\n<li class=\"\" data-start=\"380\" data-end=\"435\">\n<p class=\"\" data-start=\"382\" data-end=\"435\"><strong data-start=\"382\" data-end=\"397\">Materiales:<\/strong> Cuerpo de lat\u00f3n, cartucho cer\u00e1mico.<\/p>\n<\/li>\n<li class=\"\" data-start=\"436\" data-end=\"459\">\n<p class=\"\" data-start=\"438\" data-end=\"459\"><strong data-start=\"438\" data-end=\"451\">Conexi\u00f3n:<\/strong> G1\/2.<\/p>\n<\/li>\n<li class=\"\" data-start=\"460\" data-end=\"502\">\n<p class=\"\" data-start=\"462\" data-end=\"502\"><strong data-start=\"462\" data-end=\"472\">Flexo:<\/strong> Acero inoxidable de 150 cm.<\/p>\n<\/li>\n<li class=\"\" data-start=\"503\" data-end=\"532\">\n<p class=\"\" data-start=\"505\" data-end=\"532\"><strong data-start=\"505\" data-end=\"517\">Presi\u00f3n:<\/strong> 0.1-1.0 MPa.<\/p>\n<\/li>\n<li class=\"\" data-start=\"533\" data-end=\"558\">\n<p class=\"\" data-start=\"535\" data-end=\"558\"><strong data-start=\"535\" data-end=\"547\">Acabado:<\/strong> Cromado.<\/p>\n<\/li>\n<li><strong>Incluye:<\/strong> Cuerpo empotrable<\/li>\n<\/ul>\n","protected":false},"excerpt":{"rendered":"<p>Grifo de bidet empotrado con dise\u00f1o redondo y acabado cromado.  [&#8230;]<\/p>\n","protected":false},"featured_media":12933,"template":"","meta":[],"product_brand":[],"product_cat":[54,59],"product_tag":[],"serie":[397],"manual-de-instalacion":[88],"color":[26],"class_list":{"0":"post-12850","1":"product","2":"type-product","3":"status-publish","4":"has-post-thumbnail","6":"product_cat-grifos-de-bidet","7":"product_cat-grifos-de-bidet-empotrados","8":"serie-torina","9":"manual-de-instalacion-guia-instalacion-bide-empotrado","10":"color-cromo","12":"first","13":"instock","14":"taxable","15":"shipping-taxable","16":"product-type-simple"},"_links":{"self":[{"href":"https:\/\/www.valaz.es\/en\/wp-json\/wp\/v2\/product\/12850","targetHints":{"allow":["GET"]}}],"collection":[{"href":"https:\/\/www.valaz.es\/en\/wp-json\/wp\/v2\/product"}],"about":[{"href":"https:\/\/www.valaz.es\/en\/wp-json\/wp\/v2\/types\/product"}],"wp:featuredmedia":[{"embeddable":true,"href":"https:\/\/www.valaz.es\/en\/wp-json\/wp\/v2\/media\/12933"}],"wp:attachment":[{"href":"https:\/\/www.valaz.es\/en\/wp-json\/wp\/v2\/media?parent=12850"}],"wp:term":[{"taxonomy":"product_brand","embeddable":true,"href":"https:\/\/www.valaz.es\/en\/wp-json\/wp\/v2\/product_brand?post=12850"},{"taxonomy":"product_cat","embeddable":true,"href":"https:\/\/www.valaz.es\/en\/wp-json\/wp\/v2\/product_cat?post=12850"},{"taxonomy":"product_tag","embeddable":true,"href":"https:\/\/www.valaz.es\/en\/wp-json\/wp\/v2\/product_tag?post=12850"},{"taxonomy":"serie","embeddable":true,"href":"https:\/\/www.valaz.es\/en\/wp-json\/wp\/v2\/serie?post=12850"},{"taxonomy":"manual-de-instalacion","embeddable":true,"href":"https:\/\/www.valaz.es\/en\/wp-json\/wp\/v2\/manual-de-instalacion?post=12850"},{"taxonomy":"color","embeddable":true,"href":"https:\/\/www.valaz.es\/en\/wp-json\/wp\/v2\/color?post=12850"}],"curies":[{"name":"wp","href":"https:\/\/api.w.org\/{rel}","templated":true}]}}