{"id":12827,"date":"2024-08-30T09:52:52","date_gmt":"2024-08-30T07:52:52","guid":{"rendered":"https:\/\/www.valaz.es\/?post_type=product&#038;p=12827"},"modified":"2025-06-30T17:20:58","modified_gmt":"2025-06-30T15:20:58","slug":"barra-de-ducha-monomando-cuadrada-ajustable-hasta-120cm-negro-mate-serie-vinalopo","status":"publish","type":"product","link":"https:\/\/www.valaz.es\/en\/product\/barra-de-ducha-monomando-cuadrada-ajustable-hasta-120cm-negro-mate-serie-vinalopo\/","title":{"rendered":"Barra de ducha monomando cuadrada ajustable hasta 120CM negro mate &#8211; Serie Vinalopo"},"content":{"rendered":"<p class=\"\" data-start=\"210\" data-end=\"539\">La barra de ducha monomando cuadrada de la serie Vinalopo es una opci\u00f3n moderna y elegante para tu ba\u00f1o. Su dise\u00f1o en negro mate aporta un toque sofisticado, mientras que sus materiales de alta durabilidad garantizan un rendimiento duradero y eficiente. Ideal para aquellos que buscan una experiencia de ducha c\u00f3moda y funcional.<\/p>\n<p class=\"\" data-start=\"541\" data-end=\"562\"><strong data-start=\"541\" data-end=\"562\">Especificaciones:<\/strong><\/p>\n<ul data-start=\"564\" data-end=\"1067\">\n<li class=\"\" data-start=\"564\" data-end=\"739\">\n<p class=\"\" data-start=\"566\" data-end=\"581\"><strong data-start=\"566\" data-end=\"580\">Materiales<\/strong>:<\/p>\n<ul data-start=\"584\" data-end=\"739\">\n<li class=\"\" data-start=\"584\" data-end=\"610\">\n<p class=\"\" data-start=\"586\" data-end=\"610\">Rociador de acero SUS304<\/p>\n<\/li>\n<li class=\"\" data-start=\"613\" data-end=\"636\">\n<p class=\"\" data-start=\"615\" data-end=\"636\">Barra de acero SUS201<\/p>\n<\/li>\n<li class=\"\" data-start=\"639\" data-end=\"671\">\n<p class=\"\" data-start=\"641\" data-end=\"671\">Cuerpo de la grifer\u00eda de lat\u00f3n<\/p>\n<\/li>\n<li class=\"\" data-start=\"674\" data-end=\"693\">\n<p class=\"\" data-start=\"676\" data-end=\"693\">Cartucho cer\u00e1mico<\/p>\n<\/li>\n<li class=\"\" data-start=\"696\" data-end=\"710\">\n<p class=\"\" data-start=\"698\" data-end=\"710\">Flexo de PVC<\/p>\n<\/li>\n<li class=\"\" data-start=\"713\" data-end=\"739\">\n<p class=\"\" data-start=\"715\" data-end=\"739\">Alcachofa de mano de PVC<\/p>\n<\/li>\n<\/ul>\n<\/li>\n<li class=\"\" data-start=\"741\" data-end=\"766\">\n<p class=\"\" data-start=\"743\" data-end=\"766\"><strong data-start=\"743\" data-end=\"754\">Acabado<\/strong>: Negro mate<\/p>\n<\/li>\n<li class=\"\" data-start=\"768\" data-end=\"961\">\n<p class=\"\" data-start=\"770\" data-end=\"782\"><strong data-start=\"770\" data-end=\"781\">Incluye<\/strong>:<\/p>\n<ul data-start=\"785\" data-end=\"961\">\n<li class=\"\" data-start=\"785\" data-end=\"835\">\n<p class=\"\" data-start=\"787\" data-end=\"835\">Rociador (disponible en tama\u00f1o 20, 25, 30 y 40 cm)<\/p>\n<\/li>\n<li class=\"\" data-start=\"838\" data-end=\"874\">\n<p class=\"\" data-start=\"840\" data-end=\"874\">Barra extensible de 80 cm a 120 cm<\/p>\n<\/li>\n<li class=\"\" data-start=\"877\" data-end=\"931\">\n<p class=\"\" data-start=\"879\" data-end=\"931\">Cuerpo de la grifer\u00eda con cartucho y maneta cuadrada<\/p>\n<\/li>\n<li class=\"\" data-start=\"934\" data-end=\"961\">\n<p class=\"\" data-start=\"936\" data-end=\"961\">Flexo y alcachofa de mano<\/p>\n<\/li>\n<\/ul>\n<\/li>\n<li class=\"\" data-start=\"963\" data-end=\"1067\">\n<p class=\"\" data-start=\"965\" data-end=\"981\"><strong data-start=\"965\" data-end=\"980\">Instalaci\u00f3n<\/strong>:<\/p>\n<ul data-start=\"984\" data-end=\"1067\">\n<li class=\"\" data-start=\"984\" data-end=\"1067\">\n<p class=\"\" data-start=\"986\" data-end=\"1067\">La instalaci\u00f3n entre tomas es de 15 cm est\u00e1ndar.<\/p>\n<\/li>\n<\/ul>\n<\/li>\n<\/ul>\n","protected":false},"excerpt":{"rendered":"<p>La barra de ducha monomando cuadrada de la serie Vinalopo  [&#8230;]<\/p>\n","protected":false},"featured_media":12835,"template":"","meta":[],"product_brand":[],"product_cat":[55],"product_tag":[],"serie":[379],"manual-de-instalacion":[],"color":[27],"class_list":{"0":"post-12827","1":"product","2":"type-product","3":"status-publish","4":"has-post-thumbnail","6":"product_cat-barras-de-ducha","7":"pa_tamano-rociador-20cm","8":"pa_tamano-rociador-25cm","9":"pa_tamano-rociador-30cm","10":"serie-vinalopo","11":"color-negro-mate","13":"first","14":"instock","15":"taxable","16":"shipping-taxable","17":"product-type-variable"},"_links":{"self":[{"href":"https:\/\/www.valaz.es\/en\/wp-json\/wp\/v2\/product\/12827","targetHints":{"allow":["GET"]}}],"collection":[{"href":"https:\/\/www.valaz.es\/en\/wp-json\/wp\/v2\/product"}],"about":[{"href":"https:\/\/www.valaz.es\/en\/wp-json\/wp\/v2\/types\/product"}],"wp:featuredmedia":[{"embeddable":true,"href":"https:\/\/www.valaz.es\/en\/wp-json\/wp\/v2\/media\/12835"}],"wp:attachment":[{"href":"https:\/\/www.valaz.es\/en\/wp-json\/wp\/v2\/media?parent=12827"}],"wp:term":[{"taxonomy":"product_brand","embeddable":true,"href":"https:\/\/www.valaz.es\/en\/wp-json\/wp\/v2\/product_brand?post=12827"},{"taxonomy":"product_cat","embeddable":true,"href":"https:\/\/www.valaz.es\/en\/wp-json\/wp\/v2\/product_cat?post=12827"},{"taxonomy":"product_tag","embeddable":true,"href":"https:\/\/www.valaz.es\/en\/wp-json\/wp\/v2\/product_tag?post=12827"},{"taxonomy":"serie","embeddable":true,"href":"https:\/\/www.valaz.es\/en\/wp-json\/wp\/v2\/serie?post=12827"},{"taxonomy":"manual-de-instalacion","embeddable":true,"href":"https:\/\/www.valaz.es\/en\/wp-json\/wp\/v2\/manual-de-instalacion?post=12827"},{"taxonomy":"color","embeddable":true,"href":"https:\/\/www.valaz.es\/en\/wp-json\/wp\/v2\/color?post=12827"}],"curies":[{"name":"wp","href":"https:\/\/api.w.org\/{rel}","templated":true}]}}