{"id":12815,"date":"2024-08-30T09:46:52","date_gmt":"2024-08-30T07:46:52","guid":{"rendered":"https:\/\/www.valaz.es\/?post_type=product&#038;p=12815"},"modified":"2026-02-09T20:23:14","modified_gmt":"2026-02-09T19:23:14","slug":"barra-de-ducha-monomando-cuadrada-ajustable-hasta-120cm-cromada-serie-vinalopo","status":"publish","type":"product","link":"https:\/\/www.valaz.es\/en\/product\/barra-de-ducha-monomando-cuadrada-ajustable-hasta-120cm-cromada-serie-vinalopo\/","title":{"rendered":"Barra de ducha monomando cuadrada ajustable hasta 120CM cromada &#8211; Serie Vinalopo"},"content":{"rendered":"<p class=\"\" data-start=\"0\" data-end=\"424\">Barra de ducha monomando cuadrada cromada, ideal para quienes buscan un dise\u00f1o moderno y elegante para su ba\u00f1o. Con un acabado cromado que asegura durabilidad y resistencia a la corrosi\u00f3n, esta barra de ducha proporciona una experiencia funcional y est\u00e9tica. El sistema monomando permite un control preciso y sencillo del agua, mientras que la barra ajustable se adapta a diferentes necesidades de altura.<\/p>\n<p class=\"\" data-start=\"426\" data-end=\"447\"><strong data-start=\"426\" data-end=\"446\">Especificaciones<\/strong>:<\/p>\n<ul data-start=\"449\" data-end=\"842\">\n<li class=\"\" data-start=\"449\" data-end=\"484\">\n<p class=\"\" data-start=\"451\" data-end=\"484\"><strong data-start=\"451\" data-end=\"474\">Tipo de instalaci\u00f3n<\/strong>: De pared<\/p>\n<\/li>\n<li class=\"\" data-start=\"485\" data-end=\"672\">\n<p class=\"\" data-start=\"487\" data-end=\"504\"><strong data-start=\"487\" data-end=\"501\">Materiales<\/strong>:<\/p>\n<ul data-start=\"507\" data-end=\"672\">\n<li class=\"\" data-start=\"507\" data-end=\"535\">\n<p class=\"\" data-start=\"509\" data-end=\"535\">Rociador de acero SUS304<\/p>\n<\/li>\n<li class=\"\" data-start=\"538\" data-end=\"563\">\n<p class=\"\" data-start=\"540\" data-end=\"563\">Barra de acero SUS201<\/p>\n<\/li>\n<li class=\"\" data-start=\"566\" data-end=\"600\">\n<p class=\"\" data-start=\"568\" data-end=\"600\">Cuerpo de la grifer\u00eda de lat\u00f3n<\/p>\n<\/li>\n<li class=\"\" data-start=\"603\" data-end=\"624\">\n<p class=\"\" data-start=\"605\" data-end=\"624\">Cartucho cer\u00e1mico<\/p>\n<\/li>\n<li class=\"\" data-start=\"627\" data-end=\"643\">\n<p class=\"\" data-start=\"629\" data-end=\"643\">Flexo de Acero inoxidable<\/p>\n<\/li>\n<li class=\"\" data-start=\"646\" data-end=\"672\">\n<p class=\"\" data-start=\"648\" data-end=\"672\">Alcachofa de mano de PVC<\/p>\n<\/li>\n<\/ul>\n<\/li>\n<li class=\"\" data-start=\"673\" data-end=\"697\">\n<p class=\"\" data-start=\"675\" data-end=\"697\"><strong data-start=\"675\" data-end=\"686\">Acabado<\/strong>: Cromado<\/p>\n<\/li>\n<li class=\"\" data-start=\"698\" data-end=\"738\">\n<p class=\"\" data-start=\"700\" data-end=\"738\"><strong data-start=\"700\" data-end=\"719\">Barra ajustable<\/strong>: De 80 cm a 120 cm<\/p>\n<\/li>\n<li class=\"\" data-start=\"739\" data-end=\"842\">\n<p class=\"\" data-start=\"741\" data-end=\"757\"><strong data-start=\"741\" data-end=\"754\">Funciones<\/strong>:<\/p>\n<ul data-start=\"760\" data-end=\"842\">\n<li class=\"\" data-start=\"760\" data-end=\"811\">\n<p class=\"\" data-start=\"762\" data-end=\"811\">Rociador disponible en tama\u00f1os 20, 25, 30 y 40 cm<\/p>\n<\/li>\n<li class=\"\" data-start=\"814\" data-end=\"842\">\n<p class=\"\" data-start=\"816\" data-end=\"842\">Alcachofa de mano incluida<\/p>\n<\/li>\n<\/ul>\n<\/li>\n<\/ul>\n<p class=\"\" data-start=\"844\" data-end=\"943\"><strong data-start=\"844\" data-end=\"859\">Instalaci\u00f3n<\/strong>:<br data-start=\"860\" data-end=\"863\" \/>La instalaci\u00f3n se realiza con una distancia est\u00e1ndar de 15 cm entre las tomas.<\/p>\n","protected":false},"excerpt":{"rendered":"<p>Barra de ducha monomando cuadrada cromada, ideal para quienes buscan  [&#8230;]<\/p>\n","protected":false},"featured_media":12819,"template":"","meta":[],"product_brand":[],"product_cat":[55],"product_tag":[],"serie":[379],"manual-de-instalacion":[],"color":[26],"class_list":{"0":"post-12815","1":"product","2":"type-product","3":"status-publish","4":"has-post-thumbnail","6":"product_cat-barras-de-ducha","7":"pa_tamano-rociador-20cm","8":"pa_tamano-rociador-25cm","9":"pa_tamano-rociador-30cm","10":"serie-vinalopo","11":"color-cromo","13":"first","14":"instock","15":"taxable","16":"shipping-taxable","17":"product-type-variable"},"_links":{"self":[{"href":"https:\/\/www.valaz.es\/en\/wp-json\/wp\/v2\/product\/12815","targetHints":{"allow":["GET"]}}],"collection":[{"href":"https:\/\/www.valaz.es\/en\/wp-json\/wp\/v2\/product"}],"about":[{"href":"https:\/\/www.valaz.es\/en\/wp-json\/wp\/v2\/types\/product"}],"wp:featuredmedia":[{"embeddable":true,"href":"https:\/\/www.valaz.es\/en\/wp-json\/wp\/v2\/media\/12819"}],"wp:attachment":[{"href":"https:\/\/www.valaz.es\/en\/wp-json\/wp\/v2\/media?parent=12815"}],"wp:term":[{"taxonomy":"product_brand","embeddable":true,"href":"https:\/\/www.valaz.es\/en\/wp-json\/wp\/v2\/product_brand?post=12815"},{"taxonomy":"product_cat","embeddable":true,"href":"https:\/\/www.valaz.es\/en\/wp-json\/wp\/v2\/product_cat?post=12815"},{"taxonomy":"product_tag","embeddable":true,"href":"https:\/\/www.valaz.es\/en\/wp-json\/wp\/v2\/product_tag?post=12815"},{"taxonomy":"serie","embeddable":true,"href":"https:\/\/www.valaz.es\/en\/wp-json\/wp\/v2\/serie?post=12815"},{"taxonomy":"manual-de-instalacion","embeddable":true,"href":"https:\/\/www.valaz.es\/en\/wp-json\/wp\/v2\/manual-de-instalacion?post=12815"},{"taxonomy":"color","embeddable":true,"href":"https:\/\/www.valaz.es\/en\/wp-json\/wp\/v2\/color?post=12815"}],"curies":[{"name":"wp","href":"https:\/\/api.w.org\/{rel}","templated":true}]}}