{"id":12795,"date":"2024-09-04T12:05:23","date_gmt":"2024-09-04T10:05:23","guid":{"rendered":"https:\/\/www.valaz.es\/?post_type=product&#038;p=12795"},"modified":"2026-04-02T15:08:25","modified_gmt":"2026-04-02T13:08:25","slug":"grifo-de-lavabo-empotrado-redondo-monomando-oro-mate-con-proteccion-pvd-cano-15cm-serie-guadiana","status":"publish","type":"product","link":"https:\/\/www.valaz.es\/en\/product\/grifo-de-lavabo-empotrado-redondo-monomando-oro-mate-con-proteccion-pvd-cano-15cm-serie-guadiana\/","title":{"rendered":"Grifo de lavabo empotrado redondo monomando oro mate con protecci\u00f3n PVD ca\u00f1o 15CM &#8211; Serie Guadiana"},"content":{"rendered":"<p class=\"\" data-start=\"486\" data-end=\"787\">Este grifo de lavabo empotrado redondo en acabado oro mate con protecci\u00f3n PVD ofrece una soluci\u00f3n elegante y funcional para ba\u00f1os que apuestan por un dise\u00f1o limpio y moderno. Al ir empotrado en la pared, permite un aprovechamiento \u00f3ptimo del espacio y facilita la limpieza de la superficie del lavabo.<\/p>\n<p class=\"\" data-start=\"789\" data-end=\"1096\">Fabricado en lat\u00f3n y protegido con tratamiento PVD, este grifo garantiza una alta resistencia al desgaste, la humedad y los ara\u00f1azos, conservando su est\u00e9tica impecable durante a\u00f1os. El dise\u00f1o monomando permite mezclar el agua fr\u00eda y caliente con un solo gesto, ofreciendo una experiencia c\u00f3moda y eficiente.<\/p>\n<p class=\"\" data-start=\"1098\" data-end=\"1325\">Su ca\u00f1o fijo de 15 cm es ideal para lavabos de sobre encimera o de encastre, aportando una distancia adecuada para el uso diario sin salpicaduras. El cartucho cer\u00e1mico de alta calidad asegura un funcionamiento suave y duradero.<\/p>\n<p class=\"\" data-start=\"1327\" data-end=\"1348\"><strong data-start=\"1327\" data-end=\"1347\">Especificaciones<\/strong>:<\/p>\n<ul data-start=\"1349\" data-end=\"1621\">\n<li class=\"\" data-start=\"1349\" data-end=\"1384\">\n<p class=\"\" data-start=\"1351\" data-end=\"1384\">Tipo: Grifo de lavabo empotrado<\/p>\n<\/li>\n<li class=\"\" data-start=\"1385\" data-end=\"1405\">\n<p class=\"\" data-start=\"1387\" data-end=\"1405\">Formato: Redondo<\/p>\n<\/li>\n<li class=\"\" data-start=\"1406\" data-end=\"1440\">\n<p class=\"\" data-start=\"1408\" data-end=\"1440\">Instalaci\u00f3n: Pared (empotrado)<\/p>\n<\/li>\n<li class=\"\" data-start=\"1441\" data-end=\"1469\">\n<p class=\"\" data-start=\"1443\" data-end=\"1469\">Longitud del ca\u00f1o: 15 cm<\/p>\n<\/li>\n<li class=\"\" data-start=\"1470\" data-end=\"1499\">\n<p class=\"\" data-start=\"1472\" data-end=\"1499\">Material: Cuerpo de lat\u00f3n<\/p>\n<\/li>\n<li class=\"\" data-start=\"1500\" data-end=\"1540\">\n<p class=\"\" data-start=\"1502\" data-end=\"1540\">Acabado: Oro mate con protecci\u00f3n PVD<\/p>\n<\/li>\n<li class=\"\" data-start=\"1541\" data-end=\"1598\">\n<p class=\"\" data-start=\"1543\" data-end=\"1598\">Sistema: Monomando con mezcla de agua fr\u00eda y caliente<\/p>\n<\/li>\n<li class=\"\" data-start=\"1599\" data-end=\"1621\">\n<p class=\"\" data-start=\"1601\" data-end=\"1621\">Cartucho: Cer\u00e1mico<\/p>\n<\/li>\n<\/ul>\n","protected":false},"excerpt":{"rendered":"<p>Este grifo de lavabo empotrado redondo en acabado oro mate  [&#8230;]<\/p>\n","protected":false},"featured_media":12881,"template":"","meta":[],"product_brand":[],"product_cat":[48,58],"product_tag":[],"serie":[63],"manual-de-instalacion":[81],"color":[350],"class_list":{"0":"post-12795","1":"product","2":"type-product","3":"status-publish","4":"has-post-thumbnail","6":"product_cat-grifos-de-lavabo","7":"product_cat-grifos-de-lavabo-empotrados","8":"serie-guadiana","9":"manual-de-instalacion-guia-instalacion-grifo-lavabo-empotrado-sin-caja","10":"color-oro-mate-cepillado","12":"first","13":"outofstock","14":"taxable","15":"shipping-taxable","16":"product-type-simple"},"_links":{"self":[{"href":"https:\/\/www.valaz.es\/en\/wp-json\/wp\/v2\/product\/12795","targetHints":{"allow":["GET"]}}],"collection":[{"href":"https:\/\/www.valaz.es\/en\/wp-json\/wp\/v2\/product"}],"about":[{"href":"https:\/\/www.valaz.es\/en\/wp-json\/wp\/v2\/types\/product"}],"wp:featuredmedia":[{"embeddable":true,"href":"https:\/\/www.valaz.es\/en\/wp-json\/wp\/v2\/media\/12881"}],"wp:attachment":[{"href":"https:\/\/www.valaz.es\/en\/wp-json\/wp\/v2\/media?parent=12795"}],"wp:term":[{"taxonomy":"product_brand","embeddable":true,"href":"https:\/\/www.valaz.es\/en\/wp-json\/wp\/v2\/product_brand?post=12795"},{"taxonomy":"product_cat","embeddable":true,"href":"https:\/\/www.valaz.es\/en\/wp-json\/wp\/v2\/product_cat?post=12795"},{"taxonomy":"product_tag","embeddable":true,"href":"https:\/\/www.valaz.es\/en\/wp-json\/wp\/v2\/product_tag?post=12795"},{"taxonomy":"serie","embeddable":true,"href":"https:\/\/www.valaz.es\/en\/wp-json\/wp\/v2\/serie?post=12795"},{"taxonomy":"manual-de-instalacion","embeddable":true,"href":"https:\/\/www.valaz.es\/en\/wp-json\/wp\/v2\/manual-de-instalacion?post=12795"},{"taxonomy":"color","embeddable":true,"href":"https:\/\/www.valaz.es\/en\/wp-json\/wp\/v2\/color?post=12795"}],"curies":[{"name":"wp","href":"https:\/\/api.w.org\/{rel}","templated":true}]}}