{"id":12777,"date":"2024-08-28T08:31:46","date_gmt":"2024-08-28T06:31:46","guid":{"rendered":"https:\/\/www.valaz.es\/?post_type=product&#038;p=12777"},"modified":"2026-02-05T10:32:05","modified_gmt":"2026-02-05T09:32:05","slug":"grifo-de-bidet-monomando-redondo-cano-recto-oro-mate-con-proteccion-pvd-serie-palancia","status":"publish","type":"product","link":"https:\/\/www.valaz.es\/en\/product\/grifo-de-bidet-monomando-redondo-cano-recto-oro-mate-con-proteccion-pvd-serie-palancia\/","title":{"rendered":"Grifo de bidet monomando redondo ca\u00f1o recto oro mate con protecci\u00f3n PVD &#8211; Serie Palancia"},"content":{"rendered":"<p class=\"\" data-start=\"157\" data-end=\"476\">Este grifo de bidet monomando en acabado oro mate con protecci\u00f3n PVD presenta un dise\u00f1o redondo con ca\u00f1o recto, que combina elegancia y funcionalidad. Ideal para aportar un toque sofisticado a tu ba\u00f1o, este grifo est\u00e1 construido con materiales de alta calidad, asegurando durabilidad y un uso c\u00f3modo.<\/p>\n<p class=\"\" data-start=\"478\" data-end=\"501\"><strong data-start=\"478\" data-end=\"499\">Especificaciones:<\/strong><\/p>\n<ul data-start=\"502\" data-end=\"740\">\n<li class=\"\" data-start=\"502\" data-end=\"534\">\n<p class=\"\" data-start=\"504\" data-end=\"534\"><strong data-start=\"504\" data-end=\"513\">Tipo:<\/strong> Monomando de bidet<\/p>\n<\/li>\n<li class=\"\" data-start=\"535\" data-end=\"631\">\n<p class=\"\" data-start=\"537\" data-end=\"552\"><strong data-start=\"537\" data-end=\"550\">Material:<\/strong><\/p>\n<ul data-start=\"555\" data-end=\"631\">\n<li class=\"\" data-start=\"555\" data-end=\"589\">\n<p class=\"\" data-start=\"557\" data-end=\"589\">Cuerpo de la grifer\u00eda en lat\u00f3n<\/p>\n<\/li>\n<li class=\"\" data-start=\"592\" data-end=\"631\">\n<p class=\"\" data-start=\"594\" data-end=\"631\">Acabado oro mate con protecci\u00f3n PVD<\/p>\n<\/li>\n<\/ul>\n<\/li>\n<li class=\"\" data-start=\"632\" data-end=\"664\">\n<p class=\"\" data-start=\"634\" data-end=\"664\"><strong data-start=\"634\" data-end=\"656\">Cartucho cer\u00e1mico:<\/strong> 35 mm<\/p>\n<\/li>\n<li class=\"\" data-start=\"665\" data-end=\"698\">\n<p class=\"\" data-start=\"667\" data-end=\"698\"><strong data-start=\"667\" data-end=\"680\">Conexi\u00f3n:<\/strong> Latiguillos 3\/8<\/p>\n<\/li>\n<li class=\"\" data-start=\"699\" data-end=\"740\">\n<p class=\"\" data-start=\"701\" data-end=\"740\"><strong data-start=\"701\" data-end=\"724\">Presi\u00f3n de trabajo:<\/strong> 0.1 &#8211; 1.0 Mpa<\/p>\n<\/li>\n<\/ul>\n","protected":false},"excerpt":{"rendered":"<p>Este grifo de bidet monomando en acabado oro mate con  [&#8230;]<\/p>\n","protected":false},"featured_media":12782,"template":"","meta":[],"product_brand":[],"product_cat":[54],"product_tag":[],"serie":[37],"manual-de-instalacion":[83],"color":[350],"class_list":{"0":"post-12777","1":"product","2":"type-product","3":"status-publish","4":"has-post-thumbnail","6":"product_cat-grifos-de-bidet","7":"serie-palancia","8":"manual-de-instalacion-guia-instalacion-grifo-superficie","9":"color-oro-mate-cepillado","11":"first","12":"instock","13":"taxable","14":"shipping-taxable","15":"product-type-simple"},"_links":{"self":[{"href":"https:\/\/www.valaz.es\/en\/wp-json\/wp\/v2\/product\/12777","targetHints":{"allow":["GET"]}}],"collection":[{"href":"https:\/\/www.valaz.es\/en\/wp-json\/wp\/v2\/product"}],"about":[{"href":"https:\/\/www.valaz.es\/en\/wp-json\/wp\/v2\/types\/product"}],"wp:featuredmedia":[{"embeddable":true,"href":"https:\/\/www.valaz.es\/en\/wp-json\/wp\/v2\/media\/12782"}],"wp:attachment":[{"href":"https:\/\/www.valaz.es\/en\/wp-json\/wp\/v2\/media?parent=12777"}],"wp:term":[{"taxonomy":"product_brand","embeddable":true,"href":"https:\/\/www.valaz.es\/en\/wp-json\/wp\/v2\/product_brand?post=12777"},{"taxonomy":"product_cat","embeddable":true,"href":"https:\/\/www.valaz.es\/en\/wp-json\/wp\/v2\/product_cat?post=12777"},{"taxonomy":"product_tag","embeddable":true,"href":"https:\/\/www.valaz.es\/en\/wp-json\/wp\/v2\/product_tag?post=12777"},{"taxonomy":"serie","embeddable":true,"href":"https:\/\/www.valaz.es\/en\/wp-json\/wp\/v2\/serie?post=12777"},{"taxonomy":"manual-de-instalacion","embeddable":true,"href":"https:\/\/www.valaz.es\/en\/wp-json\/wp\/v2\/manual-de-instalacion?post=12777"},{"taxonomy":"color","embeddable":true,"href":"https:\/\/www.valaz.es\/en\/wp-json\/wp\/v2\/color?post=12777"}],"curies":[{"name":"wp","href":"https:\/\/api.w.org\/{rel}","templated":true}]}}